{"id":49123,"date":"2023-07-31T12:46:34","date_gmt":"2023-07-31T05:46:34","guid":{"rendered":"https:\/\/mouldking.store\/shop\/forange-fc4008-leopard-2a7-main-battle-tank-with-352-pieces\/"},"modified":"2023-07-31T12:46:34","modified_gmt":"2023-07-31T05:46:34","slug":"forange-fc4008-leopard-2a7-main-battle-tank-with-352-pieces","status":"publish","type":"product","link":"https:\/\/mouldking.store\/vi\/shop\/forange-fc4008-leopard-2a7-main-battle-tank-with-352-pieces\/","title":{"rendered":"B\u1ed9 m\u00f4 h\u00ecnh xe t\u0103ng chi\u1ebfn \u0111\u1ea5u ch\u1ee7 l\u1ef1c Forang FC4008 Leopard 2A7 g\u1ed3m 352 chi ti\u1ebft."},"content":{"rendered":"<div>\u2705 Forange FC4008 Leopard 2A7 Main Battle Tank<br \/>&nbsp;<br \/>\u2705The Leopard 2A7 is a modern main battle tank (MBT) designed and manufactured by Krauss-Maffei Wegmann (KMW), a German defense company. It is part of the Leopard 2 family of tanks, which has been in service since the 1970s and is widely regarded as one of the most advanced and capable MBTs in the world.<br \/>&nbsp;<br \/>\ud83d\udeab QUAN TR\u1eccNG!&nbsp;<br \/>&nbsp;<br \/>Product Name: Leopard 2A7 Main Battle Tank<br \/>&nbsp;<br \/>Th\u1ec3 lo\u1ea1i: Qu\u00e2n s\u1ef1<br \/>&nbsp;<br \/>This Kit Contains:&nbsp; Forange FC4008<br \/>&nbsp;<br \/>352 pcs Good Quality Bricks&nbsp;<br \/>&nbsp;<br \/>Size: 18.5 \u00d7 7.8 \u00d7 13.2 cm<br \/>&nbsp;<br \/>H\u01b0\u1edbng d\u1eabn th\u1ee7 c\u00f4ng&nbsp;<br \/>&nbsp;<br \/>\ud83d\udcccB\u1ea3n ch\u1ea5t c\u1ee7a nh\u00e2n v\u1eadt ch\u00ednh&nbsp;<br \/>&nbsp;<br \/>Introducing our proud collection named \u201cLeopard 2A7 Main Battle Tank\u201d you should not miss.&nbsp;<\/p>\n<p>&nbsp;The Leopard 2A7 is equipped with a 120mm smoothbore gun, capable of firing various types of ammunition, including armor-piercing fin-stabilized discarding sabot (APFSDS) rounds and high-explosive anti-tank (HEAT) rounds. The tank is also equipped with a coaxial machine gun and a roof-mounted machine gun for anti-infantry and anti-aircraft purposes. The Leopard 2A7 features advanced armor protection, including composite armor and additional modular armor kits. The tank&#8217;s protection level is enhanced further by reactive armor, which can neutralize the impact of incoming projectiles. The tank&#8217;s design also incorporates advanced measures to protect against chemical, biological, radiological, and nuclear (CBRN) threats.<\/p><\/div>","protected":false},"excerpt":{"rendered":"<p>Th\u01b0\u01a1ng hi\u1ec7u: Forange<br \/>\nGi\u1edbi t\u00ednh: Unisex<br \/>\n\u0110\u1ed9 tu\u1ed5i: &gt; 6 tu\u1ed5i<br \/>\nModel Number: FC4008<br \/>\nPh\u00e2n lo\u1ea1i: T\u1eadp h\u1ee3p<br \/>\nH\u00ecnh d\u1ea1ng kh\u1ed1i nh\u1ef1a: G\u1ea1ch t\u1ef1 kh\u00f3a<br \/>\nCh\u1ea5t li\u1ec7u: Nh\u1ef1a<br \/>\nLo\u1ea1i nh\u1ef1a: ABS<br \/>\nBricks Blocks: 352 +<br \/>\nKh\u00f4ng c\u00f3 h\u1ed9p ban \u0111\u1ea7u<\/p>","protected":false},"featured_media":49119,"comment_status":"open","ping_status":"closed","template":"","meta":{"_acf_changed":false},"product_cat":[1350,1357,372,364],"product_tag":[12432,11226,2641,374,485,389],"class_list":["product","first","instock","shipping-taxable","purchasable","product-type-simple"],"acf":[],"_links":{"self":[{"href":"https:\/\/mouldking.store\/vi\/wp-json\/wp\/v2\/product\/49123","targetHints":{"allow":["GET"]}}],"collection":[{"href":"https:\/\/mouldking.store\/vi\/wp-json\/wp\/v2\/product"}],"about":[{"href":"https:\/\/mouldking.store\/vi\/wp-json\/wp\/v2\/types\/product"}],"replies":[{"embeddable":true,"href":"https:\/\/mouldking.store\/vi\/wp-json\/wp\/v2\/comments?post=49123"}],"wp:featuredmedia":[{"embeddable":true,"href":"https:\/\/mouldking.store\/vi\/wp-json\/wp\/v2\/media\/49119"}],"wp:attachment":[{"href":"https:\/\/mouldking.store\/vi\/wp-json\/wp\/v2\/media?parent=49123"}],"wp:term":[{"taxonomy":"product_cat","embeddable":true,"href":"https:\/\/mouldking.store\/vi\/wp-json\/wp\/v2\/product_cat?post=49123"},{"taxonomy":"product_tag","embeddable":true,"href":"https:\/\/mouldking.store\/vi\/wp-json\/wp\/v2\/product_tag?post=49123"}],"curies":[{"name":"wp","href":"https:\/\/api.w.org\/{rel}","templated":true}]}}