{"id":49322,"date":"2023-08-15T18:38:05","date_gmt":"2023-08-15T11:38:05","guid":{"rendered":"https:\/\/mouldking.store\/shop\/wange-4213-the-louvre-of-paris-with-622-pieces\/"},"modified":"2023-08-15T18:38:05","modified_gmt":"2023-08-15T11:38:05","slug":"wange-4213-the-louvre-of-paris-with-622-pieces","status":"publish","type":"product","link":"https:\/\/mouldking.store\/vi\/shop\/wange-4213-the-louvre-of-paris-with-622-pieces\/","title":{"rendered":"WANGE 4213 The Louvre of Paris with 622 Pieces"},"content":{"rendered":"<div>\u2705 WANGE 4213 The Louvre of Paris<br \/>&nbsp;<br \/>\u2705The Louvre was originally a medieval fortress built in the 12th century and later transformed into a royal palace. It became a museum in 1793 during the French Revolution, opening its doors to the public and displaying the royal art collection.<br \/>&nbsp;<br \/>\ud83d\udeab QUAN TR\u1eccNG!&nbsp;<br \/>&nbsp;<br \/>Product Name: The Louver of Paris<br \/>&nbsp;<br \/>Danh m\u1ee5c: T\u00f2a nh\u00e0 m\u00f4-\u0111un<br \/>&nbsp;<br \/>This Kit Contains: WANGE 4213<br \/>&nbsp;<br \/>622 pcs Good Quality Bricks&nbsp;<br \/>&nbsp;<br \/>Size:&nbsp; 27 \u00d7 17 cm<br \/>&nbsp;<br \/>H\u01b0\u1edbng d\u1eabn th\u1ee7 c\u00f4ng&nbsp;<br \/>&nbsp;<br \/>\ud83d\udcccB\u1ea3n ch\u1ea5t c\u1ee7a nh\u00e2n v\u1eadt ch\u00ednh&nbsp;<br \/>&nbsp;<br \/>Introducing our proud collection named \u201cThe Louvre of Paris\u201d you should not miss.&nbsp;<br \/>&nbsp;<br \/>The Louvre&#8217;s architecture is a blend of styles, ranging from medieval and Renaissance elements to classical Baroque features. The museum&#8217;s most famous architectural addition is the iconic glass pyramid, designed by architect I.M. Pei, which serves as the museum&#8217;s main entrance. The Louvre&#8217;s vast collection includes over 38,000 works of art, spanning various periods and civilizations. It features famous masterpieces such as Leonardo da Vinci&#8217;s &#8220;Mona Lisa,&#8221; the ancient sculpture &#8220;Venus de Milo,&#8221; and &#8220;Winged Victory of Samothrace.&#8221;<\/div>","protected":false},"excerpt":{"rendered":"<p>Th\u01b0\u01a1ng hi\u1ec7u: WANGE<br \/>\nGi\u1edbi t\u00ednh: Unisex<br \/>\n\u0110\u1ed9 tu\u1ed5i: &gt; 12 tu\u1ed5i<br \/>\nModel Number: 4213<br \/>\nPh\u00e2n lo\u1ea1i: T\u1eadp h\u1ee3p<br \/>\nH\u00ecnh d\u1ea1ng kh\u1ed1i nh\u1ef1a: G\u1ea1ch t\u1ef1 kh\u00f3a<br \/>\nCh\u1ea5t li\u1ec7u: Nh\u1ef1a<br \/>\nLo\u1ea1i nh\u1ef1a: ABS<br \/>\nKh\u1ed1i g\u1ea1ch: 622 +<br \/>\nKh\u00f4ng c\u00f3 h\u1ed9p ban \u0111\u1ea7u<\/p>","protected":false},"featured_media":49319,"comment_status":"open","ping_status":"closed","template":"","meta":{"_acf_changed":false},"product_cat":[1395,1502,390],"product_tag":[4883,12448,392,10833],"class_list":["product","first","instock","shipping-taxable","purchasable","product-type-simple"],"acf":[],"_links":{"self":[{"href":"https:\/\/mouldking.store\/vi\/wp-json\/wp\/v2\/product\/49322","targetHints":{"allow":["GET"]}}],"collection":[{"href":"https:\/\/mouldking.store\/vi\/wp-json\/wp\/v2\/product"}],"about":[{"href":"https:\/\/mouldking.store\/vi\/wp-json\/wp\/v2\/types\/product"}],"replies":[{"embeddable":true,"href":"https:\/\/mouldking.store\/vi\/wp-json\/wp\/v2\/comments?post=49322"}],"wp:featuredmedia":[{"embeddable":true,"href":"https:\/\/mouldking.store\/vi\/wp-json\/wp\/v2\/media\/49319"}],"wp:attachment":[{"href":"https:\/\/mouldking.store\/vi\/wp-json\/wp\/v2\/media?parent=49322"}],"wp:term":[{"taxonomy":"product_cat","embeddable":true,"href":"https:\/\/mouldking.store\/vi\/wp-json\/wp\/v2\/product_cat?post=49322"},{"taxonomy":"product_tag","embeddable":true,"href":"https:\/\/mouldking.store\/vi\/wp-json\/wp\/v2\/product_tag?post=49322"}],"curies":[{"name":"wp","href":"https:\/\/api.w.org\/{rel}","templated":true}]}}