{"id":49373,"date":"2023-08-15T18:42:46","date_gmt":"2023-08-15T11:42:46","guid":{"rendered":"https:\/\/mouldking.store\/shop\/wange-4214-the-white-house-of-washington-with-778-pieces\/"},"modified":"2023-08-15T18:42:46","modified_gmt":"2023-08-15T11:42:46","slug":"wange-4214-the-white-house-of-washington-with-778-pieces","status":"publish","type":"product","link":"https:\/\/mouldking.store\/vi\/shop\/wange-4214-the-white-house-of-washington-with-778-pieces\/","title":{"rendered":"WANGE 4214 The White House of Washington with 778 Pieces"},"content":{"rendered":"<div>\u2705 WANGE 4214 The White House of Washington<br \/>&nbsp;<br \/>\u2705The White House is the official residence and workplace of the President of the United States. Located at 1600 Pennsylvania Avenue NW in Washington, D.C., it is one of the most recognizable buildings in the world and an iconic symbol of the United States government.<br \/>&nbsp;<br \/>\ud83d\udeab QUAN TR\u1eccNG!&nbsp;<br \/>&nbsp;<br \/>Product Name: The White House of Washington<br \/>&nbsp;<br \/>Danh m\u1ee5c: T\u00f2a nh\u00e0 m\u00f4-\u0111un<br \/>&nbsp;<br \/>This Kit Contains: WANGE 4214<br \/>&nbsp;<br \/>778 pcs Good Quality Bricks&nbsp;<br \/>&nbsp;<br \/>Size: 27 \u00d7 10 cm<br \/>&nbsp;<br \/>H\u01b0\u1edbng d\u1eabn th\u1ee7 c\u00f4ng&nbsp;<br \/>&nbsp;<br \/>\ud83d\udcccB\u1ea3n ch\u1ea5t c\u1ee7a nh\u00e2n v\u1eadt ch\u00ednh&nbsp;<br \/>&nbsp;<br \/>Introducing our proud collection named \u201cThe White House of Washington\u201d you should not miss.&nbsp;<br \/>&nbsp;<br \/>The White House was designed by Irish-born architect James Hoban and constructed between 1792 and 1800. It was built in the neoclassical architectural style and modeled after several European buildings, including the Leinster House in Dublin, Ireland. The White House serves as the primary residence of the President of the United States and their family. It also houses the official offices of the President, as well as various staff members and advisors. The White House complex consists of the main residence, the West Wing, and the East Wing. The West Wing houses the President&#8217;s Oval Office and the offices of their closest advisors, while the East Wing contains the First Lady&#8217;s offices and the White House Social Secretary&#8217;s office.<\/div>","protected":false},"excerpt":{"rendered":"<p>Th\u01b0\u01a1ng hi\u1ec7u: WANGE<br \/>\nGi\u1edbi t\u00ednh: Unisex<br \/>\n\u0110\u1ed9 tu\u1ed5i: &gt; 6 tu\u1ed5i<br \/>\nModel Number: 4214<br \/>\nPh\u00e2n lo\u1ea1i: T\u1eadp h\u1ee3p<br \/>\nH\u00ecnh d\u1ea1ng kh\u1ed1i nh\u1ef1a: G\u1ea1ch t\u1ef1 kh\u00f3a<br \/>\nCh\u1ea5t li\u1ec7u: Nh\u1ef1a<br \/>\nLo\u1ea1i nh\u1ef1a: ABS<br \/>\nBricks Blocks: 778 +<br \/>\nKh\u00f4ng c\u00f3 h\u1ed9p ban \u0111\u1ea7u<\/p>","protected":false},"featured_media":49370,"comment_status":"open","ping_status":"closed","template":"","meta":{"_acf_changed":false},"product_cat":[1395,1502,390],"product_tag":[4883,392,12343,12455,12456],"class_list":["product","first","instock","shipping-taxable","purchasable","product-type-simple"],"acf":[],"_links":{"self":[{"href":"https:\/\/mouldking.store\/vi\/wp-json\/wp\/v2\/product\/49373","targetHints":{"allow":["GET"]}}],"collection":[{"href":"https:\/\/mouldking.store\/vi\/wp-json\/wp\/v2\/product"}],"about":[{"href":"https:\/\/mouldking.store\/vi\/wp-json\/wp\/v2\/types\/product"}],"replies":[{"embeddable":true,"href":"https:\/\/mouldking.store\/vi\/wp-json\/wp\/v2\/comments?post=49373"}],"wp:featuredmedia":[{"embeddable":true,"href":"https:\/\/mouldking.store\/vi\/wp-json\/wp\/v2\/media\/49370"}],"wp:attachment":[{"href":"https:\/\/mouldking.store\/vi\/wp-json\/wp\/v2\/media?parent=49373"}],"wp:term":[{"taxonomy":"product_cat","embeddable":true,"href":"https:\/\/mouldking.store\/vi\/wp-json\/wp\/v2\/product_cat?post=49373"},{"taxonomy":"product_tag","embeddable":true,"href":"https:\/\/mouldking.store\/vi\/wp-json\/wp\/v2\/product_tag?post=49373"}],"curies":[{"name":"wp","href":"https:\/\/api.w.org\/{rel}","templated":true}]}}