{"id":49399,"date":"2023-08-15T18:48:12","date_gmt":"2023-08-15T11:48:12","guid":{"rendered":"https:\/\/mouldking.store\/shop\/wange-4216-lincoln-memorial-washington-d-c-america-with-979-pieces\/"},"modified":"2023-08-15T18:48:12","modified_gmt":"2023-08-15T11:48:12","slug":"wange-4216-lincoln-memorial-washington-d-c-america-with-979-pieces","status":"publish","type":"product","link":"https:\/\/mouldking.store\/vi\/shop\/wange-4216-lincoln-memorial-washington-d-c-america-with-979-pieces\/","title":{"rendered":"WANGE 4216 Lincoln Memorial Washington D.C America with 979 Pieces"},"content":{"rendered":"<div>\u2705 WANGE 4216 Lincoln Memorial Washington D.C America<br \/>&nbsp;<br \/>\u2705The Lincoln Memorial is an iconic monument located in Washington, D.C., United States. It is one of the most significant and revered landmarks in the country, honoring the 16th President of the United States, Abraham Lincoln.<\/p>\n<p>\ud83d\udeab QUAN TR\u1eccNG!&nbsp;<br \/>&nbsp;<br \/>Product Name: Lincoln Memorial Washington D.C America<br \/>&nbsp;<br \/>Danh m\u1ee5c: T\u00f2a nh\u00e0 m\u00f4-\u0111un<br \/>&nbsp;<br \/>This Kit Contains: WANGE 4216<br \/>&nbsp;<br \/>979 pcs Good Quality Bricks&nbsp;<br \/>&nbsp;<br \/>Size: 27.2 \u00d7 11 cm<br \/>&nbsp;<br \/>H\u01b0\u1edbng d\u1eabn th\u1ee7 c\u00f4ng&nbsp;<br \/>&nbsp;<br \/>\ud83d\udcccB\u1ea3n ch\u1ea5t c\u1ee7a nh\u00e2n v\u1eadt ch\u00ednh&nbsp;<br \/>&nbsp;<br \/>Introducing our proud collection named \u201cLincoln Memorial Washington D.C America\u201d you should not miss.&nbsp;<br \/>&nbsp;<br \/>The Lincoln Memorial is situated on the western end of the National Mall, a vast open space in the heart of Washington, D.C. It is directly across from the Reflecting Pool, which reflects the monument&#8217;s grandeur. The memorial&#8217;s design was inspired by ancient Greek Doric temples. It was designed by architect Henry Bacon and constructed between 1914 and 1922. The building is constructed primarily of white marble. The Lincoln Memorial is dedicated to President Abraham Lincoln, who served as the 16th President of the United States from 1861 to 1865. He is remembered for leading the nation through the Civil War and issuing the Emancipation Proclamation, which abolished slavery.<\/div>","protected":false},"excerpt":{"rendered":"<p>Th\u01b0\u01a1ng hi\u1ec7u: WANGE<br \/>\nGi\u1edbi t\u00ednh: Unisex<br \/>\n\u0110\u1ed9 tu\u1ed5i: &gt; 6 tu\u1ed5i<br \/>\nModel Number: 4216<br \/>\nPh\u00e2n lo\u1ea1i: T\u1eadp h\u1ee3p<br \/>\nH\u00ecnh d\u1ea1ng kh\u1ed1i nh\u1ef1a: G\u1ea1ch t\u1ef1 kh\u00f3a<br \/>\nCh\u1ea5t li\u1ec7u: Nh\u1ef1a<br \/>\nLo\u1ea1i nh\u1ef1a: ABS<br \/>\nBricks Blocks: 979 +<br \/>\nKh\u00f4ng c\u00f3 h\u1ed9p ban \u0111\u1ea7u<\/p>","protected":false},"featured_media":49394,"comment_status":"open","ping_status":"closed","template":"","meta":{"_acf_changed":false},"product_cat":[1395,1502,390],"product_tag":[12461,2488,4883,11253,11254,392,12462],"class_list":["product","first","instock","shipping-taxable","purchasable","product-type-simple"],"acf":[],"_links":{"self":[{"href":"https:\/\/mouldking.store\/vi\/wp-json\/wp\/v2\/product\/49399","targetHints":{"allow":["GET"]}}],"collection":[{"href":"https:\/\/mouldking.store\/vi\/wp-json\/wp\/v2\/product"}],"about":[{"href":"https:\/\/mouldking.store\/vi\/wp-json\/wp\/v2\/types\/product"}],"replies":[{"embeddable":true,"href":"https:\/\/mouldking.store\/vi\/wp-json\/wp\/v2\/comments?post=49399"}],"wp:featuredmedia":[{"embeddable":true,"href":"https:\/\/mouldking.store\/vi\/wp-json\/wp\/v2\/media\/49394"}],"wp:attachment":[{"href":"https:\/\/mouldking.store\/vi\/wp-json\/wp\/v2\/media?parent=49399"}],"wp:term":[{"taxonomy":"product_cat","embeddable":true,"href":"https:\/\/mouldking.store\/vi\/wp-json\/wp\/v2\/product_cat?post=49399"},{"taxonomy":"product_tag","embeddable":true,"href":"https:\/\/mouldking.store\/vi\/wp-json\/wp\/v2\/product_tag?post=49399"}],"curies":[{"name":"wp","href":"https:\/\/api.w.org\/{rel}","templated":true}]}}