{"id":49403,"date":"2023-08-15T18:50:47","date_gmt":"2023-08-15T11:50:47","guid":{"rendered":"https:\/\/mouldking.store\/shop\/wange-4217-marina-bay-sands-singapore-with-881-pieces\/"},"modified":"2023-08-15T18:50:47","modified_gmt":"2023-08-15T11:50:47","slug":"wange-4217-marina-bay-sands-singapore-with-881-pieces","status":"publish","type":"product","link":"https:\/\/mouldking.store\/vi\/shop\/wange-4217-marina-bay-sands-singapore-with-881-pieces\/","title":{"rendered":"WANGE 4217 Marina Bay Sands Singapore with 881 Pieces"},"content":{"rendered":"<div>\u2705 WANGE 4217 Marina Bay Sands Singapore<br \/>&nbsp;<br \/>\u2705Marina Bay Sands is an iconic and world-famous integrated resort located in Singapore. It is one of the most luxurious and visually striking buildings in the city, known for its impressive architecture, luxury amenities, and breathtaking views.<br \/>&nbsp;<br \/>\ud83d\udeab QUAN TR\u1eccNG!&nbsp;<br \/>&nbsp;<br \/>Product Name: Marina Bay Sands Singapore<br \/>&nbsp;<br \/>Danh m\u1ee5c: T\u00f2a nh\u00e0 m\u00f4-\u0111un<br \/>&nbsp;<br \/>This Kit Contains: WANGE 4217<br \/>&nbsp;<br \/>881 pcs Good Quality Bricks&nbsp;<br \/>&nbsp;<br \/>H\u01b0\u1edbng d\u1eabn th\u1ee7 c\u00f4ng&nbsp;<br \/>&nbsp;<br \/>\ud83d\udcccB\u1ea3n ch\u1ea5t c\u1ee7a nh\u00e2n v\u1eadt ch\u00ednh&nbsp;<br \/>&nbsp;<br \/>Introducing our proud collection named \u201cMarina Bay Sands Singapore\u201d you should not miss.&nbsp;<br \/>&nbsp;<br \/>Marina Bay Sands is situated in the Marina Bay area of Singapore, near the central business district and close to major attractions like Gardens by the Bay and the Singapore Flyer. The most distinctive feature of Marina Bay Sands is its unique design, which includes three towers connected at the top by a massive rooftop structure known as the SkyPark. The rooftop spans all three towers and features an infinity pool, observation decks, gardens, and dining venues.<\/div>","protected":false},"excerpt":{"rendered":"<p>Th\u01b0\u01a1ng hi\u1ec7u: WANGE<br \/>\nGi\u1edbi t\u00ednh: Unisex<br \/>\n\u0110\u1ed9 tu\u1ed5i: &gt; 6 tu\u1ed5i<br \/>\nModel Number: 4217<br \/>\nPh\u00e2n lo\u1ea1i: T\u1eadp h\u1ee3p<br \/>\nH\u00ecnh d\u1ea1ng kh\u1ed1i nh\u1ef1a: G\u1ea1ch t\u1ef1 kh\u00f3a<br \/>\nCh\u1ea5t li\u1ec7u: Nh\u1ef1a<br \/>\nLo\u1ea1i nh\u1ef1a: ABS<br \/>\nKh\u1ed1i g\u1ea1ch: 881 +<br \/>\nKh\u00f4ng c\u00f3 h\u1ed9p ban \u0111\u1ea7u<\/p>","protected":false},"featured_media":49400,"comment_status":"open","ping_status":"closed","template":"","meta":{"_acf_changed":false},"product_cat":[1395,1502,390],"product_tag":[5564,4883,12463,392,12464,12465],"class_list":["product","first","instock","shipping-taxable","purchasable","product-type-simple"],"acf":[],"_links":{"self":[{"href":"https:\/\/mouldking.store\/vi\/wp-json\/wp\/v2\/product\/49403","targetHints":{"allow":["GET"]}}],"collection":[{"href":"https:\/\/mouldking.store\/vi\/wp-json\/wp\/v2\/product"}],"about":[{"href":"https:\/\/mouldking.store\/vi\/wp-json\/wp\/v2\/types\/product"}],"replies":[{"embeddable":true,"href":"https:\/\/mouldking.store\/vi\/wp-json\/wp\/v2\/comments?post=49403"}],"wp:featuredmedia":[{"embeddable":true,"href":"https:\/\/mouldking.store\/vi\/wp-json\/wp\/v2\/media\/49400"}],"wp:attachment":[{"href":"https:\/\/mouldking.store\/vi\/wp-json\/wp\/v2\/media?parent=49403"}],"wp:term":[{"taxonomy":"product_cat","embeddable":true,"href":"https:\/\/mouldking.store\/vi\/wp-json\/wp\/v2\/product_cat?post=49403"},{"taxonomy":"product_tag","embeddable":true,"href":"https:\/\/mouldking.store\/vi\/wp-json\/wp\/v2\/product_tag?post=49403"}],"curies":[{"name":"wp","href":"https:\/\/api.w.org\/{rel}","templated":true}]}}