{"id":49441,"date":"2023-08-25T09:16:22","date_gmt":"2023-08-25T02:16:22","guid":{"rendered":"https:\/\/mouldking.store\/shop\/wange-6221-hall-of-supreme-harmony-beijing-china-with-862-pieces\/"},"modified":"2023-08-25T09:16:22","modified_gmt":"2023-08-25T02:16:22","slug":"wange-6221-hall-of-supreme-harmony-beijing-china-with-862-pieces","status":"publish","type":"product","link":"https:\/\/mouldking.store\/vi\/shop\/wange-6221-hall-of-supreme-harmony-beijing-china-with-862-pieces\/","title":{"rendered":"B\u1ed9 m\u00f4 h\u00ecnh WANGE 6221 \u0110i\u1ec7n Th\u00e1i H\u00f2a, B\u1eafc Kinh, Trung Qu\u1ed1c, g\u1ed3m 862 chi ti\u1ebft."},"content":{"rendered":"<div>\u2705 Wange 6221 Hall of Supreme Harmony Beijing China&nbsp;<br \/>&nbsp;<br \/>\u2705The Hall of Supreme Harmony, also known as the Taihe Dian, is one of the most important and grandest buildings within the Forbidden City, a vast imperial palace complex located in Beijing, China.&nbsp;<br \/>&nbsp;<br \/>\ud83d\udeab QUAN TR\u1eccNG!&nbsp;<br \/>&nbsp;<br \/>Product Name: Hall of Supreme Harmony Beijing China&nbsp;<br \/>&nbsp;<br \/>Danh m\u1ee5c: T\u00f2a nh\u00e0 m\u00f4-\u0111un<br \/>&nbsp;<br \/>This Kit Contains: Wange 6221&nbsp;<br \/>&nbsp;<br \/>862 pcs Good Quality Bricks&nbsp;<br \/>&nbsp;<br \/>Size: 52.8 \u00d7 36. \u00d7 37.8 cm<br \/>&nbsp;<br \/>H\u01b0\u1edbng d\u1eabn th\u1ee7 c\u00f4ng&nbsp;<br \/>&nbsp;<br \/>\ud83d\udcccB\u1ea3n ch\u1ea5t c\u1ee7a nh\u00e2n v\u1eadt ch\u00ednh&nbsp;<br \/>&nbsp;<br \/>Introducing our proud collection named \u201cHall of Supreme Harmony Beijing China \u201d you should not miss.&nbsp;<br \/>&nbsp;<br \/>&nbsp;The Hall of Supreme Harmony is situated at the northern end of the Forbidden City&#8217;s central axis. It serves as the focal point of the palace complex and is surrounded by other significant halls and courtyards. The Hall of Supreme Harmony was the main ceremonial hall within the Forbidden City and played a pivotal role in various imperial ceremonies, including coronations, imperial examinations, and major state functions. The hall is a prime example of traditional Chinese imperial architecture. It features a three-tiered marble terrace as its base, with three main sections: the terrace, the main hall, and the rear hall. The structure is supported by intricate wooden brackets and ornate decorations.<\/div>","protected":false},"excerpt":{"rendered":"<p>Th\u01b0\u01a1ng hi\u1ec7u: WANGE<br \/>\nGi\u1edbi t\u00ednh: Unisex<br \/>\n\u0110\u1ed9 tu\u1ed5i: &gt; 6 tu\u1ed5i<br \/>\nModel Number: 6221<br \/>\nPh\u00e2n lo\u1ea1i: T\u1eadp h\u1ee3p<br \/>\nH\u00ecnh d\u1ea1ng kh\u1ed1i nh\u1ef1a: G\u1ea1ch t\u1ef1 kh\u00f3a<br \/>\nCh\u1ea5t li\u1ec7u: Nh\u1ef1a<br \/>\nLo\u1ea1i nh\u1ef1a: ABS<br \/>\nBricks Blocks: 862 +<br \/>\nKh\u00f4ng c\u00f3 h\u1ed9p ban \u0111\u1ea7u<\/p>","protected":false},"featured_media":49438,"comment_status":"open","ping_status":"closed","template":"","meta":{"_acf_changed":false},"product_cat":[1354,1365,1395,1502,390],"product_tag":[11260,12285,10892,4883,12466,8452,11332,392,12467],"class_list":["product","first","instock","shipping-taxable","purchasable","product-type-simple"],"acf":[],"_links":{"self":[{"href":"https:\/\/mouldking.store\/vi\/wp-json\/wp\/v2\/product\/49441","targetHints":{"allow":["GET"]}}],"collection":[{"href":"https:\/\/mouldking.store\/vi\/wp-json\/wp\/v2\/product"}],"about":[{"href":"https:\/\/mouldking.store\/vi\/wp-json\/wp\/v2\/types\/product"}],"replies":[{"embeddable":true,"href":"https:\/\/mouldking.store\/vi\/wp-json\/wp\/v2\/comments?post=49441"}],"wp:featuredmedia":[{"embeddable":true,"href":"https:\/\/mouldking.store\/vi\/wp-json\/wp\/v2\/media\/49438"}],"wp:attachment":[{"href":"https:\/\/mouldking.store\/vi\/wp-json\/wp\/v2\/media?parent=49441"}],"wp:term":[{"taxonomy":"product_cat","embeddable":true,"href":"https:\/\/mouldking.store\/vi\/wp-json\/wp\/v2\/product_cat?post=49441"},{"taxonomy":"product_tag","embeddable":true,"href":"https:\/\/mouldking.store\/vi\/wp-json\/wp\/v2\/product_tag?post=49441"}],"curies":[{"name":"wp","href":"https:\/\/api.w.org\/{rel}","templated":true}]}}