{"id":49452,"date":"2023-08-25T09:18:22","date_gmt":"2023-08-25T02:18:22","guid":{"rendered":"https:\/\/mouldking.store\/shop\/wange-6222-jiayu-pass-gansu-china-with-1511-pieces\/"},"modified":"2023-08-25T09:18:22","modified_gmt":"2023-08-25T02:18:22","slug":"wange-6222-jiayu-pass-gansu-china-with-1511-pieces","status":"publish","type":"product","link":"https:\/\/mouldking.store\/vi\/shop\/wange-6222-jiayu-pass-gansu-china-with-1511-pieces\/","title":{"rendered":"WANGE 6222 Jiayu Pass Gansu China with 1511 Pieces"},"content":{"rendered":"<div>\u2705 Wange 6222 Jiayu Pass Gansu China<br \/>&nbsp;<br \/>\u2705Jiayu Pass, also known as Jiayuguan, is a historic fortress located in Gansu Province, China. It is one of the most well-preserved and iconic passes along the Great Wall of China.&nbsp;<br \/>&nbsp;<br \/>\ud83d\udeab QUAN TR\u1eccNG!&nbsp;<br \/>&nbsp;<br \/>Product Name: Jiayu Pass Gansu China<br \/>&nbsp;<br \/>Danh m\u1ee5c: T\u00f2a nh\u00e0 m\u00f4-\u0111un<br \/>&nbsp;<br \/>This Kit Contains: Wange 6222&nbsp;<br \/>&nbsp;<br \/>1511 pcs Good Quality Bricks&nbsp;<br \/>&nbsp;<br \/>Size: 41.5 \u00d7 24.1 \u00d7 35.1 cm&nbsp;<br \/>&nbsp;<br \/>H\u01b0\u1edbng d\u1eabn th\u1ee7 c\u00f4ng&nbsp;<br \/>&nbsp;<br \/>\ud83d\udcccB\u1ea3n ch\u1ea5t c\u1ee7a nh\u00e2n v\u1eadt ch\u00ednh&nbsp;<br \/>&nbsp;<br \/>Introducing our proud collection named \u201cJiayu Pass Gansu China\u201d you should not miss.&nbsp;<br \/>&nbsp;<br \/>Jiayu Pass is situated at the western end of the Great Wall of China, near the city of Jiayuguan in Gansu Province. It marks the point where the Great Wall transitions from its eastern sections to the vast expanse of the Gobi Desert. Jiayu Pass was a crucial strategic outpost and defensive fortification along the Silk Road, a network of trade routes that connected China with Central Asia and beyond. It served as a checkpoint for merchants, travelers, and military forces passing through the region. The pass features a series of walls, gates, watchtowers, and other defensive structures. Its architecture is characterized by a combination of mudbrick, wood, and stone construction. The fortress was designed to withstand attacks and protect the Chinese empire from potential invaders.<\/div>","protected":false},"excerpt":{"rendered":"<p>Th\u01b0\u01a1ng hi\u1ec7u: WANGE<br \/>\nGi\u1edbi t\u00ednh: Unisex<br \/>\n\u0110\u1ed9 tu\u1ed5i: &gt; 6 tu\u1ed5i<br \/>\nModel Number: 6222<br \/>\nPh\u00e2n lo\u1ea1i: T\u1eadp h\u1ee3p<br \/>\nH\u00ecnh d\u1ea1ng kh\u1ed1i nh\u1ef1a: G\u1ea1ch t\u1ef1 kh\u00f3a<br \/>\nCh\u1ea5t li\u1ec7u: Nh\u1ef1a<br \/>\nLo\u1ea1i nh\u1ef1a: ABS<br \/>\nBricks Blocks: 1511 +<br \/>\nKh\u00f4ng c\u00f3 h\u1ed9p ban \u0111\u1ea7u<\/p>","protected":false},"featured_media":49448,"comment_status":"open","ping_status":"closed","template":"","meta":{"_acf_changed":false},"product_cat":[1354,1365,1395,1502,390],"product_tag":[11260,10892,4883,8452,12469,12468,392],"class_list":["product","first","instock","shipping-taxable","purchasable","product-type-simple"],"acf":[],"_links":{"self":[{"href":"https:\/\/mouldking.store\/vi\/wp-json\/wp\/v2\/product\/49452","targetHints":{"allow":["GET"]}}],"collection":[{"href":"https:\/\/mouldking.store\/vi\/wp-json\/wp\/v2\/product"}],"about":[{"href":"https:\/\/mouldking.store\/vi\/wp-json\/wp\/v2\/types\/product"}],"replies":[{"embeddable":true,"href":"https:\/\/mouldking.store\/vi\/wp-json\/wp\/v2\/comments?post=49452"}],"wp:featuredmedia":[{"embeddable":true,"href":"https:\/\/mouldking.store\/vi\/wp-json\/wp\/v2\/media\/49448"}],"wp:attachment":[{"href":"https:\/\/mouldking.store\/vi\/wp-json\/wp\/v2\/media?parent=49452"}],"wp:term":[{"taxonomy":"product_cat","embeddable":true,"href":"https:\/\/mouldking.store\/vi\/wp-json\/wp\/v2\/product_cat?post=49452"},{"taxonomy":"product_tag","embeddable":true,"href":"https:\/\/mouldking.store\/vi\/wp-json\/wp\/v2\/product_tag?post=49452"}],"curies":[{"name":"wp","href":"https:\/\/api.w.org\/{rel}","templated":true}]}}