{"id":49532,"date":"2023-08-25T09:25:45","date_gmt":"2023-08-25T02:25:45","guid":{"rendered":"https:\/\/mouldking.store\/shop\/wange-6223-guggenheim-museum-new-york-america-with-1454-pieces\/"},"modified":"2023-08-25T09:25:45","modified_gmt":"2023-08-25T02:25:45","slug":"wange-6223-guggenheim-museum-new-york-america-with-1454-pieces","status":"publish","type":"product","link":"https:\/\/mouldking.store\/vi\/shop\/wange-6223-guggenheim-museum-new-york-america-with-1454-pieces\/","title":{"rendered":"WANGE 6223 Guggenheim Museum New York America with 1454 Pieces"},"content":{"rendered":"<div>\u2705 Wange 6223 Guggenheim Museum New York America&nbsp;<br \/>&nbsp;<br \/>\u2705The Guggenheim Museum, officially known as the Solomon R. Guggenheim Museum, is a renowned art museum located in New York City, USA. It is recognized for its distinctive architecture, extensive collection of modern and contemporary art, and its role in promoting innovative and avant-garde artistic expressions.&nbsp;<br \/>&nbsp;<br \/>\ud83d\udeab QUAN TR\u1eccNG!&nbsp;<br \/>&nbsp;<br \/>Product Name: Guggenheim Museum New York America&nbsp;<br \/>&nbsp;<br \/>Danh m\u1ee5c: T\u00f2a nh\u00e0 m\u00f4-\u0111un<br \/>&nbsp;<br \/>This Kit Contains: Wange 6223&nbsp;<br \/>&nbsp;<br \/>1454 pcs Good Quality Bricks&nbsp;<br \/>&nbsp;<br \/>Size: 75.2 \u00d7 15 \u00d7 17.6 cm<br \/>&nbsp;<br \/>H\u01b0\u1edbng d\u1eabn th\u1ee7 c\u00f4ng&nbsp;<br \/>&nbsp;<br \/>\ud83d\udcccB\u1ea3n ch\u1ea5t c\u1ee7a nh\u00e2n v\u1eadt ch\u00ednh&nbsp;<br \/>&nbsp;<br \/>Introducing our proud collection named \u201cGuggenheim Museum New York America\u201d you should not miss.&nbsp;<br \/>&nbsp;<br \/>The Guggenheim Museum building is an architectural masterpiece designed by the renowned architect Frank Lloyd Wright. It is characterized by its unique spiral shape, often referred to as the &#8220;Guggenheim spiral.&#8221; The central atrium features a ramp that spirals upwards, allowing visitors to view artworks as they move along the ramp. Frank Lloyd Wright&#8217;s design aimed to challenge the traditional &#8220;white cube&#8221; gallery space by creating a continuous, flowing space that encourages a more organic interaction between the art and the viewer. The museum&#8217;s design itself is a work of art and a departure from conventional museum architecture.<\/div>","protected":false},"excerpt":{"rendered":"<p>Th\u01b0\u01a1ng hi\u1ec7u: WANGE<br \/>\nGi\u1edbi t\u00ednh: Unisex<br \/>\n\u0110\u1ed9 tu\u1ed5i: &gt; 6 tu\u1ed5i<br \/>\nModel Number: 6223<br \/>\nPh\u00e2n lo\u1ea1i: T\u1eadp h\u1ee3p<br \/>\nH\u00ecnh d\u1ea1ng kh\u1ed1i nh\u1ef1a: G\u1ea1ch t\u1ef1 kh\u00f3a<br \/>\nCh\u1ea5t li\u1ec7u: Nh\u1ef1a<br \/>\nLo\u1ea1i nh\u1ef1a: ABS<br \/>\nBricks Blocks: 1454 +<br \/>\nKh\u00f4ng c\u00f3 h\u1ed9p ban \u0111\u1ea7u<\/p>","protected":false},"featured_media":49528,"comment_status":"open","ping_status":"closed","template":"","meta":{"_acf_changed":false},"product_cat":[1365,1395,1502,390],"product_tag":[2488,11260,4883,8452,12470,392,3244,12471],"class_list":["product","first","instock","shipping-taxable","purchasable","product-type-simple"],"acf":[],"_links":{"self":[{"href":"https:\/\/mouldking.store\/vi\/wp-json\/wp\/v2\/product\/49532","targetHints":{"allow":["GET"]}}],"collection":[{"href":"https:\/\/mouldking.store\/vi\/wp-json\/wp\/v2\/product"}],"about":[{"href":"https:\/\/mouldking.store\/vi\/wp-json\/wp\/v2\/types\/product"}],"replies":[{"embeddable":true,"href":"https:\/\/mouldking.store\/vi\/wp-json\/wp\/v2\/comments?post=49532"}],"wp:featuredmedia":[{"embeddable":true,"href":"https:\/\/mouldking.store\/vi\/wp-json\/wp\/v2\/media\/49528"}],"wp:attachment":[{"href":"https:\/\/mouldking.store\/vi\/wp-json\/wp\/v2\/media?parent=49532"}],"wp:term":[{"taxonomy":"product_cat","embeddable":true,"href":"https:\/\/mouldking.store\/vi\/wp-json\/wp\/v2\/product_cat?post=49532"},{"taxonomy":"product_tag","embeddable":true,"href":"https:\/\/mouldking.store\/vi\/wp-json\/wp\/v2\/product_tag?post=49532"}],"curies":[{"name":"wp","href":"https:\/\/api.w.org\/{rel}","templated":true}]}}