{"id":49546,"date":"2023-08-25T09:30:22","date_gmt":"2023-08-25T02:30:22","guid":{"rendered":"https:\/\/mouldking.store\/shop\/wange-4210-great-pyramid-of-giza-cairo-egypt-with-622-pieces\/"},"modified":"2023-08-25T09:30:22","modified_gmt":"2023-08-25T02:30:22","slug":"wange-4210-great-pyramid-of-giza-cairo-egypt-with-622-pieces","status":"publish","type":"product","link":"https:\/\/mouldking.store\/vi\/shop\/wange-4210-great-pyramid-of-giza-cairo-egypt-with-622-pieces\/","title":{"rendered":"WANGE 4210 Great Pyramid of Giza Cairo Egypt with 622 Pieces"},"content":{"rendered":"<div>\u2705 WANGE 4210 Great Pyramid of Giza Cairo Egypt<br \/>&nbsp;<br \/>\u2705The Great Pyramid of Giza, located in Cairo, Egypt, is one of the most iconic and recognizable structures in the world. It is the largest of the three pyramids in the Giza pyramid complex and holds immense historical and cultural significance.&nbsp;<br \/>&nbsp;<br \/>\ud83d\udeab QUAN TR\u1eccNG!&nbsp;<br \/>&nbsp;<br \/>Product Name: Great Pyramid of Giza Cairo Egypt<br \/>&nbsp;<br \/>Danh m\u1ee5c: T\u00f2a nh\u00e0 m\u00f4-\u0111un<br \/>&nbsp;<br \/>This Kit Contains: WANGE 4210<br \/>&nbsp;<br \/>622 pcs Good Quality Bricks&nbsp;<br \/>&nbsp;<br \/>Size: 28 \u00d7 28 \u00d7 14 cm<br \/>&nbsp;<br \/>H\u01b0\u1edbng d\u1eabn th\u1ee7 c\u00f4ng&nbsp;<br \/>&nbsp;<br \/>\ud83d\udcccB\u1ea3n ch\u1ea5t c\u1ee7a nh\u00e2n v\u1eadt ch\u00ednh&nbsp;<br \/>&nbsp;<br \/>Introducing our proud collection named \u201cGreat Pyramid of Giza Cairo Egypt\u201d you should not miss.&nbsp;<br \/>&nbsp;<br \/>The Great Pyramid was built during the reign of Pharaoh Khufu (also known as Cheops), who ruled during the Fourth Dynasty of the Old Kingdom of Egypt. Its construction is estimated to have taken place around 2560 BCE, making it over 4,500 years old. The pyramid was constructed using massive limestone and granite blocks, some of which weigh several tons. The precise methods used to build the pyramid&#8217;s massive stone blocks and its overall architectural design continue to be subjects of study and speculation.<\/div>","protected":false},"excerpt":{"rendered":"<p>Th\u01b0\u01a1ng hi\u1ec7u: WANGE<br \/>\nGi\u1edbi t\u00ednh: Unisex<br \/>\n\u0110\u1ed9 tu\u1ed5i: &gt; 6 tu\u1ed5i<br \/>\nModel Number: 4210<br \/>\nPh\u00e2n lo\u1ea1i: T\u1eadp h\u1ee3p<br \/>\nH\u00ecnh d\u1ea1ng kh\u1ed1i nh\u1ef1a: G\u1ea1ch t\u1ef1 kh\u00f3a<br \/>\nCh\u1ea5t li\u1ec7u: Nh\u1ef1a<br \/>\nLo\u1ea1i nh\u1ef1a: ABS<br \/>\nKh\u1ed1i g\u1ea1ch: 622 +<br \/>\nKh\u00f4ng c\u00f3 h\u1ed9p ban \u0111\u1ea7u<\/p>","protected":false},"featured_media":49544,"comment_status":"open","ping_status":"closed","template":"","meta":{"_acf_changed":false},"product_cat":[1395,1502,390],"product_tag":[4883,9017,12479,392,12478],"class_list":["product","first","instock","shipping-taxable","purchasable","product-type-simple"],"acf":[],"_links":{"self":[{"href":"https:\/\/mouldking.store\/vi\/wp-json\/wp\/v2\/product\/49546","targetHints":{"allow":["GET"]}}],"collection":[{"href":"https:\/\/mouldking.store\/vi\/wp-json\/wp\/v2\/product"}],"about":[{"href":"https:\/\/mouldking.store\/vi\/wp-json\/wp\/v2\/types\/product"}],"replies":[{"embeddable":true,"href":"https:\/\/mouldking.store\/vi\/wp-json\/wp\/v2\/comments?post=49546"}],"wp:featuredmedia":[{"embeddable":true,"href":"https:\/\/mouldking.store\/vi\/wp-json\/wp\/v2\/media\/49544"}],"wp:attachment":[{"href":"https:\/\/mouldking.store\/vi\/wp-json\/wp\/v2\/media?parent=49546"}],"wp:term":[{"taxonomy":"product_cat","embeddable":true,"href":"https:\/\/mouldking.store\/vi\/wp-json\/wp\/v2\/product_cat?post=49546"},{"taxonomy":"product_tag","embeddable":true,"href":"https:\/\/mouldking.store\/vi\/wp-json\/wp\/v2\/product_tag?post=49546"}],"curies":[{"name":"wp","href":"https:\/\/api.w.org\/{rel}","templated":true}]}}