{"id":49761,"date":"2023-08-25T09:54:55","date_gmt":"2023-08-25T02:54:55","guid":{"rendered":"https:\/\/mouldking.store\/shop\/wange-5240-namdaemun-seoul-korea-with-900-pieces\/"},"modified":"2023-08-25T09:54:55","modified_gmt":"2023-08-25T02:54:55","slug":"wange-5240-namdaemun-seoul-korea-with-900-pieces","status":"publish","type":"product","link":"https:\/\/mouldking.store\/vi\/shop\/wange-5240-namdaemun-seoul-korea-with-900-pieces\/","title":{"rendered":"WANGE 5240 Namdaemun Seoul Korea with 900 Pieces"},"content":{"rendered":"<div>\u2705 Wange 5240 Namdaemun Seoul Korea<br \/>&nbsp;<br \/>\u2705Namdaemun, also known as Sungnyemun, is a historic gate located in Seoul, South Korea. It is one of the Eight Gates of Seoul, which were once part of the city&#8217;s fortress wall during the Joseon Dynasty.&nbsp;<br \/>&nbsp;<br \/>\ud83d\udeab QUAN TR\u1eccNG!&nbsp;<br \/>&nbsp;<br \/>Product Name: Namdaemun Seoul Korea<br \/>&nbsp;<br \/>Danh m\u1ee5c: T\u00f2a nh\u00e0 m\u00f4-\u0111un<br \/>&nbsp;<br \/>This Kit Contains: Wange 5240<br \/>&nbsp;<br \/>900 vi\u00ean g\u1ea1ch ch\u1ea5t l\u01b0\u1ee3ng t\u1ed1t&nbsp;<br \/>&nbsp;<br \/>Size: 33.6 \u00d7 24 \u00d7 18.2 cm<br \/>&nbsp;<br \/>H\u01b0\u1edbng d\u1eabn th\u1ee7 c\u00f4ng&nbsp;<br \/>&nbsp;<br \/>\ud83d\udcccB\u1ea3n ch\u1ea5t c\u1ee7a nh\u00e2n v\u1eadt ch\u00ednh&nbsp;<br \/>&nbsp;<br \/>Introducing our proud collection named \u201cNamdaemun Seoul Korea\u201d you should not miss.&nbsp;<br \/>&nbsp;<br \/>Namdaemun is situated in the heart of Seoul, near the city&#8217;s bustling downtown area. It stands as a historic landmark amidst modern urban surroundings. The gate was originally built in 1398 during the early years of the Joseon Dynasty. It served as the southern gate of the fortress wall that surrounded the city of Seoul.&nbsp; Namdaemun is an example of traditional Korean architectural style and craftsmanship. It features a large wooden gate with a multi-tiered roof and intricate wooden carvings.<\/div>","protected":false},"excerpt":{"rendered":"<p>Th\u01b0\u01a1ng hi\u1ec7u: WANGE<br \/>\nGi\u1edbi t\u00ednh: Unisex<br \/>\n\u0110\u1ed9 tu\u1ed5i: &gt; 6 tu\u1ed5i<br \/>\nModel Number: 5240<br \/>\nPh\u00e2n lo\u1ea1i: T\u1eadp h\u1ee3p<br \/>\nH\u00ecnh d\u1ea1ng kh\u1ed1i nh\u1ef1a: G\u1ea1ch t\u1ef1 kh\u00f3a<br \/>\nCh\u1ea5t li\u1ec7u: Nh\u1ef1a<br \/>\nLo\u1ea1i nh\u1ef1a: ABS<br \/>\nKh\u1ed1i g\u1ea1ch: 900 +<br \/>\nKh\u00f4ng c\u00f3 h\u1ed9p ban \u0111\u1ea7u<\/p>","protected":false},"featured_media":49755,"comment_status":"open","ping_status":"closed","template":"","meta":{"_acf_changed":false},"product_cat":[1365,1395,1502,390],"product_tag":[11260,4883,8452,12512,392,12510,12511],"class_list":["product","first","instock","shipping-taxable","purchasable","product-type-simple"],"acf":[],"_links":{"self":[{"href":"https:\/\/mouldking.store\/vi\/wp-json\/wp\/v2\/product\/49761","targetHints":{"allow":["GET"]}}],"collection":[{"href":"https:\/\/mouldking.store\/vi\/wp-json\/wp\/v2\/product"}],"about":[{"href":"https:\/\/mouldking.store\/vi\/wp-json\/wp\/v2\/types\/product"}],"replies":[{"embeddable":true,"href":"https:\/\/mouldking.store\/vi\/wp-json\/wp\/v2\/comments?post=49761"}],"wp:featuredmedia":[{"embeddable":true,"href":"https:\/\/mouldking.store\/vi\/wp-json\/wp\/v2\/media\/49755"}],"wp:attachment":[{"href":"https:\/\/mouldking.store\/vi\/wp-json\/wp\/v2\/media?parent=49761"}],"wp:term":[{"taxonomy":"product_cat","embeddable":true,"href":"https:\/\/mouldking.store\/vi\/wp-json\/wp\/v2\/product_cat?post=49761"},{"taxonomy":"product_tag","embeddable":true,"href":"https:\/\/mouldking.store\/vi\/wp-json\/wp\/v2\/product_tag?post=49761"}],"curies":[{"name":"wp","href":"https:\/\/api.w.org\/{rel}","templated":true}]}}