{"id":49786,"date":"2023-08-25T09:57:08","date_gmt":"2023-08-25T02:57:08","guid":{"rendered":"https:\/\/mouldking.store\/shop\/wange-6211-brandenburg-gate-berlin-germany-with-1552-pieces\/"},"modified":"2023-08-25T09:57:08","modified_gmt":"2023-08-25T02:57:08","slug":"wange-6211-brandenburg-gate-berlin-germany-with-1552-pieces","status":"publish","type":"product","link":"https:\/\/mouldking.store\/vi\/shop\/wange-6211-brandenburg-gate-berlin-germany-with-1552-pieces\/","title":{"rendered":"WANGE 6211 Brandenburg Gate Berlin Germany with 1552 Pieces"},"content":{"rendered":"<div>\u2705 Wange 6211 Brandenburg Gate Berlin Germany<\/p>\n<p>\u2705The Brandenburg Gate (Brandenburger Tor) is an iconic and historic monument located in Berlin, Germany. It is one of the most recognizable landmarks in the city and a symbol of both Berlin and German history.&nbsp;<br \/>&nbsp;<br \/>\ud83d\udeab QUAN TR\u1eccNG!&nbsp;<br \/>&nbsp;<br \/>Product Name: Brandenburg Gate Berlin Germany<br \/>&nbsp;<br \/>Danh m\u1ee5c: T\u00f2a nh\u00e0 m\u00f4-\u0111un<br \/>&nbsp;<br \/>This Kit Contains:&nbsp; Wange 6211&nbsp;<br \/>&nbsp;<br \/>1552 pcs Good Quality Bricks&nbsp;<br \/>&nbsp;<br \/>Size: 46.5 \u00d7 24 \u00d7 23.5 cm<br \/>&nbsp;<br \/>H\u01b0\u1edbng d\u1eabn th\u1ee7 c\u00f4ng&nbsp;<br \/>&nbsp;<br \/>\ud83d\udcccB\u1ea3n ch\u1ea5t c\u1ee7a nh\u00e2n v\u1eadt ch\u00ednh&nbsp;<br \/>&nbsp;<br \/>Introducing our proud collection named \u201cBrandenburg Gate Berlin Germany\u201d you should not miss.&nbsp;<br \/>&nbsp;<br \/>The Brandenburg Gate is situated in the heart of Berlin, at the western end of Unter den Linden boulevard. It stands near the Pariser Platz square and is one of the main entry points to the city&#8217;s historic center. The gate was built in the late 18th century as a neoclassical triumphal arch. It was constructed between 1788 and 1791 under the orders of King Frederick William II of Prussia. The Brandenburg Gate features a central arch flanked by smaller pedestrian arches on each side. It is adorned with six Doric columns on each side of the central arch, creating a grand and stately appearance. The Quadriga, a sculpture of a chariot drawn by four horses, crowns the gate and symbolizes victory.<\/div>","protected":false},"excerpt":{"rendered":"<p>Th\u01b0\u01a1ng hi\u1ec7u: WANGE<br \/>\nGi\u1edbi t\u00ednh: Unisex<br \/>\n\u0110\u1ed9 tu\u1ed5i: &gt; 6 tu\u1ed5i<br \/>\nModel Number: 6211<br \/>\nPh\u00e2n lo\u1ea1i: T\u1eadp h\u1ee3p<br \/>\nH\u00ecnh d\u1ea1ng kh\u1ed1i nh\u1ef1a: G\u1ea1ch t\u1ef1 kh\u00f3a<br \/>\nCh\u1ea5t li\u1ec7u: Nh\u1ef1a<br \/>\nLo\u1ea1i nh\u1ef1a: ABS<br \/>\nBricks Blocks: 1552 +<br \/>\nKh\u00f4ng c\u00f3 h\u1ed9p ban \u0111\u1ea7u<\/p>","protected":false},"featured_media":49781,"comment_status":"open","ping_status":"closed","template":"","meta":{"_acf_changed":false},"product_cat":[1365,1395,1502,390],"product_tag":[11260,1604,12516,12517,4883,8452,1606,392],"class_list":["product","first","instock","shipping-taxable","purchasable","product-type-simple"],"acf":[],"_links":{"self":[{"href":"https:\/\/mouldking.store\/vi\/wp-json\/wp\/v2\/product\/49786","targetHints":{"allow":["GET"]}}],"collection":[{"href":"https:\/\/mouldking.store\/vi\/wp-json\/wp\/v2\/product"}],"about":[{"href":"https:\/\/mouldking.store\/vi\/wp-json\/wp\/v2\/types\/product"}],"replies":[{"embeddable":true,"href":"https:\/\/mouldking.store\/vi\/wp-json\/wp\/v2\/comments?post=49786"}],"wp:featuredmedia":[{"embeddable":true,"href":"https:\/\/mouldking.store\/vi\/wp-json\/wp\/v2\/media\/49781"}],"wp:attachment":[{"href":"https:\/\/mouldking.store\/vi\/wp-json\/wp\/v2\/media?parent=49786"}],"wp:term":[{"taxonomy":"product_cat","embeddable":true,"href":"https:\/\/mouldking.store\/vi\/wp-json\/wp\/v2\/product_cat?post=49786"},{"taxonomy":"product_tag","embeddable":true,"href":"https:\/\/mouldking.store\/vi\/wp-json\/wp\/v2\/product_tag?post=49786"}],"curies":[{"name":"wp","href":"https:\/\/api.w.org\/{rel}","templated":true}]}}