{"id":49801,"date":"2023-08-25T09:59:17","date_gmt":"2023-08-25T02:59:17","guid":{"rendered":"https:\/\/mouldking.store\/shop\/wange-6216-the-great-wall-beijing-china-with-1517-pieces\/"},"modified":"2023-08-25T09:59:17","modified_gmt":"2023-08-25T02:59:17","slug":"wange-6216-the-great-wall-beijing-china-with-1517-pieces","status":"publish","type":"product","link":"https:\/\/mouldking.store\/vi\/shop\/wange-6216-the-great-wall-beijing-china-with-1517-pieces\/","title":{"rendered":"WANGE 6216 The Great Wall Beijing China with 1517 Pieces"},"content":{"rendered":"<div>\u2705Wange 6216 The Great Wall Beijing China<br \/>&nbsp;<br \/>\u2705The Great Wall of China is one of the world&#8217;s most iconic architectural marvels and historical landmarks. It is a series of fortifications made of various materials, such as stone, brick, wood, and other materials, built across different dynasties in ancient China to protect the country from invasions and incursions.&nbsp;<br \/>&nbsp;<br \/>\ud83d\udeab QUAN TR\u1eccNG!&nbsp;<br \/>&nbsp;<br \/>Product Name: The Great Wall Beijing China<br \/>&nbsp;<br \/>Danh m\u1ee5c: T\u00f2a nh\u00e0 m\u00f4-\u0111un<br \/>&nbsp;<br \/>This Kit Contains: Wange 6216<br \/>&nbsp;<br \/>1517 pcs Good Quality Bricks&nbsp;<br \/>&nbsp;<br \/>H\u01b0\u1edbng d\u1eabn th\u1ee7 c\u00f4ng&nbsp;<br \/>&nbsp;<br \/>\ud83d\udcccB\u1ea3n ch\u1ea5t c\u1ee7a nh\u00e2n v\u1eadt ch\u00ednh&nbsp;<br \/>&nbsp;<br \/>Introducing our proud collection named \u201cThe Great Wall Beijing China\u201d you should not miss.&nbsp;<br \/>&nbsp;<br \/>The Great Wall stretches across northern China, covering a vast distance from the east coast to the west. It was built along the country&#8217;s northern border to provide defense against nomadic tribes and invaders. The Great Wall was not built all at once but was constructed over centuries by different Chinese dynasties. Various sections were built during different time periods, with some sections dating back to the 7th century BC.&nbsp; The primary purpose of the Great Wall was to serve as a defensive barrier against attacks from various nomadic groups, particularly those from the northern steppes. It was also used for border control, trade regulation, and as a communication network.<\/div>","protected":false},"excerpt":{"rendered":"<p>Th\u01b0\u01a1ng hi\u1ec7u: WANGE<br \/>\nGi\u1edbi t\u00ednh: Unisex<br \/>\n\u0110\u1ed9 tu\u1ed5i: &gt; 6 tu\u1ed5i<br \/>\nModel Number: 6216<br \/>\nPh\u00e2n lo\u1ea1i: T\u1eadp h\u1ee3p<br \/>\nH\u00ecnh d\u1ea1ng kh\u1ed1i nh\u1ef1a: G\u1ea1ch t\u1ef1 kh\u00f3a<br \/>\nCh\u1ea5t li\u1ec7u: Nh\u1ef1a<br \/>\nLo\u1ea1i nh\u1ef1a: ABS<br \/>\nBricks Blocks: 1517 +<br \/>\nKh\u00f4ng c\u00f3 h\u1ed9p ban \u0111\u1ea7u<\/p>","protected":false},"featured_media":49798,"comment_status":"open","ping_status":"closed","template":"","meta":{"_acf_changed":false},"product_cat":[1354,1365,1395,1502,390],"product_tag":[11260,12285,10892,4883,8452,12523,12522,392],"class_list":["product","first","instock","shipping-taxable","purchasable","product-type-simple"],"acf":[],"_links":{"self":[{"href":"https:\/\/mouldking.store\/vi\/wp-json\/wp\/v2\/product\/49801","targetHints":{"allow":["GET"]}}],"collection":[{"href":"https:\/\/mouldking.store\/vi\/wp-json\/wp\/v2\/product"}],"about":[{"href":"https:\/\/mouldking.store\/vi\/wp-json\/wp\/v2\/types\/product"}],"replies":[{"embeddable":true,"href":"https:\/\/mouldking.store\/vi\/wp-json\/wp\/v2\/comments?post=49801"}],"wp:featuredmedia":[{"embeddable":true,"href":"https:\/\/mouldking.store\/vi\/wp-json\/wp\/v2\/media\/49798"}],"wp:attachment":[{"href":"https:\/\/mouldking.store\/vi\/wp-json\/wp\/v2\/media?parent=49801"}],"wp:term":[{"taxonomy":"product_cat","embeddable":true,"href":"https:\/\/mouldking.store\/vi\/wp-json\/wp\/v2\/product_cat?post=49801"},{"taxonomy":"product_tag","embeddable":true,"href":"https:\/\/mouldking.store\/vi\/wp-json\/wp\/v2\/product_tag?post=49801"}],"curies":[{"name":"wp","href":"https:\/\/api.w.org\/{rel}","templated":true}]}}