{"id":49815,"date":"2023-08-25T10:00:48","date_gmt":"2023-08-25T03:00:48","guid":{"rendered":"https:\/\/mouldking.store\/shop\/wange-6218-santa-claus-office-rovaniemi-finland-with-2180-pieces\/"},"modified":"2023-08-25T10:00:48","modified_gmt":"2023-08-25T03:00:48","slug":"wange-6218-santa-claus-office-rovaniemi-finland-with-2180-pieces","status":"publish","type":"product","link":"https:\/\/mouldking.store\/vi\/shop\/wange-6218-santa-claus-office-rovaniemi-finland-with-2180-pieces\/","title":{"rendered":"WANGE 6218 Santa Claus Office Rovaniemi Finland with 2180 Pieces"},"content":{"rendered":"<div>\u2705 Wange 6218 Santa Claus Office Rovaniemi Finland<br \/>&nbsp;<br \/>\u2705The Santa Claus Office is a popular tourist attraction located in Rovaniemi, Finland. Rovaniemi is known for being the official hometown of Santa Claus, and the Santa Claus Office is a place where visitors can experience the magic of Christmas, meet Santa Claus, and send postcards from the Arctic Circle.<br \/>&nbsp;<br \/>\ud83d\udeab QUAN TR\u1eccNG!&nbsp;<br \/>&nbsp;<br \/>Product Name: Santa Claus Office Rovaniemi Finland<br \/>&nbsp;<br \/>Danh m\u1ee5c: T\u00f2a nh\u00e0 m\u00f4-\u0111un<br \/>&nbsp;<br \/>This Kit Contains: Wange 6218<br \/>&nbsp;<br \/>2180 pcs Good Quality Bricks&nbsp;<br \/>&nbsp;<br \/>Size: 52.8 x 36.9 x 37.8 cm&nbsp;<br \/>&nbsp;<br \/>H\u01b0\u1edbng d\u1eabn th\u1ee7 c\u00f4ng&nbsp;<br \/>&nbsp;<br \/>\ud83d\udcccB\u1ea3n ch\u1ea5t c\u1ee7a nh\u00e2n v\u1eadt ch\u00ednh&nbsp;<br \/>&nbsp;<br \/>Introducing our proud collection named \u201cSanta Claus Office Rovaniemi Finland\u201d you should not miss.&nbsp;<br \/>&nbsp;<br \/>The Santa Claus Office is situated in the Arctic Circle in Rovaniemi, which is the capital of Lapland, Finland. It is a significant tourist destination, especially during the winter months. One of the main attractions of the Santa Claus Office is the opportunity for visitors to meet Santa Claus in person. Santa Claus is available to greet visitors, listen to their Christmas wishes, and pose for photos. The Santa Claus Office is located on the Arctic Circle line, which marks the boundary of the Arctic region. Visitors have the chance to stand with one foot on each side of the line, making for a unique photo opportunity.<\/div>","protected":false},"excerpt":{"rendered":"<p>Th\u01b0\u01a1ng hi\u1ec7u: WANGE<br \/>\nGi\u1edbi t\u00ednh: Unisex<br \/>\n\u0110\u1ed9 tu\u1ed5i: &gt; 6 tu\u1ed5i<br \/>\nModel Number: 6218<br \/>\nPh\u00e2n lo\u1ea1i: T\u1eadp h\u1ee3p<br \/>\nH\u00ecnh d\u1ea1ng kh\u1ed1i nh\u1ef1a: G\u1ea1ch t\u1ef1 kh\u00f3a<br \/>\nCh\u1ea5t li\u1ec7u: Nh\u1ef1a<br \/>\nLo\u1ea1i nh\u1ef1a: ABS<br \/>\nBricks Blocks: 2180 +<br \/>\nKh\u00f4ng c\u00f3 h\u1ed9p ban \u0111\u1ea7u<\/p>","protected":false},"featured_media":49811,"comment_status":"open","ping_status":"closed","template":"","meta":{"_acf_changed":false},"product_cat":[1365,1395,1502,390],"product_tag":[11260,1066,4883,8452,12531,392,12530,12529],"class_list":["product","first","instock","shipping-taxable","purchasable","product-type-simple"],"acf":[],"_links":{"self":[{"href":"https:\/\/mouldking.store\/vi\/wp-json\/wp\/v2\/product\/49815","targetHints":{"allow":["GET"]}}],"collection":[{"href":"https:\/\/mouldking.store\/vi\/wp-json\/wp\/v2\/product"}],"about":[{"href":"https:\/\/mouldking.store\/vi\/wp-json\/wp\/v2\/types\/product"}],"replies":[{"embeddable":true,"href":"https:\/\/mouldking.store\/vi\/wp-json\/wp\/v2\/comments?post=49815"}],"wp:featuredmedia":[{"embeddable":true,"href":"https:\/\/mouldking.store\/vi\/wp-json\/wp\/v2\/media\/49811"}],"wp:attachment":[{"href":"https:\/\/mouldking.store\/vi\/wp-json\/wp\/v2\/media?parent=49815"}],"wp:term":[{"taxonomy":"product_cat","embeddable":true,"href":"https:\/\/mouldking.store\/vi\/wp-json\/wp\/v2\/product_cat?post=49815"},{"taxonomy":"product_tag","embeddable":true,"href":"https:\/\/mouldking.store\/vi\/wp-json\/wp\/v2\/product_tag?post=49815"}],"curies":[{"name":"wp","href":"https:\/\/api.w.org\/{rel}","templated":true}]}}