{"id":49840,"date":"2023-08-25T10:05:50","date_gmt":"2023-08-25T03:05:50","guid":{"rendered":"https:\/\/mouldking.store\/shop\/wange-6219-united-nations-headquarters-new-york-america-with-1597-pieces\/"},"modified":"2023-08-25T10:05:50","modified_gmt":"2023-08-25T03:05:50","slug":"wange-6219-united-nations-headquarters-new-york-america-with-1597-pieces","status":"publish","type":"product","link":"https:\/\/mouldking.store\/vi\/shop\/wange-6219-united-nations-headquarters-new-york-america-with-1597-pieces\/","title":{"rendered":"WANGE 6219 United Nations Headquarters New York America with 1597 Pieces"},"content":{"rendered":"<div>\u2705Wange 6219 United Nations Headquarters New York America<br \/>&nbsp;<br \/>\u2705The United Nations Headquarters is the main administrative center of the United Nations (UN), an international organization dedicated to promoting peace, cooperation, and addressing global challenges. The headquarters is located in New York City, United States.&nbsp;<br \/>&nbsp;<br \/>\ud83d\udeab QUAN TR\u1eccNG!&nbsp;<br \/>&nbsp;<br \/>Product Name: United Nations Headquarters New York America<br \/>&nbsp;<br \/>Danh m\u1ee5c: T\u00f2a nh\u00e0 m\u00f4-\u0111un<br \/>&nbsp;<br \/>This Kit Contains: Wange 6219<br \/>&nbsp;<br \/>1597 pcs Good Quality Bricks&nbsp;<br \/>&nbsp;<br \/>Size: 50 \u00d7 20 \u00d7 37 cm<br \/>&nbsp;<br \/>H\u01b0\u1edbng d\u1eabn th\u1ee7 c\u00f4ng&nbsp;<br \/>&nbsp;<br \/>\ud83d\udcccB\u1ea3n ch\u1ea5t c\u1ee7a nh\u00e2n v\u1eadt ch\u00ednh&nbsp;<br \/>&nbsp;<br \/>Introducing our proud collection named \u201cUnited Nations Headquarters New York America\u201d you should not miss.&nbsp;<br \/>&nbsp;<br \/>The United Nations Headquarters is situated in the Turtle Bay neighborhood of Manhattan in New York City. It occupies a prime location along the East River.The UN Headquarters serves as the primary gathering place for meetings, conferences, and diplomatic negotiations among member states. It provides a platform for international cooperation and discussions on various global issues, including peace, security, development, and human rights. The main complex of the UN Headquarters was designed by an international team of architects, including Le Corbusier, Oscar Niemeyer, and others. The iconic General Assembly Hall, with its distinctive fan-shaped ceiling, is a notable feature of the complex.<\/div>","protected":false},"excerpt":{"rendered":"<p>Th\u01b0\u01a1ng hi\u1ec7u: WANGE<br \/>\nGi\u1edbi t\u00ednh: Unisex<br \/>\n\u0110\u1ed9 tu\u1ed5i: &gt; 6 tu\u1ed5i<br \/>\nModel Number: 6219<br \/>\nPh\u00e2n lo\u1ea1i: T\u1eadp h\u1ee3p<br \/>\nH\u00ecnh d\u1ea1ng kh\u1ed1i nh\u1ef1a: G\u1ea1ch t\u1ef1 kh\u00f3a<br \/>\nCh\u1ea5t li\u1ec7u: Nh\u1ef1a<br \/>\nLo\u1ea1i nh\u1ef1a: ABS<br \/>\nBricks Blocks: 1597 +<br \/>\nKh\u00f4ng c\u00f3 h\u1ed9p ban \u0111\u1ea7u<\/p>","protected":false},"featured_media":49835,"comment_status":"open","ping_status":"closed","template":"","meta":{"_acf_changed":false},"product_cat":[1365,1395,1502,390],"product_tag":[11260,4883,8452,11425,392,12471,12532],"class_list":["product","first","instock","shipping-taxable","purchasable","product-type-simple"],"acf":[],"_links":{"self":[{"href":"https:\/\/mouldking.store\/vi\/wp-json\/wp\/v2\/product\/49840","targetHints":{"allow":["GET"]}}],"collection":[{"href":"https:\/\/mouldking.store\/vi\/wp-json\/wp\/v2\/product"}],"about":[{"href":"https:\/\/mouldking.store\/vi\/wp-json\/wp\/v2\/types\/product"}],"replies":[{"embeddable":true,"href":"https:\/\/mouldking.store\/vi\/wp-json\/wp\/v2\/comments?post=49840"}],"wp:featuredmedia":[{"embeddable":true,"href":"https:\/\/mouldking.store\/vi\/wp-json\/wp\/v2\/media\/49835"}],"wp:attachment":[{"href":"https:\/\/mouldking.store\/vi\/wp-json\/wp\/v2\/media?parent=49840"}],"wp:term":[{"taxonomy":"product_cat","embeddable":true,"href":"https:\/\/mouldking.store\/vi\/wp-json\/wp\/v2\/product_cat?post=49840"},{"taxonomy":"product_tag","embeddable":true,"href":"https:\/\/mouldking.store\/vi\/wp-json\/wp\/v2\/product_tag?post=49840"}],"curies":[{"name":"wp","href":"https:\/\/api.w.org\/{rel}","templated":true}]}}