{"id":49846,"date":"2023-08-25T10:07:32","date_gmt":"2023-08-25T03:07:32","guid":{"rendered":"https:\/\/mouldking.store\/shop\/wange-6213-saint-basils-cathedral-moscow-russia-with-3213-pieces\/"},"modified":"2023-08-25T10:07:32","modified_gmt":"2023-08-25T03:07:32","slug":"wange-6213-saint-basils-cathedral-moscow-russia-with-3213-pieces","status":"publish","type":"product","link":"https:\/\/mouldking.store\/vi\/shop\/wange-6213-saint-basils-cathedral-moscow-russia-with-3213-pieces\/","title":{"rendered":"WANGE 6213 Saint Basil&#8217;s Cathedral Moscow Russia with 3213 Pieces"},"content":{"rendered":"<div>\u2705Wange 6213 Saint Basil&#8217;s Cathedral Moscow Russia<br \/>&nbsp;<br \/>\u2705Saint Basil&#8217;s Cathedral, officially known as the Cathedral of the Intercession of the Most Holy Theotokos on the Moat, is an iconic and visually striking cathedral located in Moscow, Russia. It is one of the most recognizable landmarks in the country and is known for its colorful domes and unique architectural style.&nbsp;<br \/>&nbsp;<br \/>\ud83d\udeab QUAN TR\u1eccNG!&nbsp;<br \/>&nbsp;<br \/>Product Name: Saint Basil&#8217;s Cathedral Moscow Russia<br \/>&nbsp;<br \/>Danh m\u1ee5c: T\u00f2a nh\u00e0 m\u00f4-\u0111un<br \/>&nbsp;<br \/>This Kit Contains: Wange 6213&nbsp;<br \/>&nbsp;<br \/>3213 pcs Good Quality Bricks&nbsp;<br \/>&nbsp;<br \/>H\u01b0\u1edbng d\u1eabn th\u1ee7 c\u00f4ng&nbsp;<br \/>&nbsp;<br \/>\ud83d\udcccB\u1ea3n ch\u1ea5t c\u1ee7a nh\u00e2n v\u1eadt ch\u00ednh&nbsp;<br \/>&nbsp;<br \/>Introducing our proud collection named \u201cSaint Basil&#8217;s Cathedral Moscow Russia\u201d you should not miss.&nbsp;<br \/>&nbsp;<br \/>Saint Basil&#8217;s Cathedral is situated at the southern end of Red Square, the historic and cultural center of Moscow.The cathedral is renowned for its distinctive architecture, characterized by its multiple colorful onion-shaped domes, ornate facades, and whimsical design. It is often described as a prime example of Russian architectural style during the late medieval period. The cathedral was commissioned by Ivan the Terrible to commemorate the capture of the city of Kazan in 1552 and the capture of the Khanate of Astrakhan in 1556. It was constructed between 1555 and 1561.<\/div>","protected":false},"excerpt":{"rendered":"<p>Th\u01b0\u01a1ng hi\u1ec7u: WANGE<br \/>\nGi\u1edbi t\u00ednh: Unisex<br \/>\n\u0110\u1ed9 tu\u1ed5i: &gt; 6 tu\u1ed5i<br \/>\nModel Number: 6213<br \/>\nPh\u00e2n lo\u1ea1i: T\u1eadp h\u1ee3p<br \/>\nH\u00ecnh d\u1ea1ng kh\u1ed1i nh\u1ef1a: G\u1ea1ch t\u1ef1 kh\u00f3a<br \/>\nCh\u1ea5t li\u1ec7u: Nh\u1ef1a<br \/>\nLo\u1ea1i nh\u1ef1a: ABS<br \/>\nBricks Blocks: 3213 +<br \/>\nKh\u00f4ng c\u00f3 h\u1ed9p ban \u0111\u1ea7u<\/p>","protected":false},"featured_media":49841,"comment_status":"open","ping_status":"closed","template":"","meta":{"_acf_changed":false},"product_cat":[1365,1395,1502,390],"product_tag":[11260,12518,4883,8452,392,12519,12520,8000],"class_list":["product","first","instock","shipping-taxable","purchasable","product-type-simple"],"acf":[],"_links":{"self":[{"href":"https:\/\/mouldking.store\/vi\/wp-json\/wp\/v2\/product\/49846","targetHints":{"allow":["GET"]}}],"collection":[{"href":"https:\/\/mouldking.store\/vi\/wp-json\/wp\/v2\/product"}],"about":[{"href":"https:\/\/mouldking.store\/vi\/wp-json\/wp\/v2\/types\/product"}],"replies":[{"embeddable":true,"href":"https:\/\/mouldking.store\/vi\/wp-json\/wp\/v2\/comments?post=49846"}],"wp:featuredmedia":[{"embeddable":true,"href":"https:\/\/mouldking.store\/vi\/wp-json\/wp\/v2\/media\/49841"}],"wp:attachment":[{"href":"https:\/\/mouldking.store\/vi\/wp-json\/wp\/v2\/media?parent=49846"}],"wp:term":[{"taxonomy":"product_cat","embeddable":true,"href":"https:\/\/mouldking.store\/vi\/wp-json\/wp\/v2\/product_cat?post=49846"},{"taxonomy":"product_tag","embeddable":true,"href":"https:\/\/mouldking.store\/vi\/wp-json\/wp\/v2\/product_tag?post=49846"}],"curies":[{"name":"wp","href":"https:\/\/api.w.org\/{rel}","templated":true}]}}