{"id":49880,"date":"2023-08-25T10:12:39","date_gmt":"2023-08-25T03:12:39","guid":{"rendered":"https:\/\/mouldking.store\/shop\/wange-5223-arc-de-triomphe-paris-france-with-1399-pieces\/"},"modified":"2023-08-25T10:12:39","modified_gmt":"2023-08-25T03:12:39","slug":"wange-5223-arc-de-triomphe-paris-france-with-1399-pieces","status":"publish","type":"product","link":"https:\/\/mouldking.store\/vi\/shop\/wange-5223-arc-de-triomphe-paris-france-with-1399-pieces\/","title":{"rendered":"WANGE 5223 Arc de Triomphe Paris France with 1399 Pieces"},"content":{"rendered":"<div>\u2705 Wange 5223 Arc de Triomphe Paris France<br \/>&nbsp;<br \/>\u2705The Arc de Triomphe is an iconic monument located in the heart of Paris, France. It is one of the most famous landmarks in the city and holds significant historical and cultural importance.<br \/>&nbsp;<br \/>\ud83d\udeab QUAN TR\u1eccNG!&nbsp;<br \/>&nbsp;<br \/>Product Name: Arc de Triomphe Paris France<br \/>&nbsp;<br \/>Danh m\u1ee5c: T\u00f2a nh\u00e0 m\u00f4-\u0111un<br \/>&nbsp;<br \/>This Kit Contains:&nbsp; Wange 5223<br \/>&nbsp;<br \/>1399 pcs Good Quality Bricks&nbsp;<br \/>&nbsp;<br \/>Size: 27 x 17.5 x 27.4cm&nbsp;<br \/>&nbsp;<br \/>H\u01b0\u1edbng d\u1eabn th\u1ee7 c\u00f4ng&nbsp;<br \/>&nbsp;<br \/>\ud83d\udcccB\u1ea3n ch\u1ea5t c\u1ee7a nh\u00e2n v\u1eadt ch\u00ednh&nbsp;<br \/>&nbsp;<br \/>Introducing our proud collection named \u201cArc de Triomphe Paris France\u201d you should not miss.&nbsp;<br \/>&nbsp;<br \/>The Arc de Triomphe is situated at the western end of the Champs-\u00c9lys\u00e9es avenue in the 8th arrondissement of Paris. It stands in the center of the Place Charles de Gaulle, a major traffic circle. The Arc de Triomphe is a massive triumphal arch that features neoclassical architectural style. It was inspired by ancient Roman arches and was designed by architect Jean-Fran\u00e7ois-Th\u00e9r\u00e8se Chalgrin. The monument was commissioned by Napoleon Bonaparte in 1806 after his victory at Austerlitz. Its purpose was to honor and celebrate the achievements of the French army and to commemorate the soldiers who fought and died during the French Revolutionary and Napoleonic Wars.<\/div>","protected":false},"excerpt":{"rendered":"<p>Th\u01b0\u01a1ng hi\u1ec7u: WANGE<br \/>\nGi\u1edbi t\u00ednh: Unisex<br \/>\n\u0110\u1ed9 tu\u1ed5i: &gt; 6 tu\u1ed5i<br \/>\nModel Number: 5223<br \/>\nPh\u00e2n lo\u1ea1i: T\u1eadp h\u1ee3p<br \/>\nH\u00ecnh d\u1ea1ng kh\u1ed1i nh\u1ef1a: G\u1ea1ch t\u1ef1 kh\u00f3a<br \/>\nCh\u1ea5t li\u1ec7u: Nh\u1ef1a<br \/>\nLo\u1ea1i nh\u1ef1a: ABS<br \/>\nBricks Blocks: 1399 +<br \/>\nKh\u00f4ng c\u00f3 h\u1ed9p ban \u0111\u1ea7u<\/p>","protected":false},"featured_media":49874,"comment_status":"open","ping_status":"closed","template":"","meta":{"_acf_changed":false},"product_cat":[1365,1395,1502,390],"product_tag":[12541,11260,4883,8452,12542,392,10833],"class_list":["product","first","instock","shipping-taxable","purchasable","product-type-simple"],"acf":[],"_links":{"self":[{"href":"https:\/\/mouldking.store\/vi\/wp-json\/wp\/v2\/product\/49880","targetHints":{"allow":["GET"]}}],"collection":[{"href":"https:\/\/mouldking.store\/vi\/wp-json\/wp\/v2\/product"}],"about":[{"href":"https:\/\/mouldking.store\/vi\/wp-json\/wp\/v2\/types\/product"}],"replies":[{"embeddable":true,"href":"https:\/\/mouldking.store\/vi\/wp-json\/wp\/v2\/comments?post=49880"}],"wp:featuredmedia":[{"embeddable":true,"href":"https:\/\/mouldking.store\/vi\/wp-json\/wp\/v2\/media\/49874"}],"wp:attachment":[{"href":"https:\/\/mouldking.store\/vi\/wp-json\/wp\/v2\/media?parent=49880"}],"wp:term":[{"taxonomy":"product_cat","embeddable":true,"href":"https:\/\/mouldking.store\/vi\/wp-json\/wp\/v2\/product_cat?post=49880"},{"taxonomy":"product_tag","embeddable":true,"href":"https:\/\/mouldking.store\/vi\/wp-json\/wp\/v2\/product_tag?post=49880"}],"curies":[{"name":"wp","href":"https:\/\/api.w.org\/{rel}","templated":true}]}}