{"id":49897,"date":"2023-08-25T10:14:38","date_gmt":"2023-08-25T03:14:38","guid":{"rendered":"https:\/\/mouldking.store\/shop\/wange-5230-aiwan-ting-pavilion-hunan-china-with-987-pieces\/"},"modified":"2023-08-25T10:14:38","modified_gmt":"2023-08-25T03:14:38","slug":"wange-5230-aiwan-ting-pavilion-hunan-china-with-987-pieces","status":"publish","type":"product","link":"https:\/\/mouldking.store\/vi\/shop\/wange-5230-aiwan-ting-pavilion-hunan-china-with-987-pieces\/","title":{"rendered":"WANGE 5230 Aiwan Ting Pavilion Hunan China with 987 Pieces"},"content":{"rendered":"<div>\u2705 Wange 5230 Aiwan Ting Pavilion Hunan China<br \/>&nbsp;<br \/>\u2705The Aiwan Pavilion, also known as Aiwan Ting, is a historic pavilion located in Changsha, the capital city of Hunan Province in China. It is a culturally significant architectural structure with a rich history.&nbsp;<br \/>&nbsp;<br \/>\ud83d\udeab QUAN TR\u1eccNG!&nbsp;<br \/>&nbsp;<br \/>Product Name: Aiwan Ting Pavilion Hunan China<br \/>&nbsp;<br \/>Danh m\u1ee5c: T\u00f2a nh\u00e0 m\u00f4-\u0111un<br \/>&nbsp;<br \/>This Kit Contains: Wange 5230<br \/>&nbsp;<br \/>987 pcs Good Quality Bricks&nbsp;<br \/>&nbsp;<br \/>Size: 43.1 \u00d7 29.1 \u00d7 31 cm<br \/>&nbsp;<br \/>H\u01b0\u1edbng d\u1eabn th\u1ee7 c\u00f4ng&nbsp;<br \/>&nbsp;<br \/>\ud83d\udcccB\u1ea3n ch\u1ea5t c\u1ee7a nh\u00e2n v\u1eadt ch\u00ednh&nbsp;<br \/>&nbsp;<br \/>Introducing our proud collection named \u201cAiwan Ting Pavilion Hunan China\u201d you should not miss.&nbsp;<br \/>&nbsp;<br \/>&nbsp;The Aiwan Pavilion is situated in Furong Square in the city of Changsha, Hunan Province, China. It is a central and easily accessible location in the city. The original Aiwan Pavilion dates back to the Tang Dynasty (618-907 AD), making it over a thousand years old. Throughout its history, the pavilion has undergone several reconstructions and renovations. The name &#8220;Aiwan&#8221; can be translated as &#8220;Loving Swallows.&#8221; It is said that swallows would gather around the pavilion, adding to its charm and giving rise to the name.<\/div>","protected":false},"excerpt":{"rendered":"<p>Th\u01b0\u01a1ng hi\u1ec7u: WANGE<br \/>\nGi\u1edbi t\u00ednh: Unisex<br \/>\n\u0110\u1ed9 tu\u1ed5i: &gt; 6 tu\u1ed5i<br \/>\nModel Number: 5230<br \/>\nPh\u00e2n lo\u1ea1i: T\u1eadp h\u1ee3p<br \/>\nH\u00ecnh d\u1ea1ng kh\u1ed1i nh\u1ef1a: G\u1ea1ch t\u1ef1 kh\u00f3a<br \/>\nCh\u1ea5t li\u1ec7u: Nh\u1ef1a<br \/>\nLo\u1ea1i nh\u1ef1a: ABS<br \/>\nBricks Blocks: 987 +<br \/>\nKh\u00f4ng c\u00f3 h\u1ed9p ban \u0111\u1ea7u<\/p>","protected":false},"featured_media":49893,"comment_status":"open","ping_status":"closed","template":"","meta":{"_acf_changed":false},"product_cat":[1354,1365,1395,1502,390],"product_tag":[12547,11260,10892,4883,8452,12549,392,10947,12548],"class_list":["product","first","instock","shipping-taxable","purchasable","product-type-simple"],"acf":[],"_links":{"self":[{"href":"https:\/\/mouldking.store\/vi\/wp-json\/wp\/v2\/product\/49897","targetHints":{"allow":["GET"]}}],"collection":[{"href":"https:\/\/mouldking.store\/vi\/wp-json\/wp\/v2\/product"}],"about":[{"href":"https:\/\/mouldking.store\/vi\/wp-json\/wp\/v2\/types\/product"}],"replies":[{"embeddable":true,"href":"https:\/\/mouldking.store\/vi\/wp-json\/wp\/v2\/comments?post=49897"}],"wp:featuredmedia":[{"embeddable":true,"href":"https:\/\/mouldking.store\/vi\/wp-json\/wp\/v2\/media\/49893"}],"wp:attachment":[{"href":"https:\/\/mouldking.store\/vi\/wp-json\/wp\/v2\/media?parent=49897"}],"wp:term":[{"taxonomy":"product_cat","embeddable":true,"href":"https:\/\/mouldking.store\/vi\/wp-json\/wp\/v2\/product_cat?post=49897"},{"taxonomy":"product_tag","embeddable":true,"href":"https:\/\/mouldking.store\/vi\/wp-json\/wp\/v2\/product_tag?post=49897"}],"curies":[{"name":"wp","href":"https:\/\/api.w.org\/{rel}","templated":true}]}}