{"id":49909,"date":"2023-08-25T10:15:30","date_gmt":"2023-08-25T03:15:30","guid":{"rendered":"https:\/\/mouldking.store\/shop\/wange-5236-zuiweng-pavilion-anhui-china-with-917-pieces\/"},"modified":"2023-08-25T10:15:30","modified_gmt":"2023-08-25T03:15:30","slug":"wange-5236-zuiweng-pavilion-anhui-china-with-917-pieces","status":"publish","type":"product","link":"https:\/\/mouldking.store\/vi\/shop\/wange-5236-zuiweng-pavilion-anhui-china-with-917-pieces\/","title":{"rendered":"WANGE 5236 Zuiweng Pavilion Anhui China with 917 Pieces"},"content":{"rendered":"<div>\u2705 Wange 5236 Zuiweng Pavilion Anhui China<br \/>&nbsp;<br \/>\u2705Zuiweng Pavilion, also known as Zuiwengting or Drunken Weng Pavilion, is a historic pavilion located in Huangshan City, Anhui Province, China. It is a renowned cultural and architectural site that is closely associated with poetry and Chinese literati culture.&nbsp;<br \/>&nbsp;<br \/>\ud83d\udeab QUAN TR\u1eccNG!&nbsp;<br \/>&nbsp;<br \/>Product Name: Zuiweng Pavilion Anhui China<br \/>&nbsp;<br \/>Danh m\u1ee5c: T\u00f2a nh\u00e0 m\u00f4-\u0111un<br \/>&nbsp;<br \/>This Kit Contains:&nbsp; Wange 5236<br \/>&nbsp;<br \/>917 pcs Good Quality Bricks&nbsp;<br \/>&nbsp;<br \/>Size: 36.7 \u00d7 27.3 \u00d7 23.6 cm<br \/>&nbsp;<br \/>H\u01b0\u1edbng d\u1eabn th\u1ee7 c\u00f4ng&nbsp;<br \/>&nbsp;<br \/>\ud83d\udcccB\u1ea3n ch\u1ea5t c\u1ee7a nh\u00e2n v\u1eadt ch\u00ednh&nbsp;<br \/>&nbsp;<br \/>Introducing our proud collection named \u201cZuiweng Pavilion Anhui China\u201d you should not miss.&nbsp;<br \/>&nbsp;<br \/>&nbsp;Zuiweng Pavilion is situated in the picturesque landscape of Huangshan (Yellow Mountain) in Anhui Province, known for its stunning natural beauty. Zuiweng Pavilion was originally constructed during the Tang Dynasty (618-907 AD) and has a history of over a thousand years. It was rebuilt and restored during different periods throughout its history. The name &#8220;Zuiweng&#8221; translates to &#8220;Drunken Weng.&#8221; It is associated with the story of Lin Bu, a famous poet from the Song Dynasty, who is said to have lived in seclusion in the pavilion and enjoyed a simple and reclusive life.<\/div>","protected":false},"excerpt":{"rendered":"<p>Th\u01b0\u01a1ng hi\u1ec7u: WANGE<br \/>\nGi\u1edbi t\u00ednh: Unisex<br \/>\n\u0110\u1ed9 tu\u1ed5i: &gt; 6 tu\u1ed5i<br \/>\nModel Number: 5236<br \/>\nPh\u00e2n lo\u1ea1i: T\u1eadp h\u1ee3p<br \/>\nH\u00ecnh d\u1ea1ng kh\u1ed1i nh\u1ef1a: G\u1ea1ch t\u1ef1 kh\u00f3a<br \/>\nCh\u1ea5t li\u1ec7u: Nh\u1ef1a<br \/>\nLo\u1ea1i nh\u1ef1a: ABS<br \/>\nBricks Blocks: 917 +<br \/>\nKh\u00f4ng c\u00f3 h\u1ed9p ban \u0111\u1ea7u<\/p>","protected":false},"featured_media":49904,"comment_status":"open","ping_status":"closed","template":"","meta":{"_acf_changed":false},"product_cat":[1354,1365,1395,1502,390],"product_tag":[12553,11260,10892,4883,8452,392,10947,12552],"class_list":["product","first","instock","shipping-taxable","purchasable","product-type-simple"],"acf":[],"_links":{"self":[{"href":"https:\/\/mouldking.store\/vi\/wp-json\/wp\/v2\/product\/49909","targetHints":{"allow":["GET"]}}],"collection":[{"href":"https:\/\/mouldking.store\/vi\/wp-json\/wp\/v2\/product"}],"about":[{"href":"https:\/\/mouldking.store\/vi\/wp-json\/wp\/v2\/types\/product"}],"replies":[{"embeddable":true,"href":"https:\/\/mouldking.store\/vi\/wp-json\/wp\/v2\/comments?post=49909"}],"wp:featuredmedia":[{"embeddable":true,"href":"https:\/\/mouldking.store\/vi\/wp-json\/wp\/v2\/media\/49904"}],"wp:attachment":[{"href":"https:\/\/mouldking.store\/vi\/wp-json\/wp\/v2\/media?parent=49909"}],"wp:term":[{"taxonomy":"product_cat","embeddable":true,"href":"https:\/\/mouldking.store\/vi\/wp-json\/wp\/v2\/product_cat?post=49909"},{"taxonomy":"product_tag","embeddable":true,"href":"https:\/\/mouldking.store\/vi\/wp-json\/wp\/v2\/product_tag?post=49909"}],"curies":[{"name":"wp","href":"https:\/\/api.w.org\/{rel}","templated":true}]}}