{"id":49927,"date":"2023-08-25T10:17:22","date_gmt":"2023-08-25T03:17:22","guid":{"rendered":"https:\/\/mouldking.store\/shop\/wange-5231-christ-the-redeemer-rio-de-janeiro-brazil-with-973-pieces\/"},"modified":"2023-08-25T10:17:22","modified_gmt":"2023-08-25T03:17:22","slug":"wange-5231-christ-the-redeemer-rio-de-janeiro-brazil-with-973-pieces","status":"publish","type":"product","link":"https:\/\/mouldking.store\/vi\/shop\/wange-5231-christ-the-redeemer-rio-de-janeiro-brazil-with-973-pieces\/","title":{"rendered":"WANGE 5231 Christ the Redeemer Rio de Janeiro Brazil with 973 Pieces"},"content":{"rendered":"<div>\u2705 Wange 5231 Christ the Redeemer Rio de Janeiro Brazil&nbsp;<br \/>&nbsp;<br \/>\u2705Christ the Redeemer (Cristo Redentor) is an iconic statue located in Rio de Janeiro, Brazil. It is one of the most recognizable landmarks in the world and a symbol of both the city and the country.&nbsp;<br \/>&nbsp;<br \/>\ud83d\udeab QUAN TR\u1eccNG!&nbsp;<br \/>&nbsp;<br \/>Product Name: Christ the Redeemer Rio de Janeiro Brazil&nbsp;<br \/>&nbsp;<br \/>Danh m\u1ee5c: T\u00f2a nh\u00e0 m\u00f4-\u0111un<br \/>&nbsp;<br \/>This Kit Contains: Wange 5231<br \/>&nbsp;<br \/>973 pcs Good Quality Bricks&nbsp;<br \/>&nbsp;<br \/>Size: 31.9 \u00d7 17.5 \u00d7 42.6 cm<br \/>&nbsp;<br \/>H\u01b0\u1edbng d\u1eabn th\u1ee7 c\u00f4ng&nbsp;<br \/>&nbsp;<br \/>\ud83d\udcccB\u1ea3n ch\u1ea5t c\u1ee7a nh\u00e2n v\u1eadt ch\u00ednh&nbsp;<br \/>&nbsp;<br \/>Introducing our proud collection named \u201cChrist the Redeemer Rio de Janeiro Brazil \u201d you should not miss.&nbsp;<br \/>&nbsp;<br \/>The statue is situated atop the Corcovado Mountain, which overlooks the city of Rio de Janeiro and offers breathtaking panoramic views of the surrounding landscape. Christ the Redeemer is a colossal Art Deco statue of Jesus Christ with outstretched arms. It stands 98 feet (30 meters) tall and has a wingspan of 92 feet (28 meters). The statue is made of reinforced concrete and soapstone. The idea for the statue was conceived in the late 1920s as a way to promote Christianity and strengthen the faith of the Brazilian people. Construction of the statue began in 1926 and was completed in 1931.<\/div>","protected":false},"excerpt":{"rendered":"<p>Th\u01b0\u01a1ng hi\u1ec7u: WANGE<br \/>\nGi\u1edbi t\u00ednh: Unisex<br \/>\n\u0110\u1ed9 tu\u1ed5i: &gt; 6 tu\u1ed5i<br \/>\nModel Number: 5231<br \/>\nPh\u00e2n lo\u1ea1i: T\u1eadp h\u1ee3p<br \/>\nH\u00ecnh d\u1ea1ng kh\u1ed1i nh\u1ef1a: G\u1ea1ch t\u1ef1 kh\u00f3a<br \/>\nCh\u1ea5t li\u1ec7u: Nh\u1ef1a<br \/>\nLo\u1ea1i nh\u1ef1a: ABS<br \/>\nBricks Blocks: 973 +<br \/>\nKh\u00f4ng c\u00f3 h\u1ed9p ban \u0111\u1ea7u<\/p>","protected":false},"featured_media":49923,"comment_status":"open","ping_status":"closed","template":"","meta":{"_acf_changed":false},"product_cat":[1365,1395,1502,390],"product_tag":[11260,12560,12557,4883,8452,392,12558,12559],"class_list":["product","first","instock","shipping-taxable","purchasable","product-type-simple"],"acf":[],"_links":{"self":[{"href":"https:\/\/mouldking.store\/vi\/wp-json\/wp\/v2\/product\/49927","targetHints":{"allow":["GET"]}}],"collection":[{"href":"https:\/\/mouldking.store\/vi\/wp-json\/wp\/v2\/product"}],"about":[{"href":"https:\/\/mouldking.store\/vi\/wp-json\/wp\/v2\/types\/product"}],"replies":[{"embeddable":true,"href":"https:\/\/mouldking.store\/vi\/wp-json\/wp\/v2\/comments?post=49927"}],"wp:featuredmedia":[{"embeddable":true,"href":"https:\/\/mouldking.store\/vi\/wp-json\/wp\/v2\/media\/49923"}],"wp:attachment":[{"href":"https:\/\/mouldking.store\/vi\/wp-json\/wp\/v2\/media?parent=49927"}],"wp:term":[{"taxonomy":"product_cat","embeddable":true,"href":"https:\/\/mouldking.store\/vi\/wp-json\/wp\/v2\/product_cat?post=49927"},{"taxonomy":"product_tag","embeddable":true,"href":"https:\/\/mouldking.store\/vi\/wp-json\/wp\/v2\/product_tag?post=49927"}],"curies":[{"name":"wp","href":"https:\/\/api.w.org\/{rel}","templated":true}]}}