{"id":49932,"date":"2023-08-25T10:18:40","date_gmt":"2023-08-25T03:18:40","guid":{"rendered":"https:\/\/mouldking.store\/shop\/wange-4219-tower-bridge-london-england-with-969-pieces\/"},"modified":"2023-08-25T10:18:40","modified_gmt":"2023-08-25T03:18:40","slug":"wange-4219-tower-bridge-london-england-with-969-pieces","status":"publish","type":"product","link":"https:\/\/mouldking.store\/vi\/shop\/wange-4219-tower-bridge-london-england-with-969-pieces\/","title":{"rendered":"WANGE 4219 Tower Bridge London England with 969 Pieces"},"content":{"rendered":"<div>\u2705 WANGE 4219 Tower Bridge London England<br \/>&nbsp;<br \/>\u2705Tower Bridge is a famous and iconic landmark located in London, England. It is one of the most recognizable symbols of the city and a must-visit attraction for tourists from around the world.<br \/>&nbsp;<br \/>\ud83d\udeab QUAN TR\u1eccNG!&nbsp;<br \/>&nbsp;<br \/>Product Name: Tower Bridge London England<br \/>&nbsp;<br \/>Danh m\u1ee5c: T\u00f2a nh\u00e0 m\u00f4-\u0111un<br \/>&nbsp;<br \/>This Kit Contains:&nbsp; WANGE 4219<br \/>&nbsp;<br \/>969 pcs Good Quality Bricks&nbsp;<br \/>&nbsp;<br \/>Size: 46.3 \u00d7 23 cm<br \/>&nbsp;<br \/>H\u01b0\u1edbng d\u1eabn th\u1ee7 c\u00f4ng&nbsp;<br \/>&nbsp;<br \/>\ud83d\udcccB\u1ea3n ch\u1ea5t c\u1ee7a nh\u00e2n v\u1eadt ch\u00ednh&nbsp;<br \/>&nbsp;<br \/>Introducing our proud collection named \u201cTower Bridge London England\u201d you should not miss.&nbsp;<br \/>&nbsp;<br \/>Tower Bridge spans across the River Thames in central London, connecting the boroughs of Tower Hamlets on the north bank and Southwark on the south bank. Tower Bridge is a combined bascule and suspension bridge, meaning it has a central section that can be raised and lowered to allow tall ships to pass through. The two towers, from which the bridge gets its name, support the bascule and suspension elements. The bridge&#8217;s design features a Victorian Gothic style, with ornate detailing, turrets, and decorative elements. The bridge&#8217;s color is a distinct blue and white, adding to its visual appeal.<\/div>","protected":false},"excerpt":{"rendered":"<p>Th\u01b0\u01a1ng hi\u1ec7u: WANGE<br \/>\nGi\u1edbi t\u00ednh: Unisex<br \/>\n\u0110\u1ed9 tu\u1ed5i: &gt; 6 tu\u1ed5i<br \/>\nModel Number: 4219<br \/>\nPh\u00e2n lo\u1ea1i: T\u1eadp h\u1ee3p<br \/>\nH\u00ecnh d\u1ea1ng kh\u1ed1i nh\u1ef1a: G\u1ea1ch t\u1ef1 kh\u00f3a<br \/>\nCh\u1ea5t li\u1ec7u: Nh\u1ef1a<br \/>\nLo\u1ea1i nh\u1ef1a: ABS<br \/>\nBricks Blocks: 969 +<br \/>\nKh\u00f4ng c\u00f3 h\u1ed9p ban \u0111\u1ea7u<\/p>","protected":false},"featured_media":49928,"comment_status":"open","ping_status":"closed","template":"","meta":{"_acf_changed":false},"product_cat":[1395,1502,390],"product_tag":[10639,4883,12295,9049,392,2302],"class_list":["product","first","instock","shipping-taxable","purchasable","product-type-simple"],"acf":[],"_links":{"self":[{"href":"https:\/\/mouldking.store\/vi\/wp-json\/wp\/v2\/product\/49932","targetHints":{"allow":["GET"]}}],"collection":[{"href":"https:\/\/mouldking.store\/vi\/wp-json\/wp\/v2\/product"}],"about":[{"href":"https:\/\/mouldking.store\/vi\/wp-json\/wp\/v2\/types\/product"}],"replies":[{"embeddable":true,"href":"https:\/\/mouldking.store\/vi\/wp-json\/wp\/v2\/comments?post=49932"}],"wp:featuredmedia":[{"embeddable":true,"href":"https:\/\/mouldking.store\/vi\/wp-json\/wp\/v2\/media\/49928"}],"wp:attachment":[{"href":"https:\/\/mouldking.store\/vi\/wp-json\/wp\/v2\/media?parent=49932"}],"wp:term":[{"taxonomy":"product_cat","embeddable":true,"href":"https:\/\/mouldking.store\/vi\/wp-json\/wp\/v2\/product_cat?post=49932"},{"taxonomy":"product_tag","embeddable":true,"href":"https:\/\/mouldking.store\/vi\/wp-json\/wp\/v2\/product_tag?post=49932"}],"curies":[{"name":"wp","href":"https:\/\/api.w.org\/{rel}","templated":true}]}}