{"id":49938,"date":"2023-08-25T10:19:16","date_gmt":"2023-08-25T03:19:16","guid":{"rendered":"https:\/\/mouldking.store\/shop\/wange-4220-flatiron-building-new-york-america-with-833-pieces\/"},"modified":"2023-08-25T10:19:16","modified_gmt":"2023-08-25T03:19:16","slug":"wange-4220-flatiron-building-new-york-america-with-833-pieces","status":"publish","type":"product","link":"https:\/\/mouldking.store\/vi\/shop\/wange-4220-flatiron-building-new-york-america-with-833-pieces\/","title":{"rendered":"WANGE 4220 Flatiron Building New York America with 833 Pieces"},"content":{"rendered":"<div>\u2705 WANGE 4220 Flatiron Building New York America<br \/>&nbsp;<br \/>\u2705The Flatiron Building, also known as the Fuller Building, is an iconic skyscraper located in Manhattan, New York City, United States. It is one of the most famous and recognizable buildings in the world, renowned for its unique triangular shape and historic significance in architecture.<br \/>&nbsp;<br \/>\ud83d\udeab QUAN TR\u1eccNG!&nbsp;<br \/>&nbsp;<br \/>Product Name: Flatiron Building New York America<br \/>&nbsp;<br \/>Danh m\u1ee5c: T\u00f2a nh\u00e0 m\u00f4-\u0111un<br \/>&nbsp;<br \/>This Kit Contains: WANGE 4220<br \/>&nbsp;<br \/>833 pcs Good Quality Bricks&nbsp;<br \/>&nbsp;<br \/>Size: 17.6 \u00d7 17.6 \u00d7 21.8 cm<br \/>&nbsp;<br \/>H\u01b0\u1edbng d\u1eabn th\u1ee7 c\u00f4ng&nbsp;<br \/>&nbsp;<br \/>\ud83d\udcccB\u1ea3n ch\u1ea5t c\u1ee7a nh\u00e2n v\u1eadt ch\u00ednh&nbsp;<br \/>&nbsp;<br \/>Introducing our proud collection named \u201cFlatiron Building New York America\u201d you should not miss.&nbsp;<br \/>&nbsp;<br \/>The Flatiron Building was designed by the architect Daniel Burnham and his firm, Burnham and Company. It was completed in 1902 and is considered one of the earliest skyscrapers in New York City. The building&#8217;s distinctive design is a result of its triangular plot of land at the intersection of Fifth Avenue and Broadway. The slender and wedge-shaped structure resembles an old-fashioned flatiron used for pressing clothes, which is how it earned its popular nickname. The Flatiron Building is an excellent example of the Beaux-Arts architectural style, characterized by its grandiose appearance, ornate decorations, and classical design elements.<\/div>","protected":false},"excerpt":{"rendered":"<p>Th\u01b0\u01a1ng hi\u1ec7u: WANGE<br \/>\nGi\u1edbi t\u00ednh: Unisex<br \/>\n\u0110\u1ed9 tu\u1ed5i: &gt; 6 tu\u1ed5i<br \/>\nModel Number: 4220<br \/>\nPh\u00e2n lo\u1ea1i: T\u1eadp h\u1ee3p<br \/>\nH\u00ecnh d\u1ea1ng kh\u1ed1i nh\u1ef1a: G\u1ea1ch t\u1ef1 kh\u00f3a<br \/>\nCh\u1ea5t li\u1ec7u: Nh\u1ef1a<br \/>\nLo\u1ea1i nh\u1ef1a: ABS<br \/>\nBricks Blocks: 833 +<br \/>\nKh\u00f4ng c\u00f3 h\u1ed9p ban \u0111\u1ea7u<\/p>","protected":false},"featured_media":49933,"comment_status":"open","ping_status":"closed","template":"","meta":{"_acf_changed":false},"product_cat":[1395,1502,390],"product_tag":[727,4883,12561,392,12471,12343],"class_list":["product","first","instock","shipping-taxable","purchasable","product-type-simple"],"acf":[],"_links":{"self":[{"href":"https:\/\/mouldking.store\/vi\/wp-json\/wp\/v2\/product\/49938","targetHints":{"allow":["GET"]}}],"collection":[{"href":"https:\/\/mouldking.store\/vi\/wp-json\/wp\/v2\/product"}],"about":[{"href":"https:\/\/mouldking.store\/vi\/wp-json\/wp\/v2\/types\/product"}],"replies":[{"embeddable":true,"href":"https:\/\/mouldking.store\/vi\/wp-json\/wp\/v2\/comments?post=49938"}],"wp:featuredmedia":[{"embeddable":true,"href":"https:\/\/mouldking.store\/vi\/wp-json\/wp\/v2\/media\/49933"}],"wp:attachment":[{"href":"https:\/\/mouldking.store\/vi\/wp-json\/wp\/v2\/media?parent=49938"}],"wp:term":[{"taxonomy":"product_cat","embeddable":true,"href":"https:\/\/mouldking.store\/vi\/wp-json\/wp\/v2\/product_cat?post=49938"},{"taxonomy":"product_tag","embeddable":true,"href":"https:\/\/mouldking.store\/vi\/wp-json\/wp\/v2\/product_tag?post=49938"}],"curies":[{"name":"wp","href":"https:\/\/api.w.org\/{rel}","templated":true}]}}