{"id":49943,"date":"2023-08-25T10:19:49","date_gmt":"2023-08-25T03:19:49","guid":{"rendered":"https:\/\/mouldking.store\/shop\/wange-4221-parliament-buildings-ottawa-canada-with-608-pieces\/"},"modified":"2023-08-25T10:19:49","modified_gmt":"2023-08-25T03:19:49","slug":"wange-4221-parliament-buildings-ottawa-canada-with-608-pieces","status":"publish","type":"product","link":"https:\/\/mouldking.store\/vi\/shop\/wange-4221-parliament-buildings-ottawa-canada-with-608-pieces\/","title":{"rendered":"WANGE 4221 Parliament Buildings Ottawa Canada with 608 Pieces"},"content":{"rendered":"<div>\u2705 WANGE 4221 Parliament Buildings Ottawa Canada<br \/>&nbsp;<br \/>\u2705The Parliament Buildings in Ottawa, Canada, are an iconic and historic complex that serves as the seat of the federal government. Located on Parliament Hill, overlooking the Ottawa River, the buildings are central to Canada&#8217;s political and cultural identity.<br \/>&nbsp;<br \/>\ud83d\udeab QUAN TR\u1eccNG!&nbsp;<br \/>&nbsp;<br \/>Product Name:&nbsp; Parliament Buildings Ottawa Canada<br \/>&nbsp;<br \/>Danh m\u1ee5c: T\u00f2a nh\u00e0 m\u00f4-\u0111un<br \/>&nbsp;<br \/>This Kit Contains: WANGE 4221<br \/>&nbsp;<br \/>608 pcs Good Quality Bricks&nbsp;<br \/>&nbsp;<br \/>Size: 37 \u00d7 9 \u00d7 34 cm<br \/>&nbsp;<br \/>H\u01b0\u1edbng d\u1eabn th\u1ee7 c\u00f4ng&nbsp;<br \/>&nbsp;<br \/>\ud83d\udcccB\u1ea3n ch\u1ea5t c\u1ee7a nh\u00e2n v\u1eadt ch\u00ednh&nbsp;<br \/>&nbsp;<br \/>Introducing our proud collection named \u201cParliament Buildings Ottawa Canada\u201d you should not miss.&nbsp;<br \/>&nbsp;<br \/>The Parliament Buildings are known for their stunning Gothic Revival architectural style, designed by Thomas Fuller and Chilion Jones in the mid-19th century. The buildings feature pointed arches, spires, gargoyles, and other intricate details. The main building is called the Center Block, and it houses the iconic Peace Tower, which is one of Canada&#8217;s most recognized symbols. The Peace Tower stands at 92 meters (302 feet) tall and contains a carillon of 53 bells.<\/div>","protected":false},"excerpt":{"rendered":"<p>Th\u01b0\u01a1ng hi\u1ec7u: WANGE<br \/>\nGi\u1edbi t\u00ednh: Unisex<br \/>\n\u0110\u1ed9 tu\u1ed5i: &gt; 6 tu\u1ed5i<br \/>\nModel Number: 4221<br \/>\nPh\u00e2n lo\u1ea1i: T\u1eadp h\u1ee3p<br \/>\nH\u00ecnh d\u1ea1ng kh\u1ed1i nh\u1ef1a: G\u1ea1ch t\u1ef1 kh\u00f3a<br \/>\nCh\u1ea5t li\u1ec7u: Nh\u1ef1a<br \/>\nLo\u1ea1i nh\u1ef1a: ABS<br \/>\nBricks Blocks: 608 +<br \/>\nKh\u00f4ng c\u00f3 h\u1ed9p ban \u0111\u1ea7u<\/p>","protected":false},"featured_media":49939,"comment_status":"open","ping_status":"closed","template":"","meta":{"_acf_changed":false},"product_cat":[1395,1502,390],"product_tag":[727,11177,4883,392,12563,12562],"class_list":["product","first","instock","shipping-taxable","purchasable","product-type-simple"],"acf":[],"_links":{"self":[{"href":"https:\/\/mouldking.store\/vi\/wp-json\/wp\/v2\/product\/49943","targetHints":{"allow":["GET"]}}],"collection":[{"href":"https:\/\/mouldking.store\/vi\/wp-json\/wp\/v2\/product"}],"about":[{"href":"https:\/\/mouldking.store\/vi\/wp-json\/wp\/v2\/types\/product"}],"replies":[{"embeddable":true,"href":"https:\/\/mouldking.store\/vi\/wp-json\/wp\/v2\/comments?post=49943"}],"wp:featuredmedia":[{"embeddable":true,"href":"https:\/\/mouldking.store\/vi\/wp-json\/wp\/v2\/media\/49939"}],"wp:attachment":[{"href":"https:\/\/mouldking.store\/vi\/wp-json\/wp\/v2\/media?parent=49943"}],"wp:term":[{"taxonomy":"product_cat","embeddable":true,"href":"https:\/\/mouldking.store\/vi\/wp-json\/wp\/v2\/product_cat?post=49943"},{"taxonomy":"product_tag","embeddable":true,"href":"https:\/\/mouldking.store\/vi\/wp-json\/wp\/v2\/product_tag?post=49943"}],"curies":[{"name":"wp","href":"https:\/\/api.w.org\/{rel}","templated":true}]}}