{"id":50054,"date":"2023-08-30T18:17:14","date_gmt":"2023-08-30T11:17:14","guid":{"rendered":"https:\/\/mouldking.store\/shop\/wange-5210-cathedrale-notre-dame-de-paris-with-1380-pieces\/"},"modified":"2023-08-30T18:17:14","modified_gmt":"2023-08-30T11:17:14","slug":"wange-5210-cathedrale-notre-dame-de-paris-with-1380-pieces","status":"publish","type":"product","link":"https:\/\/mouldking.store\/vi\/shop\/wange-5210-cathedrale-notre-dame-de-paris-with-1380-pieces\/","title":{"rendered":"WANGE 5210 Cath\u00e9drale Notre Dame de Paris with 1380 Pieces"},"content":{"rendered":"<div>\u2705Wange 5210 Cath\u00e9drale Notre Dame de Paris<br \/>&nbsp;<br \/>The Cath\u00e9drale Notre-Dame de Paris, commonly referred to as Notre-Dame Cathedral, is a historic and iconic cathedral located in the heart of Paris, France. It is renowned for its stunning Gothic architecture, rich history, and cultural significance.&nbsp;<br \/>&nbsp;<br \/>\ud83d\udeab QUAN TR\u1eccNG!&nbsp;<br \/>&nbsp;<br \/>Product Name: Cath\u00e9drale Notre Dame de Paris<br \/>&nbsp;<br \/>Danh m\u1ee5c: T\u00f2a nh\u00e0 m\u00f4-\u0111un<br \/>&nbsp;<br \/>This Kit Contains: Wange 5210<br \/>&nbsp;<br \/>1380 pcs Good Quality Bricks&nbsp;<br \/>&nbsp;<br \/>Size: 36.5 \u00d7 17.5 \u00d7 25.8 cm<br \/>&nbsp;<br \/>H\u01b0\u1edbng d\u1eabn th\u1ee7 c\u00f4ng&nbsp;<br \/>&nbsp;<br \/>\ud83d\udcccB\u1ea3n ch\u1ea5t c\u1ee7a nh\u00e2n v\u1eadt ch\u00ednh&nbsp;<br \/>&nbsp;<br \/>Introducing our proud collection named \u201cCath\u00e9drale Notre Dame de Paris\u201d you should not miss.&nbsp;<br \/>&nbsp;<br \/>Notre-Dame Cathedral is a masterpiece of French Gothic architecture. It is characterized by its intricate facade, flying buttresses, pointed arches, and intricate sculptures. The cathedral&#8217;s layout follows the cruciform plan, with a nave, transept, and choir. Construction of the cathedral began in 1163 during the reign of King Louis VII and was completed in the 14th century. It took around 200 years to finish the main structure. The cathedral&#8217;s construction was a remarkable feat of engineering and craftsmanship for its time. Notre-Dame is famous for its three magnificent rose windows, which are large circular stained glass windows with intricate designs. These windows are located on the western facade and the north and south transepts.<\/div>","protected":false},"excerpt":{"rendered":"<p>Th\u01b0\u01a1ng hi\u1ec7u: WANGE<br \/>\nGi\u1edbi t\u00ednh: Unisex<br \/>\n\u0110\u1ed9 tu\u1ed5i: &gt; 6 tu\u1ed5i<br \/>\nModel Number: 5210<br \/>\nPh\u00e2n lo\u1ea1i: T\u1eadp h\u1ee3p<br \/>\nH\u00ecnh d\u1ea1ng kh\u1ed1i nh\u1ef1a: G\u1ea1ch t\u1ef1 kh\u00f3a<br \/>\nCh\u1ea5t li\u1ec7u: Nh\u1ef1a<br \/>\nLo\u1ea1i nh\u1ef1a: ABS<br \/>\nBricks Blocks: 1380 +<br \/>\nKh\u00f4ng c\u00f3 h\u1ed9p ban \u0111\u1ea7u<\/p>","protected":false},"featured_media":50049,"comment_status":"open","ping_status":"closed","template":"","meta":{"_acf_changed":false},"product_cat":[1395,1502,390],"product_tag":[11260,12286,12289,4883,392],"class_list":["product","first","instock","shipping-taxable","purchasable","product-type-simple"],"acf":[],"_links":{"self":[{"href":"https:\/\/mouldking.store\/vi\/wp-json\/wp\/v2\/product\/50054","targetHints":{"allow":["GET"]}}],"collection":[{"href":"https:\/\/mouldking.store\/vi\/wp-json\/wp\/v2\/product"}],"about":[{"href":"https:\/\/mouldking.store\/vi\/wp-json\/wp\/v2\/types\/product"}],"replies":[{"embeddable":true,"href":"https:\/\/mouldking.store\/vi\/wp-json\/wp\/v2\/comments?post=50054"}],"wp:featuredmedia":[{"embeddable":true,"href":"https:\/\/mouldking.store\/vi\/wp-json\/wp\/v2\/media\/50049"}],"wp:attachment":[{"href":"https:\/\/mouldking.store\/vi\/wp-json\/wp\/v2\/media?parent=50054"}],"wp:term":[{"taxonomy":"product_cat","embeddable":true,"href":"https:\/\/mouldking.store\/vi\/wp-json\/wp\/v2\/product_cat?post=50054"},{"taxonomy":"product_tag","embeddable":true,"href":"https:\/\/mouldking.store\/vi\/wp-json\/wp\/v2\/product_tag?post=50054"}],"curies":[{"name":"wp","href":"https:\/\/api.w.org\/{rel}","templated":true}]}}