{"id":50059,"date":"2023-08-30T18:21:53","date_gmt":"2023-08-30T11:21:53","guid":{"rendered":"https:\/\/mouldking.store\/shop\/wange-5213-petronas-twin-tower-with-1175-pieces\/"},"modified":"2023-08-30T18:21:53","modified_gmt":"2023-08-30T11:21:53","slug":"wange-5213-petronas-twin-tower-with-1175-pieces","status":"publish","type":"product","link":"https:\/\/mouldking.store\/vi\/shop\/wange-5213-petronas-twin-tower-with-1175-pieces\/","title":{"rendered":"WANGE 5213 Petronas Twin Tower with 1175 Pieces"},"content":{"rendered":"<div>\u2705Wange 5213 Petronas Twin Tower<br \/>&nbsp;<br \/>\u2705The Petronas Twin Towers, also known as the Petronas Towers, are iconic twin skyscrapers located in Kuala Lumpur, the capital city of Malaysia. They were the tallest buildings in the world when they were completed in 1998, holding that title until 2004. The towers were designed by Argentine architect Cesar Pelli and constructed by the South Korean company Samsung C&amp;T.<\/p>\n<p>\ud83d\udeab QUAN TR\u1eccNG!&nbsp;<br \/>&nbsp;<br \/>Product Name: Petronas Twin Tower<br \/>&nbsp;<br \/>Danh m\u1ee5c: T\u00f2a nh\u00e0 m\u00f4-\u0111un<br \/>&nbsp;<br \/>This Kit Contains: Wange 5213<br \/>&nbsp;<br \/>1175 vi\u00ean g\u1ea1ch ch\u1ea5t l\u01b0\u1ee3ng t\u1ed1t&nbsp;<br \/>&nbsp;<br \/>Size:&nbsp; 27.2 \u00d7 17.5 \u00d7 49 cm<br \/>&nbsp;<br \/>H\u01b0\u1edbng d\u1eabn th\u1ee7 c\u00f4ng&nbsp;<br \/>&nbsp;<br \/>\ud83d\udcccB\u1ea3n ch\u1ea5t c\u1ee7a nh\u00e2n v\u1eadt ch\u00ednh&nbsp;<br \/>&nbsp;<br \/>Introducing our proud collection named \u201cPetronas Twin Tower\u201d you should not miss.&nbsp;<br \/>&nbsp;<br \/>Each tower stands at a height of 451.9 meters (1,483 feet), including their spires, making them among the tallest twin towers in the world. The towers feature a sleek and modern design inspired by Islamic art and architecture. The facade incorporates motifs and patterns from Islamic culture, reflecting Malaysia&#8217;s predominantly Muslim population. The towers are connected by a double-decker skybridge located at levels 41 and 42. This skybridge is one of the unique features of the towers, offering stunning views of the city and acting as an emergency exit route.<\/div>","protected":false},"excerpt":{"rendered":"<p>Th\u01b0\u01a1ng hi\u1ec7u: WANGE<br \/>\nGi\u1edbi t\u00ednh: Unisex<br \/>\n\u0110\u1ed9 tu\u1ed5i: &gt; 6 tu\u1ed5i<br \/>\nModel Number: 5213<br \/>\nPh\u00e2n lo\u1ea1i: T\u1eadp h\u1ee3p<br \/>\nH\u00ecnh d\u1ea1ng kh\u1ed1i nh\u1ef1a: G\u1ea1ch t\u1ef1 kh\u00f3a<br \/>\nCh\u1ea5t li\u1ec7u: Nh\u1ef1a<br \/>\nLo\u1ea1i nh\u1ef1a: ABS<br \/>\nKh\u1ed1i g\u1ea1ch: 1175+<br \/>\nKh\u00f4ng c\u00f3 h\u1ed9p ban \u0111\u1ea7u<\/p>","protected":false},"featured_media":50055,"comment_status":"open","ping_status":"closed","template":"","meta":{"_acf_changed":false},"product_cat":[1395,1502,390],"product_tag":[4883,392,12578,2302,12579],"class_list":["product","first","instock","shipping-taxable","purchasable","product-type-simple"],"acf":[],"_links":{"self":[{"href":"https:\/\/mouldking.store\/vi\/wp-json\/wp\/v2\/product\/50059","targetHints":{"allow":["GET"]}}],"collection":[{"href":"https:\/\/mouldking.store\/vi\/wp-json\/wp\/v2\/product"}],"about":[{"href":"https:\/\/mouldking.store\/vi\/wp-json\/wp\/v2\/types\/product"}],"replies":[{"embeddable":true,"href":"https:\/\/mouldking.store\/vi\/wp-json\/wp\/v2\/comments?post=50059"}],"wp:featuredmedia":[{"embeddable":true,"href":"https:\/\/mouldking.store\/vi\/wp-json\/wp\/v2\/media\/50055"}],"wp:attachment":[{"href":"https:\/\/mouldking.store\/vi\/wp-json\/wp\/v2\/media?parent=50059"}],"wp:term":[{"taxonomy":"product_cat","embeddable":true,"href":"https:\/\/mouldking.store\/vi\/wp-json\/wp\/v2\/product_cat?post=50059"},{"taxonomy":"product_tag","embeddable":true,"href":"https:\/\/mouldking.store\/vi\/wp-json\/wp\/v2\/product_tag?post=50059"}],"curies":[{"name":"wp","href":"https:\/\/api.w.org\/{rel}","templated":true}]}}