{"id":50095,"date":"2023-08-30T18:25:46","date_gmt":"2023-08-30T11:25:46","guid":{"rendered":"https:\/\/mouldking.store\/shop\/wange-5222-tsinghua-campus-beijing-china-with-986-pieces\/"},"modified":"2023-08-30T18:25:46","modified_gmt":"2023-08-30T11:25:46","slug":"wange-5222-tsinghua-campus-beijing-china-with-986-pieces","status":"publish","type":"product","link":"https:\/\/mouldking.store\/vi\/shop\/wange-5222-tsinghua-campus-beijing-china-with-986-pieces\/","title":{"rendered":"WANGE 5222 Tsinghua Campus Beijing China with 986 Pieces"},"content":{"rendered":"<div>\u2705 Wange 5222 Tsinghua Campus Beijing China<br \/>&nbsp;<br \/>\u2705Tsinghua University is a prestigious research university located in Beijing, China. It is known for its academic excellence, research contributions, and beautiful campus. Tsinghua University&#8217;s campus is situated in the northwestern part of Beijing, near the Summer Palace and the Yuanmingyuan Park.<br \/>&nbsp;<br \/>\ud83d\udeab QUAN TR\u1eccNG!&nbsp;<br \/>&nbsp;<br \/>Product Name: Tsinghua Campus Beijing China<br \/>&nbsp;<br \/>Danh m\u1ee5c: T\u00f2a nh\u00e0 m\u00f4-\u0111un<br \/>&nbsp;<br \/>This Kit Contains: Wange 5222<br \/>&nbsp;<br \/>986 pcs Good Quality Bricks&nbsp;<br \/>&nbsp;<br \/>H\u01b0\u1edbng d\u1eabn th\u1ee7 c\u00f4ng&nbsp;<br \/>&nbsp;<br \/>\ud83d\udcccB\u1ea3n ch\u1ea5t c\u1ee7a nh\u00e2n v\u1eadt ch\u00ednh&nbsp;<br \/>&nbsp;<br \/>Introducing our proud collection named \u201cTsinghua Campus Beijing China\u201d you should not miss.&nbsp;<br \/>&nbsp;<br \/>The campus covers a significant area and is known for its lush greenery, gardens, and scenic landscapes. It provides a peaceful and conducive environment for learning and research.&nbsp; Tsinghua University was established in 1911 and has a rich history as one of China&#8217;s leading institutions of higher education. The campus has witnessed many historical events and changes over the years. The campus features a blend of traditional Chinese architectural elements and modern designs. It includes beautiful buildings, courtyards, and academic halls that reflect the university&#8217;s cultural heritage.<\/div>","protected":false},"excerpt":{"rendered":"<p>Th\u01b0\u01a1ng hi\u1ec7u: WANGE<br \/>\nGi\u1edbi t\u00ednh: Unisex<br \/>\n\u0110\u1ed9 tu\u1ed5i: &gt; 6 tu\u1ed5i<br \/>\nModel Number: 5222<br \/>\nPh\u00e2n lo\u1ea1i: T\u1eadp h\u1ee3p<br \/>\nH\u00ecnh d\u1ea1ng kh\u1ed1i nh\u1ef1a: G\u1ea1ch t\u1ef1 kh\u00f3a<br \/>\nCh\u1ea5t li\u1ec7u: Nh\u1ef1a<br \/>\nLo\u1ea1i nh\u1ef1a: ABS<br \/>\nBricks Blocks: 986 +<br \/>\nKh\u00f4ng c\u00f3 h\u1ed9p ban \u0111\u1ea7u<\/p>","protected":false},"featured_media":50091,"comment_status":"open","ping_status":"closed","template":"","meta":{"_acf_changed":false},"product_cat":[1354,1395,1502,390],"product_tag":[12285,10892,4883,12591,392,11001,12567],"class_list":["product","first","instock","shipping-taxable","purchasable","product-type-simple"],"acf":[],"_links":{"self":[{"href":"https:\/\/mouldking.store\/vi\/wp-json\/wp\/v2\/product\/50095","targetHints":{"allow":["GET"]}}],"collection":[{"href":"https:\/\/mouldking.store\/vi\/wp-json\/wp\/v2\/product"}],"about":[{"href":"https:\/\/mouldking.store\/vi\/wp-json\/wp\/v2\/types\/product"}],"replies":[{"embeddable":true,"href":"https:\/\/mouldking.store\/vi\/wp-json\/wp\/v2\/comments?post=50095"}],"wp:featuredmedia":[{"embeddable":true,"href":"https:\/\/mouldking.store\/vi\/wp-json\/wp\/v2\/media\/50091"}],"wp:attachment":[{"href":"https:\/\/mouldking.store\/vi\/wp-json\/wp\/v2\/media?parent=50095"}],"wp:term":[{"taxonomy":"product_cat","embeddable":true,"href":"https:\/\/mouldking.store\/vi\/wp-json\/wp\/v2\/product_cat?post=50095"},{"taxonomy":"product_tag","embeddable":true,"href":"https:\/\/mouldking.store\/vi\/wp-json\/wp\/v2\/product_tag?post=50095"}],"curies":[{"name":"wp","href":"https:\/\/api.w.org\/{rel}","templated":true}]}}