{"id":50140,"date":"2023-08-30T18:28:23","date_gmt":"2023-08-30T11:28:23","guid":{"rendered":"https:\/\/mouldking.store\/shop\/jiestar-39101-himeji-castle-with-4148-pieces\/"},"modified":"2023-08-30T18:28:23","modified_gmt":"2023-08-30T11:28:23","slug":"jiestar-39101-himeji-castle-with-4148-pieces","status":"publish","type":"product","link":"https:\/\/mouldking.store\/vi\/shop\/jiestar-39101-himeji-castle-with-4148-pieces\/","title":{"rendered":"JIESTAR 39101 Himeji Castle with 4148 Pieces"},"content":{"rendered":"<div>\u2705 JIESTAR 39101 Himeji Castle<br \/>&nbsp;<br \/>\u2705Himeji Castle, also known as Himeji-jo in Japanese, is a historic and iconic castle located in Himeji, Hyogo Prefecture, Japan. It is widely regarded as one of the most beautiful and well-preserved castles in Japan and is a UNESCO World Heritage Site. Himeji Castle is celebrated for its impressive architecture, strategic design, and historical significance.<br \/>&nbsp;<br \/>\ud83d\udeab QUAN TR\u1eccNG!&nbsp;<br \/>&nbsp;<br \/>Product Name: Himeji Castle<br \/>&nbsp;<br \/>Danh m\u1ee5c: T\u00f2a nh\u00e0 m\u00f4-\u0111un<br \/>&nbsp;<br \/>This Kit Contains: JIESTAR 39101<br \/>&nbsp;<br \/>4148 pcs Good Quality Bricks&nbsp;<br \/>&nbsp;<br \/>H\u01b0\u1edbng d\u1eabn th\u1ee7 c\u00f4ng&nbsp;<br \/>&nbsp;<br \/>\ud83d\udcccB\u1ea3n ch\u1ea5t c\u1ee7a nh\u00e2n v\u1eadt ch\u00ednh&nbsp;<br \/>&nbsp;<br \/>Introducing our proud collection named \u201cHimeji Castle\u201d you should not miss.&nbsp;<br \/>&nbsp;<br \/>Himeji Castle is renowned for its elegant and intricate architecture. It features a white exterior, giving it the nickname &#8220;White Heron Castle&#8221; due to its resemblance to a white heron in flight. The castle complex is built on multiple levels, featuring a central keep surrounded by defensive walls, gates, turrets, and baileys. The design incorporates various defensive elements to deter attackers. The original Himeji Castle was established in the 14th century, with subsequent expansions and renovations over the centuries. The existing main keep was constructed during the early 17th century.<\/div>","protected":false},"excerpt":{"rendered":"<p>Th\u01b0\u01a1ng hi\u1ec7u: JIESTAR<br \/>\nGi\u1edbi t\u00ednh: Unisex<br \/>\n\u0110\u1ed9 tu\u1ed5i: &gt; 18 tu\u1ed5i<br \/>\nModel Number: 39101<br \/>\nPh\u00e2n lo\u1ea1i: T\u1eadp h\u1ee3p<br \/>\nH\u00ecnh d\u1ea1ng kh\u1ed1i nh\u1ef1a: G\u1ea1ch t\u1ef1 kh\u00f3a<br \/>\nCh\u1ea5t li\u1ec7u: Nh\u1ef1a<br \/>\nLo\u1ea1i nh\u1ef1a: ABS<br \/>\nBricks Blocks: 4148 +<br \/>\nKh\u00f4ng c\u00f3 h\u1ed9p ban \u0111\u1ea7u<\/p>","protected":false},"featured_media":50134,"comment_status":"open","ping_status":"closed","template":"","meta":{"_acf_changed":false},"product_cat":[1395,1502,390],"product_tag":[787,4883,12593,1181,392],"class_list":["product","first","instock","shipping-taxable","purchasable","product-type-simple"],"acf":[],"_links":{"self":[{"href":"https:\/\/mouldking.store\/vi\/wp-json\/wp\/v2\/product\/50140","targetHints":{"allow":["GET"]}}],"collection":[{"href":"https:\/\/mouldking.store\/vi\/wp-json\/wp\/v2\/product"}],"about":[{"href":"https:\/\/mouldking.store\/vi\/wp-json\/wp\/v2\/types\/product"}],"replies":[{"embeddable":true,"href":"https:\/\/mouldking.store\/vi\/wp-json\/wp\/v2\/comments?post=50140"}],"wp:featuredmedia":[{"embeddable":true,"href":"https:\/\/mouldking.store\/vi\/wp-json\/wp\/v2\/media\/50134"}],"wp:attachment":[{"href":"https:\/\/mouldking.store\/vi\/wp-json\/wp\/v2\/media?parent=50140"}],"wp:term":[{"taxonomy":"product_cat","embeddable":true,"href":"https:\/\/mouldking.store\/vi\/wp-json\/wp\/v2\/product_cat?post=50140"},{"taxonomy":"product_tag","embeddable":true,"href":"https:\/\/mouldking.store\/vi\/wp-json\/wp\/v2\/product_tag?post=50140"}],"curies":[{"name":"wp","href":"https:\/\/api.w.org\/{rel}","templated":true}]}}