{"id":50147,"date":"2023-08-30T18:33:44","date_gmt":"2023-08-30T11:33:44","guid":{"rendered":"https:\/\/mouldking.store\/shop\/jiestar-89111-corner-post-office-with-4226-pieces\/"},"modified":"2023-08-30T18:33:44","modified_gmt":"2023-08-30T11:33:44","slug":"jiestar-89111-corner-post-office-with-4226-pieces","status":"publish","type":"product","link":"https:\/\/mouldking.store\/vi\/shop\/jiestar-89111-corner-post-office-with-4226-pieces\/","title":{"rendered":"JIESTAR 89111 Corner Post Office with 4226 Pieces"},"content":{"rendered":"<div>\u2705JIESTAR 89111 Corner Post Office<br \/>&nbsp;<br \/>\u2705A &#8220;Corner Post Office&#8221; typically refers to a postal facility or office located at a street corner or intersection. Post offices are essential institutions responsible for handling mail and package services, providing postal products, and facilitating various postal operations.<br \/>&nbsp;<br \/>\ud83d\udeab QUAN TR\u1eccNG!&nbsp;<br \/>&nbsp;<br \/>Product Name:&nbsp; Corner Post Office<br \/>&nbsp;<br \/>Danh m\u1ee5c: T\u00f2a nh\u00e0 m\u00f4-\u0111un<br \/>&nbsp;<br \/>This Kit Contains: JIESTAR 89111<br \/>&nbsp;<br \/>4226 pcs Good Quality Bricks&nbsp;<br \/>&nbsp;<br \/>Size: 25.5 \u00d7 25.5 \u00d7 35 cm<br \/>&nbsp;<br \/>H\u01b0\u1edbng d\u1eabn th\u1ee7 c\u00f4ng&nbsp;<br \/>&nbsp;<br \/>\ud83d\udcccB\u1ea3n ch\u1ea5t c\u1ee7a nh\u00e2n v\u1eadt ch\u00ednh&nbsp;<br \/>&nbsp;<br \/>Introducing our proud collection named \u201cCorner Post Office\u201d you should not miss.&nbsp;<br \/>&nbsp;<br \/>A corner post office is situated at the corner of two streets or at an intersection, making it easily accessible to residents and businesses in the surrounding area.&nbsp; Post offices offer a range of services, including sending and receiving mail and packages, purchasing postage stamps, providing postal boxes, and offering various mailing and shipping options.&nbsp; In addition to basic services, post offices often sell a variety of postal products, such as envelopes, packaging materials, shipping supplies, and philatelic items (collectible stamps).<\/div>","protected":false},"excerpt":{"rendered":"<p>Th\u01b0\u01a1ng hi\u1ec7u: JIESTAR<br \/>\nGi\u1edbi t\u00ednh: Unisex<br \/>\n\u0110\u1ed9 tu\u1ed5i: &gt; 8 tu\u1ed5i<br \/>\nModel Number: 89111<br \/>\nPh\u00e2n lo\u1ea1i: T\u1eadp h\u1ee3p<br \/>\nH\u00ecnh d\u1ea1ng kh\u1ed1i nh\u1ef1a: G\u1ea1ch t\u1ef1 kh\u00f3a<br \/>\nCh\u1ea5t li\u1ec7u: Nh\u1ef1a<br \/>\nLo\u1ea1i nh\u1ef1a: ABS<br \/>\nBricks Blocks: 4226 +<br \/>\nKh\u00f4ng c\u00f3 h\u1ed9p ban \u0111\u1ea7u<\/p>","protected":false},"featured_media":50141,"comment_status":"open","ping_status":"closed","template":"","meta":{"_acf_changed":false},"product_cat":[1395,1502,390],"product_tag":[11244,4883,772,392,769],"class_list":["product","first","instock","shipping-taxable","purchasable","product-type-simple"],"acf":[],"_links":{"self":[{"href":"https:\/\/mouldking.store\/vi\/wp-json\/wp\/v2\/product\/50147","targetHints":{"allow":["GET"]}}],"collection":[{"href":"https:\/\/mouldking.store\/vi\/wp-json\/wp\/v2\/product"}],"about":[{"href":"https:\/\/mouldking.store\/vi\/wp-json\/wp\/v2\/types\/product"}],"replies":[{"embeddable":true,"href":"https:\/\/mouldking.store\/vi\/wp-json\/wp\/v2\/comments?post=50147"}],"wp:featuredmedia":[{"embeddable":true,"href":"https:\/\/mouldking.store\/vi\/wp-json\/wp\/v2\/media\/50141"}],"wp:attachment":[{"href":"https:\/\/mouldking.store\/vi\/wp-json\/wp\/v2\/media?parent=50147"}],"wp:term":[{"taxonomy":"product_cat","embeddable":true,"href":"https:\/\/mouldking.store\/vi\/wp-json\/wp\/v2\/product_cat?post=50147"},{"taxonomy":"product_tag","embeddable":true,"href":"https:\/\/mouldking.store\/vi\/wp-json\/wp\/v2\/product_tag?post=50147"}],"curies":[{"name":"wp","href":"https:\/\/api.w.org\/{rel}","templated":true}]}}