{"id":50189,"date":"2023-08-30T18:40:22","date_gmt":"2023-08-30T11:40:22","guid":{"rendered":"https:\/\/mouldking.store\/shop\/cada-c66017-harvard-memorial-hall-with-1411-pieces\/"},"modified":"2023-08-30T18:40:22","modified_gmt":"2023-08-30T11:40:22","slug":"cada-c66017-harvard-memorial-hall-with-1411-pieces","status":"publish","type":"product","link":"https:\/\/mouldking.store\/vi\/shop\/cada-c66017-harvard-memorial-hall-with-1411-pieces\/","title":{"rendered":"CaDa C66017 Harvard Memorial Hall with 1411 Pieces"},"content":{"rendered":"<div>\u2705CaDA C66017 Harvard Memorial Hall<br \/>&nbsp;<br \/>\u2705Harvard Memorial Hall is a historic building located on the campus of Harvard University in Cambridge, Massachusetts, USA. The building is notable for its impressive architecture and its significance as a memorial to Harvard alumni who died during the American Civil War.<br \/>&nbsp;<br \/>\ud83d\udeab QUAN TR\u1eccNG!&nbsp;<br \/>&nbsp;<br \/>Product Name: Harvard Memorial Hall<br \/>&nbsp;<br \/>Danh m\u1ee5c: T\u00f2a nh\u00e0 m\u00f4-\u0111un<br \/>&nbsp;<br \/>This Kit Contains: CaDA C66017&nbsp;<br \/>&nbsp;<br \/>1411 pcs Good Quality Bricks&nbsp;<br \/>&nbsp;<br \/>Size: 28.8 \u00d7 28.8 \u00d7 14.4 cm<br \/>&nbsp;<br \/>H\u01b0\u1edbng d\u1eabn th\u1ee7 c\u00f4ng&nbsp;<br \/>&nbsp;<br \/>\ud83d\udcccB\u1ea3n ch\u1ea5t c\u1ee7a nh\u00e2n v\u1eadt ch\u00ednh&nbsp;<br \/>&nbsp;<br \/>Introducing our proud collection named \u201cHarvard Memorial Hall\u201d you should not miss.&nbsp;<br \/>&nbsp;<br \/>Harvard Memorial Hall was constructed as a tribute to the Harvard graduates who fought and died in the American Civil War. It was intended to honor the sacrifices made by these individuals in defense of their country. The building was designed in the High Victorian Gothic architectural style. Its design features intricate details, pointed arches, decorative elements, and a prominent tower. Harvard Memorial Hall is situated in Harvard Yard, the central and historic heart of the Harvard University campus.<\/div>","protected":false},"excerpt":{"rendered":"<p>Th\u01b0\u01a1ng hi\u1ec7u: CaDa<br \/>\nGi\u1edbi t\u00ednh: Unisex<br \/>\n\u0110\u1ed9 tu\u1ed5i: &gt; 8 tu\u1ed5i<br \/>\nModel Number: C66017<br \/>\nPh\u00e2n lo\u1ea1i: T\u1eadp h\u1ee3p<br \/>\nH\u00ecnh d\u1ea1ng kh\u1ed1i nh\u1ef1a: G\u1ea1ch t\u1ef1 kh\u00f3a<br \/>\nCh\u1ea5t li\u1ec7u: Nh\u1ef1a<br \/>\nLo\u1ea1i nh\u1ef1a: ABS<br \/>\nBricks Blocks: 1411 +<br \/>\nKh\u00f4ng c\u00f3 h\u1ed9p ban \u0111\u1ea7u<\/p>","protected":false},"featured_media":50184,"comment_status":"open","ping_status":"closed","template":"","meta":{"_acf_changed":false},"product_cat":[1395,1502,390],"product_tag":[727,4883,12466,12595,11254,392],"class_list":["product","first","instock","shipping-taxable","purchasable","product-type-simple"],"acf":[],"_links":{"self":[{"href":"https:\/\/mouldking.store\/vi\/wp-json\/wp\/v2\/product\/50189","targetHints":{"allow":["GET"]}}],"collection":[{"href":"https:\/\/mouldking.store\/vi\/wp-json\/wp\/v2\/product"}],"about":[{"href":"https:\/\/mouldking.store\/vi\/wp-json\/wp\/v2\/types\/product"}],"replies":[{"embeddable":true,"href":"https:\/\/mouldking.store\/vi\/wp-json\/wp\/v2\/comments?post=50189"}],"wp:featuredmedia":[{"embeddable":true,"href":"https:\/\/mouldking.store\/vi\/wp-json\/wp\/v2\/media\/50184"}],"wp:attachment":[{"href":"https:\/\/mouldking.store\/vi\/wp-json\/wp\/v2\/media?parent=50189"}],"wp:term":[{"taxonomy":"product_cat","embeddable":true,"href":"https:\/\/mouldking.store\/vi\/wp-json\/wp\/v2\/product_cat?post=50189"},{"taxonomy":"product_tag","embeddable":true,"href":"https:\/\/mouldking.store\/vi\/wp-json\/wp\/v2\/product_tag?post=50189"}],"curies":[{"name":"wp","href":"https:\/\/api.w.org\/{rel}","templated":true}]}}