{"id":50375,"date":"2023-09-11T10:08:18","date_gmt":"2023-09-11T03:08:18","guid":{"rendered":"https:\/\/mouldking.store\/shop\/moc-factory-151938-sheriffs-office-wild-west-with-3032-pieces\/"},"modified":"2025-12-16T20:59:26","modified_gmt":"2025-12-16T13:59:26","slug":"moc-factory-151938-sheriffs-office-wild-west-with-3032-pieces","status":"publish","type":"product","link":"https:\/\/mouldking.store\/vi\/shop\/moc-factory-151938-sheriffs-office-wild-west-with-3032-pieces\/","title":{"rendered":"MOC Factory 151938 Sheriff&#8217;s Office &#8211; Wild West with 3032 Pieces"},"content":{"rendered":"<div>\u2705 MOC-151938 Sheriff&#8217;s Office &#8211; Wild West<\/p>\n<p>\u2705The Sheriff&#8217;s Office in the context of the Wild West, which refers to the historical period of the American frontier in the late 19th century, played a crucial role in maintaining law and order in often lawless and untamed territories.<\/p>\n<p>\ud83d\udeab QUAN TR\u1eccNG!<\/p>\n<p>Product Name: Sheriff&#8217;s Office &#8211; Wild West<\/p>\n<p>Danh m\u1ee5c: T\u00f2a nh\u00e0 m\u00f4-\u0111un<\/p>\n<p>This Kit Contains: C9695<\/p>\n<p>3032 pcs Good Quality Bricks<\/p>\n<p>Size: 40 x 40 x 32 cm<\/p>\n<p>Weight: 2.44 kg<\/p>\n<p>H\u01b0\u1edbng d\u1eabn PDF<\/p>\n<p>\ud83d\udcccB\u1ea3n ch\u1ea5t c\u1ee7a nh\u00e2n v\u1eadt ch\u00ednh<\/p>\n<p>Introducing our proud collection named \u201cSheriff&#8217;s Office &#8211; Wild West\u201d you should not miss.<\/p>\n<p>The Sheriff and his deputies were responsible for enforcing the law in their respective counties or jurisdictions. This included apprehending criminals, investigating crimes, and maintaining general order. Given the often chaotic and violent nature of the Wild West, sheriffs and their deputies were tasked with preventing and resolving disputes, including gunfights and conflicts between settlers and Native Americans. Sheriffs and their offices provided a sense of security to the local population. Their presence deterred criminal activity and helped protect citizens from threats like outlaws and cattle rustlers.<\/p><\/div>","protected":false},"excerpt":{"rendered":"<p>Th\u01b0\u01a1ng hi\u1ec7u: Nh\u00e0 m\u00e1y M\u1ed8C<br \/>\nGi\u1edbi t\u00ednh: Unisex<br \/>\n\u0110\u1ed9 tu\u1ed5i: &gt; 6 tu\u1ed5i<br \/>\nModel Number: 151938<br \/>\nPh\u00e2n lo\u1ea1i: T\u1eadp h\u1ee3p<br \/>\nH\u00ecnh d\u1ea1ng kh\u1ed1i nh\u1ef1a: G\u1ea1ch t\u1ef1 kh\u00f3a<br \/>\nCh\u1ea5t li\u1ec7u: Nh\u1ef1a<br \/>\nLo\u1ea1i nh\u1ef1a: ABS<br \/>\nBricks Blocks: 3032 +<br \/>\nKh\u00f4ng c\u00f3 h\u1ed9p ban \u0111\u1ea7u<\/p>","protected":false},"featured_media":50368,"comment_status":"open","ping_status":"closed","template":"","meta":{"_acf_changed":false},"product_cat":[1365,1395,371,390],"product_tag":[11072,8452,11099,392,11316,12607],"class_list":["product","first","instock","shipping-taxable","purchasable","product-type-simple"],"acf":[],"_links":{"self":[{"href":"https:\/\/mouldking.store\/vi\/wp-json\/wp\/v2\/product\/50375","targetHints":{"allow":["GET"]}}],"collection":[{"href":"https:\/\/mouldking.store\/vi\/wp-json\/wp\/v2\/product"}],"about":[{"href":"https:\/\/mouldking.store\/vi\/wp-json\/wp\/v2\/types\/product"}],"replies":[{"embeddable":true,"href":"https:\/\/mouldking.store\/vi\/wp-json\/wp\/v2\/comments?post=50375"}],"wp:featuredmedia":[{"embeddable":true,"href":"https:\/\/mouldking.store\/vi\/wp-json\/wp\/v2\/media\/50368"}],"wp:attachment":[{"href":"https:\/\/mouldking.store\/vi\/wp-json\/wp\/v2\/media?parent=50375"}],"wp:term":[{"taxonomy":"product_cat","embeddable":true,"href":"https:\/\/mouldking.store\/vi\/wp-json\/wp\/v2\/product_cat?post=50375"},{"taxonomy":"product_tag","embeddable":true,"href":"https:\/\/mouldking.store\/vi\/wp-json\/wp\/v2\/product_tag?post=50375"}],"curies":[{"name":"wp","href":"https:\/\/api.w.org\/{rel}","templated":true}]}}