{"id":50903,"date":"2023-09-25T16:58:09","date_gmt":"2023-09-25T09:58:09","guid":{"rendered":"https:\/\/mouldking.store\/shop\/mould-king-13105-pagani-zonda-cinque-roadster-racers-with-960-pieces\/"},"modified":"2023-09-25T16:58:09","modified_gmt":"2023-09-25T09:58:09","slug":"mould-king-13105-pagani-zonda-cinque-roadster-racers-with-960-pieces","status":"publish","type":"product","link":"https:\/\/mouldking.store\/vi\/shop\/mould-king-13105-pagani-zonda-cinque-roadster-racers-with-960-pieces\/","title":{"rendered":"MOULD KING 13105 Pagani Zonda Cinque Roadster Racers v\u1edbi 960 chi ti\u1ebft"},"content":{"rendered":"<div>\u2705Mould King 13105 Pagani Zonda Cinque Roadster Racers&nbsp;<br \/>&nbsp;<br \/>\u2705Pagani Zonda Cinque Roadster l\u00e0 m\u1ed9t chi\u1ebfc xe th\u1ec3 thao hi\u1ec7u su\u1ea5t cao \u0111\u01b0\u1ee3c t\u1ea1o ra b\u1edfi nh\u00e0 s\u1ea3n xu\u1ea5t xe h\u01a1i \u00dd Pagani. &quot;Cinque&quot; trong t\u00ean c\u1ee7a n\u00f3, c\u00f3 ngh\u0129a l\u00e0 &quot;n\u0103m&quot; trong ti\u1ebfng \u00dd, \u00e1m ch\u1ec9 s\u1ed1 l\u01b0\u1ee3ng s\u1ea3n xu\u1ea5t gi\u1edbi h\u1ea1n ch\u1ec9 n\u0103m chi\u1ebfc. Si\u00eau xe \u0111\u1ed9c quy\u1ec1n v\u00e0 hi\u1ebfm c\u00f3 n\u00e0y \u0111\u01b0\u1ee3c bi\u1ebft \u0111\u1ebfn v\u1edbi thi\u1ebft k\u1ebf tuy\u1ec7t \u0111\u1eb9p v\u00e0 \u0111\u1eb7c \u0111i\u1ec3m hi\u1ec7u su\u1ea5t v\u01b0\u1ee3t tr\u1ed9i.&nbsp;<br \/>&nbsp;<br \/>\ud83d\udeab QUAN TR\u1eccNG!&nbsp;<br \/>&nbsp;<br \/>T\u00ean s\u1ea3n ph\u1ea9m: Pagani Zonda Cinque Roadster Racers&nbsp;<br \/>&nbsp;<br \/>Danh m\u1ee5c: K\u1ef9 thu\u1eadt<br \/>&nbsp;<br \/>B\u1ed9 s\u1ea3n ph\u1ea9m n\u00e0y bao g\u1ed3m: Mould King 13105<br \/>&nbsp;<br \/>960 vi\u00ean g\u1ea1ch ch\u1ea5t l\u01b0\u1ee3ng t\u1ed1t&nbsp;<br \/>&nbsp;<br \/>K\u00edch th\u01b0\u1edbc: 29,5 \u00d7 13,5 \u00d7 8,5 cm<br \/>&nbsp;<br \/>H\u01b0\u1edbng d\u1eabn th\u1ee7 c\u00f4ng&nbsp;<br \/>&nbsp;<br \/>\ud83d\udcccB\u1ea3n ch\u1ea5t c\u1ee7a nh\u00e2n v\u1eadt ch\u00ednh&nbsp;<br \/>&nbsp;<br \/>Xin gi\u1edbi thi\u1ec7u b\u1ed9 s\u01b0u t\u1eadp \u0111\u00e1ng t\u1ef1 h\u00e0o c\u1ee7a ch\u00fang t\u00f4i mang t\u00ean \u201cPagani Zonda Cinque Roadster Racers\u201d m\u00e0 b\u1ea1n kh\u00f4ng n\u00ean b\u1ecf l\u1ee1.&nbsp;<br \/>&nbsp;<br \/>Zonda Cinque Roadster t\u1ef1 h\u00e0o c\u00f3 thi\u1ebft k\u1ebf b\u1eaft m\u1eaft v\u00e0 kh\u00ed \u0111\u1ed9ng h\u1ecdc. Xe c\u00f3 th\u00e2n xe b\u1eb1ng s\u1ee3i carbon, nh\u1eb9 v\u00e0 ch\u1eafc ch\u1eafn. Xe \u0111\u01b0\u1ee3c trang b\u1ecb t\u1ea5m mui b\u1eb1ng s\u1ee3i carbon c\u00f3 th\u1ec3 th\u00e1o r\u1eddi, c\u00f3 th\u1ec3 c\u1ea5t \u0111i \u0111\u1ec3 l\u00e1i xe mui tr\u1ea7n. B\u00ean trong, Zonda Cinque c\u00f3 n\u1ed9i th\u1ea5t sang tr\u1ecdng v\u00e0 \u0111\u01b0\u1ee3c ch\u1ebf t\u00e1c ri\u00eang, v\u1edbi c\u00e1c v\u1eadt li\u1ec7u cao c\u1ea5p v\u00e0 ch\u00fa \u00fd \u0111\u1ebfn t\u1eebng chi ti\u1ebft. D\u01b0\u1edbi n\u1eafp ca-p\u00f4, Zonda Cinque Roadster \u0111\u01b0\u1ee3c trang b\u1ecb \u0111\u1ed9ng c\u01a1 V12 h\u00fat kh\u00ed t\u1ef1 nhi\u00ean 7,3 l\u00edt do Mercedes-AMG ph\u00e1t tri\u1ec3n. \u0110\u1ed9ng c\u01a1 n\u00e0y c\u00f3 kh\u1ea3 n\u0103ng s\u1ea3n sinh c\u00f4ng su\u1ea5t v\u00e0 m\u00f4-men xo\u1eafn \u0111\u00e1ng k\u1ec3, mang l\u1ea1i kh\u1ea3 n\u0103ng t\u0103ng t\u1ed1c v\u00e0 t\u1ed1c \u0111\u1ed9 t\u1ed1i \u0111a v\u01b0\u1ee3t tr\u1ed9i.<\/div>","protected":false},"excerpt":{"rendered":"<p>Th\u01b0\u01a1ng hi\u1ec7u: VUA KHU\u00d4N<br \/>\nGi\u1edbi t\u00ednh: Unisex<br \/>\n\u0110\u1ed9 tu\u1ed5i: &gt; 8 tu\u1ed5i<br \/>\nS\u1ed1 hi\u1ec7u: 13105<br \/>\nPh\u00e2n lo\u1ea1i: T\u1eadp h\u1ee3p<br \/>\nH\u00ecnh d\u1ea1ng kh\u1ed1i nh\u1ef1a: G\u1ea1ch t\u1ef1 kh\u00f3a<br \/>\nCh\u1ea5t li\u1ec7u: Nh\u1ef1a<br \/>\nLo\u1ea1i nh\u1ef1a: ABS<br \/>\nKh\u1ed1i g\u1ea1ch: 960 +<br \/>\nKh\u00f4ng c\u00f3 h\u1ed9p ban \u0111\u1ea7u<\/p>","protected":false},"featured_media":50897,"comment_status":"open","ping_status":"closed","template":"","meta":{"_acf_changed":false},"product_cat":[1360,1357,364,1875],"product_tag":[457,11814,11813,7761,1527,389,6304],"class_list":["product","first","instock","shipping-taxable","purchasable","product-type-simple"],"acf":[],"_links":{"self":[{"href":"https:\/\/mouldking.store\/vi\/wp-json\/wp\/v2\/product\/50903","targetHints":{"allow":["GET"]}}],"collection":[{"href":"https:\/\/mouldking.store\/vi\/wp-json\/wp\/v2\/product"}],"about":[{"href":"https:\/\/mouldking.store\/vi\/wp-json\/wp\/v2\/types\/product"}],"replies":[{"embeddable":true,"href":"https:\/\/mouldking.store\/vi\/wp-json\/wp\/v2\/comments?post=50903"}],"wp:featuredmedia":[{"embeddable":true,"href":"https:\/\/mouldking.store\/vi\/wp-json\/wp\/v2\/media\/50897"}],"wp:attachment":[{"href":"https:\/\/mouldking.store\/vi\/wp-json\/wp\/v2\/media?parent=50903"}],"wp:term":[{"taxonomy":"product_cat","embeddable":true,"href":"https:\/\/mouldking.store\/vi\/wp-json\/wp\/v2\/product_cat?post=50903"},{"taxonomy":"product_tag","embeddable":true,"href":"https:\/\/mouldking.store\/vi\/wp-json\/wp\/v2\/product_tag?post=50903"}],"curies":[{"name":"wp","href":"https:\/\/api.w.org\/{rel}","templated":true}]}}