{"id":50920,"date":"2023-09-25T17:00:21","date_gmt":"2023-09-25T10:00:21","guid":{"rendered":"https:\/\/mouldking.store\/shop\/wange-6225-el-castillo-with-1340-pieces-2\/"},"modified":"2023-09-25T17:00:21","modified_gmt":"2023-09-25T10:00:21","slug":"wange-6225-el-castillo-with-1340-pieces-2","status":"publish","type":"product","link":"https:\/\/mouldking.store\/vi\/shop\/wange-6225-el-castillo-with-1340-pieces-2\/","title":{"rendered":"WANGE 6225 EL Castillo with 1340 Pieces"},"content":{"rendered":"<div>\u2705 Wange 6225 EL Castillo<br \/>&nbsp;<br \/>\u2705El Castillo, also known as the Temple of Kukulcan or the Pyramid of Kukulcan, is a prominent and iconic Mesoamerican step-pyramid located at the ancient Mayan archaeological site of Chichen Itza in Mexico&#8217;s Yucatan Peninsula. It is one of the most famous and well-preserved pyramids in Mesoamerica and has significant historical and cultural importance.&nbsp;<br \/>&nbsp;<br \/>\ud83d\udeab QUAN TR\u1eccNG!&nbsp;<br \/>&nbsp;<br \/>Product Name: EL Castillo<br \/>&nbsp;<br \/>Danh m\u1ee5c: T\u00f2a nh\u00e0 m\u00f4-\u0111un<br \/>&nbsp;<br \/>This Kit Contains:&nbsp; Wange 6225<br \/>&nbsp;<br \/>1340 pcs Good Quality Bricks&nbsp;<br \/>&nbsp;<br \/>Size: 43.18 \u00d7 43.18 \u00d7 24.96 cm<br \/>&nbsp;<br \/>H\u01b0\u1edbng d\u1eabn th\u1ee7 c\u00f4ng&nbsp;<br \/>&nbsp;<br \/>\ud83d\udcccB\u1ea3n ch\u1ea5t c\u1ee7a nh\u00e2n v\u1eadt ch\u00ednh&nbsp;<br \/>&nbsp;<br \/>Introducing our proud collection named \u201c EL Castillo\u201d you should not miss.&nbsp;<br \/>&nbsp;<br \/>El Castillo is a four-sided pyramid with a square base, each side containing a steep staircase leading to the temple at the top. It is a classic example of Mayan step-pyramid architecture.&nbsp; During the spring and autumn equinoxes, a dramatic light-and-shadow effect occurs on El Castillo&#8217;s northern staircase. The play of sunlight and shadow creates the illusion of a descending serpent, which symbolizes the feathered serpent deity Kukulcan (or Quetzalcoatl in Aztec culture). This phenomenon draws thousands of visitors to Chichen Itza during these times. The design of El Castillo is highly symbolic and aligned with Mayan astronomical and calendrical knowledge. The pyramid has 91 steps on each of its four sides, adding up to 364 steps. When the platform at the top is included, the total number of steps becomes 365, representing the days of the solar calendar.<\/div>","protected":false},"excerpt":{"rendered":"<p>Th\u01b0\u01a1ng hi\u1ec7u: WANGE<br \/>\nGi\u1edbi t\u00ednh: Unisex<br \/>\n\u0110\u1ed9 tu\u1ed5i: &gt; 6 tu\u1ed5i<br \/>\nS\u1ed1 m\u00f4 h\u00ecnh: 6225<br \/>\nPh\u00e2n lo\u1ea1i: T\u1eadp h\u1ee3p<br \/>\nH\u00ecnh d\u1ea1ng kh\u1ed1i nh\u1ef1a: G\u1ea1ch t\u1ef1 kh\u00f3a<br \/>\nCh\u1ea5t li\u1ec7u: Nh\u1ef1a<br \/>\nLo\u1ea1i nh\u1ef1a: ABS<br \/>\nBricks Blocks: 1340 +<br \/>\nKh\u00f4ng c\u00f3 h\u1ed9p ban \u0111\u1ea7u<\/p>","protected":false},"featured_media":50916,"comment_status":"open","ping_status":"closed","template":"","meta":{"_acf_changed":false},"product_cat":[1365,1395,1502,390],"product_tag":[11260,4883,8452,2502,392],"class_list":["product","first","instock","shipping-taxable","purchasable","product-type-simple"],"acf":[],"_links":{"self":[{"href":"https:\/\/mouldking.store\/vi\/wp-json\/wp\/v2\/product\/50920","targetHints":{"allow":["GET"]}}],"collection":[{"href":"https:\/\/mouldking.store\/vi\/wp-json\/wp\/v2\/product"}],"about":[{"href":"https:\/\/mouldking.store\/vi\/wp-json\/wp\/v2\/types\/product"}],"replies":[{"embeddable":true,"href":"https:\/\/mouldking.store\/vi\/wp-json\/wp\/v2\/comments?post=50920"}],"wp:featuredmedia":[{"embeddable":true,"href":"https:\/\/mouldking.store\/vi\/wp-json\/wp\/v2\/media\/50916"}],"wp:attachment":[{"href":"https:\/\/mouldking.store\/vi\/wp-json\/wp\/v2\/media?parent=50920"}],"wp:term":[{"taxonomy":"product_cat","embeddable":true,"href":"https:\/\/mouldking.store\/vi\/wp-json\/wp\/v2\/product_cat?post=50920"},{"taxonomy":"product_tag","embeddable":true,"href":"https:\/\/mouldking.store\/vi\/wp-json\/wp\/v2\/product_tag?post=50920"}],"curies":[{"name":"wp","href":"https:\/\/api.w.org\/{rel}","templated":true}]}}