{"id":50932,"date":"2023-09-25T17:01:47","date_gmt":"2023-09-25T10:01:47","guid":{"rendered":"https:\/\/mouldking.store\/shop\/pantasy-85006-aircraft-engine-workshop-with-2000-pieces\/"},"modified":"2023-09-25T17:01:47","modified_gmt":"2023-09-25T10:01:47","slug":"pantasy-85006-aircraft-engine-workshop-with-2000-pieces","status":"publish","type":"product","link":"https:\/\/mouldking.store\/vi\/shop\/pantasy-85006-aircraft-engine-workshop-with-2000-pieces\/","title":{"rendered":"X\u01b0\u1edfng \u0111\u1ed9ng c\u01a1 m\u00e1y bay Pantasy 85006 v\u1edbi 2000 chi ti\u1ebft"},"content":{"rendered":"<div>\u2705Pantasy 85006 X\u01b0\u1edfng \u0111\u1ed9ng c\u01a1 m\u00e1y bay<br \/>&nbsp;<br \/>\u2705X\u01b0\u1edfng s\u1eeda ch\u1eefa \u0111\u1ed9ng c\u01a1 m\u00e1y bay l\u00e0 m\u1ed9t c\u01a1 s\u1edf ho\u1eb7c khu v\u1ef1c chuy\u00ean bi\u1ec7t d\u00e0nh ri\u00eang cho vi\u1ec7c b\u1ea3o d\u01b0\u1ee1ng, s\u1eeda ch\u1eefa, \u0111\u1ea1i tu v\u00e0 th\u1eed nghi\u1ec7m \u0111\u1ed9ng c\u01a1 m\u00e1y bay. Nh\u1eefng x\u01b0\u1edfng n\u00e0y \u0111\u00f3ng vai tr\u00f2 thi\u1ebft y\u1ebfu trong vi\u1ec7c \u0111\u1ea3m b\u1ea3o an to\u00e0n, \u0111\u1ed9 tin c\u1eady v\u00e0 hi\u1ec7u su\u1ea5t c\u1ee7a \u0111\u1ed9ng c\u01a1 m\u00e1y bay, v\u1ed1n l\u00e0 nh\u1eefng b\u1ed9 ph\u1eadn quan tr\u1ecdng c\u1ee7a b\u1ea5t k\u1ef3 m\u00e1y bay n\u00e0o.<br \/>&nbsp;<br \/>\ud83d\udeab QUAN TR\u1eccNG!&nbsp;<br \/>&nbsp;<br \/>T\u00ean s\u1ea3n ph\u1ea9m: X\u01b0\u1edfng \u0111\u1ed9ng c\u01a1 m\u00e1y bay<br \/>&nbsp;<br \/>Danh m\u1ee5c: K\u1ef9 thu\u1eadt<br \/>&nbsp;<br \/>B\u1ed9 s\u1ea3n ph\u1ea9m n\u00e0y bao g\u1ed3m: Qu\u1ea7n l\u00f3t 85006<br \/>&nbsp;<br \/>2000 vi\u00ean g\u1ea1ch ch\u1ea5t l\u01b0\u1ee3ng t\u1ed1t&nbsp;<br \/>&nbsp;<br \/>K\u00edch th\u01b0\u1edbc: 35,2 \u00d7 25,6 \u00d7 23 cm<br \/>&nbsp;<br \/>H\u01b0\u1edbng d\u1eabn th\u1ee7 c\u00f4ng&nbsp;<br \/>&nbsp;<br \/>\ud83d\udcccB\u1ea3n ch\u1ea5t c\u1ee7a nh\u00e2n v\u1eadt ch\u00ednh&nbsp;<br \/>&nbsp;<br \/>Xin gi\u1edbi thi\u1ec7u b\u1ed9 s\u01b0u t\u1eadp \u0111\u00e1ng t\u1ef1 h\u00e0o c\u1ee7a ch\u00fang t\u00f4i mang t\u00ean \u201cAircraft Engine Workshop\u201d m\u00e0 b\u1ea1n kh\u00f4ng n\u00ean b\u1ecf l\u1ee1.&nbsp;<br \/>&nbsp;<br \/>C\u00e1c x\u01b0\u1edfng s\u1eeda ch\u1eefa \u0111\u1ed9ng c\u01a1 m\u00e1y bay x\u1eed l\u00fd nhi\u1ec1u lo\u1ea1i \u0111\u1ed9ng c\u01a1 m\u00e1y bay kh\u00e1c nhau, bao g\u1ed3m \u0111\u1ed9ng c\u01a1 piston, \u0111\u1ed9ng c\u01a1 tua bin c\u00e1nh qu\u1ea1t, \u0111\u1ed9ng c\u01a1 tua bin ph\u1ea3n l\u1ef1c c\u00e1nh qu\u1ea1t v\u00e0 \u0111\u1ed9ng c\u01a1 tua bin tr\u1ee5c. M\u1ed7i lo\u1ea1i y\u00eau c\u1ea7u chuy\u00ean m\u00f4n v\u00e0 thi\u1ebft b\u1ecb ri\u00eang. B\u1ea3o d\u01b0\u1ee1ng \u0111\u1ecbnh k\u1ef3 l\u00e0 r\u1ea5t quan tr\u1ecdng \u0111\u1ec3 gi\u1eef cho \u0111\u1ed9ng c\u01a1 m\u00e1y bay lu\u00f4n \u1edf t\u00ecnh tr\u1ea1ng t\u1ed1i \u01b0u. Vi\u1ec7c n\u00e0y bao g\u1ed3m c\u00e1c c\u00f4ng vi\u1ec7c nh\u01b0 ki\u1ec3m tra, v\u1ec7 sinh, b\u00f4i tr\u01a1n v\u00e0 thay th\u1ebf c\u00e1c b\u1ed9 ph\u1eadn \u0111\u1ed9ng c\u01a1 khi c\u1ea7n thi\u1ebft \u0111\u1ec3 tr\u00e1nh hao m\u00f2n. Khi \u0111\u1ed9ng c\u01a1 g\u1eb7p s\u1ef1 c\u1ed1 ho\u1eb7c \u0111\u1ea1t \u0111\u1ebfn th\u1eddi h\u1ea1n b\u1ea3o d\u01b0\u1ee1ng khuy\u1ebfn ngh\u1ecb, ch\u00fang c\u00f3 th\u1ec3 c\u1ea7n \u0111\u01b0\u1ee3c s\u1eeda ch\u1eefa ho\u1eb7c \u0111\u1ea1i tu. Vi\u1ec7c n\u00e0y bao g\u1ed3m th\u00e1o r\u1eddi \u0111\u1ed9ng c\u01a1, ki\u1ec3m tra t\u1ea5t c\u1ea3 c\u00e1c b\u1ed9 ph\u1eadn, thay th\u1ebf c\u00e1c b\u1ed9 ph\u1eadn b\u1ecb m\u00f2n ho\u1eb7c h\u01b0 h\u1ecfng, v\u00e0 l\u1eafp r\u00e1p l\u1ea1i \u0111\u1ed9ng c\u01a1 theo th\u00f4ng s\u1ed1 k\u1ef9 thu\u1eadt c\u1ee7a nh\u00e0 m\u00e1y.<\/div>","protected":false},"excerpt":{"rendered":"<p>Th\u01b0\u01a1ng hi\u1ec7u: pantasy<br \/>\nGi\u1edbi t\u00ednh: Unisex<br \/>\n\u0110\u1ed9 tu\u1ed5i: &gt; 6 tu\u1ed5i<br \/>\nS\u1ed1 hi\u1ec7u m\u1eabu: 85006<br \/>\nPh\u00e2n lo\u1ea1i: T\u1eadp h\u1ee3p<br \/>\nH\u00ecnh d\u1ea1ng kh\u1ed1i nh\u1ef1a: G\u1ea1ch t\u1ef1 kh\u00f3a<br \/>\nCh\u1ea5t li\u1ec7u: Nh\u1ef1a<br \/>\nLo\u1ea1i nh\u1ef1a: ABS<br \/>\nKh\u1ed1i g\u1ea1ch: 2000 +<br \/>\nKh\u00f4ng c\u00f3 h\u1ed9p ban \u0111\u1ea7u<\/p>","protected":false},"featured_media":50926,"comment_status":"open","ping_status":"closed","template":"","meta":{"_acf_changed":false},"product_cat":[1357,364],"product_tag":[5271,10493,389,11080,11707],"class_list":["product","first","instock","shipping-taxable","purchasable","product-type-simple"],"acf":[],"_links":{"self":[{"href":"https:\/\/mouldking.store\/vi\/wp-json\/wp\/v2\/product\/50932","targetHints":{"allow":["GET"]}}],"collection":[{"href":"https:\/\/mouldking.store\/vi\/wp-json\/wp\/v2\/product"}],"about":[{"href":"https:\/\/mouldking.store\/vi\/wp-json\/wp\/v2\/types\/product"}],"replies":[{"embeddable":true,"href":"https:\/\/mouldking.store\/vi\/wp-json\/wp\/v2\/comments?post=50932"}],"wp:featuredmedia":[{"embeddable":true,"href":"https:\/\/mouldking.store\/vi\/wp-json\/wp\/v2\/media\/50926"}],"wp:attachment":[{"href":"https:\/\/mouldking.store\/vi\/wp-json\/wp\/v2\/media?parent=50932"}],"wp:term":[{"taxonomy":"product_cat","embeddable":true,"href":"https:\/\/mouldking.store\/vi\/wp-json\/wp\/v2\/product_cat?post=50932"},{"taxonomy":"product_tag","embeddable":true,"href":"https:\/\/mouldking.store\/vi\/wp-json\/wp\/v2\/product_tag?post=50932"}],"curies":[{"name":"wp","href":"https:\/\/api.w.org\/{rel}","templated":true}]}}