{"id":51162,"date":"2023-10-02T17:46:41","date_gmt":"2023-10-02T10:46:41","guid":{"rendered":"https:\/\/mouldking.store\/shop\/reobrix-66017-medieval-tavern-the-crusader-inn-with-3214-pieces\/"},"modified":"2023-10-02T17:46:41","modified_gmt":"2023-10-02T10:46:41","slug":"reobrix-66017-medieval-tavern-the-crusader-inn-with-3214-pieces","status":"publish","type":"product","link":"https:\/\/mouldking.store\/vi\/shop\/reobrix-66017-medieval-tavern-the-crusader-inn-with-3214-pieces\/","title":{"rendered":"REOBRIX 66017 Medieval Tavern The Crusader Inn with 3214 Pieces"},"content":{"rendered":"<div>\u2705 Reobrix 66017 Medieval Tavern The Crusader Inn<br \/>&nbsp;<br \/>\u2705&#8221;The Crusader Inn&#8221; is an imaginative concept for a medieval-themed tavern or inn, inspired by the historical period known as the Crusades. The Crusades were a series of religious and military campaigns in the Middle Ages, primarily in the 11th to 13th centuries, in which European Christians sought to recapture the Holy Land (Jerusalem and the surrounding areas) from Muslim control. A medieval tavern with the name &#8220;The Crusader Inn&#8221; would likely embrace this historical theme.&nbsp;<br \/>&nbsp;<br \/>\ud83d\udeab QUAN TR\u1eccNG!&nbsp;<br \/>&nbsp;<br \/>Product Name: Medieval Tavern The Crusader Inn<br \/>&nbsp;<br \/>Danh m\u1ee5c: T\u00f2a nh\u00e0 m\u00f4-\u0111un&nbsp;<br \/>&nbsp;<br \/>This Kit Contains: Reobrix 66017<br \/>&nbsp;<br \/>3214 pcs Good Quality Bricks&nbsp;<br \/>&nbsp;<br \/>Size:&nbsp; 28.5 \u00d7 27 \u00d7 33 cm<br \/>&nbsp;<br \/>H\u01b0\u1edbng d\u1eabn th\u1ee7 c\u00f4ng&nbsp;<br \/>&nbsp;<br \/>\ud83d\udcccB\u1ea3n ch\u1ea5t c\u1ee7a nh\u00e2n v\u1eadt ch\u00ednh&nbsp;<br \/>&nbsp;<br \/>Introducing our proud collection named \u201cMedieval Tavern The Crusader Inn\u201d you should not miss.&nbsp;<br \/>&nbsp;<br \/>Design the inn&#8217;s architecture to resemble a medieval European building with wooden beams, thatched roofs, and stone walls. Decorate the interior with period-appropriate furnishings, including wooden tables and benches, candle sconces, and medieval-style artwork and tapestries. Offer a menu inspired by medieval and Middle Eastern cuisine. This could include dishes like roast meats, hearty stews, bread, and fruits. Feature a variety of beverages, including ale, mead, and wines that were common during the medieval period.<\/div>","protected":false},"excerpt":{"rendered":"<p>Th\u01b0\u01a1ng hi\u1ec7u: REOBRIX<br \/>\nGi\u1edbi t\u00ednh: Unisex<br \/>\n\u0110\u1ed9 tu\u1ed5i: &gt; 14 tu\u1ed5i<br \/>\nModel Number: 66017<br \/>\nPh\u00e2n lo\u1ea1i: T\u1eadp h\u1ee3p<br \/>\nH\u00ecnh d\u1ea1ng kh\u1ed1i nh\u1ef1a: G\u1ea1ch t\u1ef1 kh\u00f3a<br \/>\nCh\u1ea5t li\u1ec7u: Nh\u1ef1a<br \/>\nLo\u1ea1i nh\u1ef1a: ABS<br \/>\nBricks Blocks: 3214 +<br \/>\nKh\u00f4ng c\u00f3 h\u1ed9p ban \u0111\u1ea7u<\/p>","protected":false},"featured_media":51156,"comment_status":"open","ping_status":"closed","template":"","meta":{"_acf_changed":false},"product_cat":[1395,1502,390],"product_tag":[787,4883,12703,9258,11099,392,11107],"class_list":["product","first","instock","shipping-taxable","purchasable","product-type-simple"],"acf":[],"_links":{"self":[{"href":"https:\/\/mouldking.store\/vi\/wp-json\/wp\/v2\/product\/51162","targetHints":{"allow":["GET"]}}],"collection":[{"href":"https:\/\/mouldking.store\/vi\/wp-json\/wp\/v2\/product"}],"about":[{"href":"https:\/\/mouldking.store\/vi\/wp-json\/wp\/v2\/types\/product"}],"replies":[{"embeddable":true,"href":"https:\/\/mouldking.store\/vi\/wp-json\/wp\/v2\/comments?post=51162"}],"wp:featuredmedia":[{"embeddable":true,"href":"https:\/\/mouldking.store\/vi\/wp-json\/wp\/v2\/media\/51156"}],"wp:attachment":[{"href":"https:\/\/mouldking.store\/vi\/wp-json\/wp\/v2\/media?parent=51162"}],"wp:term":[{"taxonomy":"product_cat","embeddable":true,"href":"https:\/\/mouldking.store\/vi\/wp-json\/wp\/v2\/product_cat?post=51162"},{"taxonomy":"product_tag","embeddable":true,"href":"https:\/\/mouldking.store\/vi\/wp-json\/wp\/v2\/product_tag?post=51162"}],"curies":[{"name":"wp","href":"https:\/\/api.w.org\/{rel}","templated":true}]}}