{"id":51233,"date":"2023-10-02T18:17:58","date_gmt":"2023-10-02T11:17:58","guid":{"rendered":"https:\/\/mouldking.store\/shop\/reobrix-33036-tu-160-strategic-bomber-with-1598-pieces\/"},"modified":"2023-10-02T18:17:58","modified_gmt":"2023-10-02T11:17:58","slug":"reobrix-33036-tu-160-strategic-bomber-with-1598-pieces","status":"publish","type":"product","link":"https:\/\/mouldking.store\/vi\/shop\/reobrix-33036-tu-160-strategic-bomber-with-1598-pieces\/","title":{"rendered":"B\u1ed9 l\u1eafp r\u00e1p REOBRIX 33036 M\u00e1y bay n\u00e9m bom chi\u1ebfn l\u01b0\u1ee3c TU-160 g\u1ed3m 1598 chi ti\u1ebft"},"content":{"rendered":"<div>\u2705Reobix 33036 TU-160 Strategic Bomber<br \/>&nbsp;<br \/>\u2705The TU-160, also known as the Tupolev Tu-160 or NATO reporting name &#8220;Blackjack,&#8221; is a supersonic, variable-sweep wing strategic bomber designed and manufactured by the Soviet Union (and later Russia). It is one of the largest and heaviest combat aircraft in the world and is designed for long-range strategic bombing missions.<br \/>&nbsp;<br \/>\ud83d\udeab QUAN TR\u1eccNG!&nbsp;<br \/>&nbsp;<br \/>Product Name: TU-160 Strategic Bomber<br \/>&nbsp;<br \/>Th\u1ec3 lo\u1ea1i: Qu\u00e2n s\u1ef1<br \/>&nbsp;<br \/>This Kit Contains: Reobix 33036<br \/>&nbsp;<br \/>1598 pcs Good Quality Bricks&nbsp;<br \/>&nbsp;<br \/>Size: 72 \u00d7 80 \u00d7 17 cm<br \/>&nbsp;<br \/>H\u01b0\u1edbng d\u1eabn th\u1ee7 c\u00f4ng&nbsp;<br \/>&nbsp;<br \/>\ud83d\udcccB\u1ea3n ch\u1ea5t c\u1ee7a nh\u00e2n v\u1eadt ch\u00ednh&nbsp;<br \/>&nbsp;<br \/>Introducing our proud collection named \u201cTU-160 Strategic Bomber\u201d you should not miss.&nbsp;<br \/>&nbsp;<br \/>The Tu-160 was developed during the Cold War and first introduced in the late 1980s. It was designed to replace the earlier Tu-95 and Tu-22M bombers. The Tu-160 is capable of flying at supersonic speeds, allowing it to quickly reach its target and evade enemy air defenses. One of its distinctive features is its variable-sweep wings, which can be adjusted to optimize performance at different speeds and altitudes. It can carry a variety of payloads, including nuclear and conventional bombs, cruise missiles, and nuclear-armed long-range missiles.<\/div>","protected":false},"excerpt":{"rendered":"<p>Th\u01b0\u01a1ng hi\u1ec7u: REOBRIX<br \/>\nGi\u1edbi t\u00ednh: Unisex<br \/>\n\u0110\u1ed9 tu\u1ed5i: &gt; 14 tu\u1ed5i<br \/>\nModel Number: 33036<br \/>\nPh\u00e2n lo\u1ea1i: T\u1eadp h\u1ee3p<br \/>\nH\u00ecnh d\u1ea1ng kh\u1ed1i nh\u1ef1a: G\u1ea1ch t\u1ef1 kh\u00f3a<br \/>\nCh\u1ea5t li\u1ec7u: Nh\u1ef1a<br \/>\nLo\u1ea1i nh\u1ef1a: ABS<br \/>\nBricks Blocks: 1598 +<br \/>\nKh\u00f4ng c\u00f3 h\u1ed9p ban \u0111\u1ea7u<\/p>","protected":false},"featured_media":51227,"comment_status":"open","ping_status":"closed","template":"","meta":{"_acf_changed":false},"product_cat":[1365,1350,1357,372,364],"product_tag":[5533,11601,374,12714,389],"class_list":["product","first","instock","shipping-taxable","purchasable","product-type-simple"],"acf":[],"_links":{"self":[{"href":"https:\/\/mouldking.store\/vi\/wp-json\/wp\/v2\/product\/51233","targetHints":{"allow":["GET"]}}],"collection":[{"href":"https:\/\/mouldking.store\/vi\/wp-json\/wp\/v2\/product"}],"about":[{"href":"https:\/\/mouldking.store\/vi\/wp-json\/wp\/v2\/types\/product"}],"replies":[{"embeddable":true,"href":"https:\/\/mouldking.store\/vi\/wp-json\/wp\/v2\/comments?post=51233"}],"wp:featuredmedia":[{"embeddable":true,"href":"https:\/\/mouldking.store\/vi\/wp-json\/wp\/v2\/media\/51227"}],"wp:attachment":[{"href":"https:\/\/mouldking.store\/vi\/wp-json\/wp\/v2\/media?parent=51233"}],"wp:term":[{"taxonomy":"product_cat","embeddable":true,"href":"https:\/\/mouldking.store\/vi\/wp-json\/wp\/v2\/product_cat?post=51233"},{"taxonomy":"product_tag","embeddable":true,"href":"https:\/\/mouldking.store\/vi\/wp-json\/wp\/v2\/product_tag?post=51233"}],"curies":[{"name":"wp","href":"https:\/\/api.w.org\/{rel}","templated":true}]}}