{"id":51285,"date":"2023-10-02T18:22:07","date_gmt":"2023-10-02T11:22:07","guid":{"rendered":"https:\/\/mouldking.store\/shop\/pantasy-85007-steampunk-train-station-with-2723-pieces\/"},"modified":"2024-01-15T10:32:26","modified_gmt":"2024-01-15T03:32:26","slug":"pantasy-85007-steampunk-train-station-with-2723-pieces","status":"publish","type":"product","link":"https:\/\/mouldking.store\/vi\/shop\/pantasy-85007-steampunk-train-station-with-2723-pieces\/","title":{"rendered":"Pantasy 85007 Nh\u00e0 ga xe l\u1eeda Steampunk v\u1edbi 2723 m\u1ea3nh gh\u00e9p"},"content":{"rendered":"<div>\u2705 Pantasy 85007 Steampunk Train Station&nbsp;<br \/>&nbsp;<br \/>\u2705A Steampunk Train Station is a captivating and imaginative concept that fuses the aesthetics and technology of the steampunk genre with the architectural design of a railway station. Steampunk is known for its blend of Victorian-era design, steam-powered machinery, and fantastical elements.&nbsp;<br \/>&nbsp;<br \/>\ud83d\udeab QUAN TR\u1eccNG!&nbsp;<br \/>&nbsp;<br \/>Product Name: Steampunk Train Station&nbsp;<br \/>&nbsp;<br \/>Danh m\u1ee5c: T\u00f2a nh\u00e0 m\u00f4-\u0111un<br \/>&nbsp;<br \/>This Kit Contains:&nbsp; Pantasy 85007<br \/>&nbsp;<br \/>2723 pcs Good Quality Bricks&nbsp;<br \/>&nbsp;<br \/>Size: 57.5 \u00d7 28.5 \u00d7 36 cm<br \/>&nbsp;<br \/>H\u01b0\u1edbng d\u1eabn th\u1ee7 c\u00f4ng&nbsp;<br \/>&nbsp;<br \/>\ud83d\udcccB\u1ea3n ch\u1ea5t c\u1ee7a nh\u00e2n v\u1eadt ch\u00ednh&nbsp;<br \/>&nbsp;<br \/>Introducing our proud collection named \u201cSteampunk Train Station \u201d you should not miss.&nbsp;<br \/>&nbsp;<br \/>Base the design of the train station on Victorian-era architectural styles, which often feature ornate details, large windows, and decorative elements like arches and turrets. Use brass and copper materials and accents throughout the station&#8217;s structure and d\u00e9cor. These metals are staples of steampunk aesthetics and can be employed for railings, signage, lighting fixtures, and more.&nbsp; Include visible steam-powered machinery such as large gears, cogs, and pipes. These elements can serve as both decorative features and functional parts of the station&#8217;s design. Incorporate oversized clocks and pressure gauges into the station&#8217;s interior or exterior. These can be both decorative and functional, reflecting the steampunk fascination with time and technology.<\/div>","protected":false},"excerpt":{"rendered":"<p>Th\u01b0\u01a1ng hi\u1ec7u: pantasy<br \/>\nGi\u1edbi t\u00ednh: Unisex<br \/>\n\u0110\u1ed9 tu\u1ed5i: &gt; 6 tu\u1ed5i<br \/>\nModel Number: 85007<br \/>\nPh\u00e2n lo\u1ea1i: T\u1eadp h\u1ee3p<br \/>\nH\u00ecnh d\u1ea1ng kh\u1ed1i nh\u1ef1a: G\u1ea1ch t\u1ef1 kh\u00f3a<br \/>\nCh\u1ea5t li\u1ec7u: Nh\u1ef1a<br \/>\nLo\u1ea1i nh\u1ef1a: ABS<br \/>\nBricks Blocks: 2723 +<br \/>\nKh\u00f4ng c\u00f3 h\u1ed9p ban \u0111\u1ea7u<\/p>","protected":false},"featured_media":51275,"comment_status":"open","ping_status":"closed","template":"","meta":{"_acf_changed":false},"product_cat":[1365,1395,371,390],"product_tag":[11072,8452,392,2309,12390,300],"class_list":["product","first","outofstock","shipping-taxable","purchasable","product-type-simple"],"acf":[],"_links":{"self":[{"href":"https:\/\/mouldking.store\/vi\/wp-json\/wp\/v2\/product\/51285","targetHints":{"allow":["GET"]}}],"collection":[{"href":"https:\/\/mouldking.store\/vi\/wp-json\/wp\/v2\/product"}],"about":[{"href":"https:\/\/mouldking.store\/vi\/wp-json\/wp\/v2\/types\/product"}],"replies":[{"embeddable":true,"href":"https:\/\/mouldking.store\/vi\/wp-json\/wp\/v2\/comments?post=51285"}],"wp:featuredmedia":[{"embeddable":true,"href":"https:\/\/mouldking.store\/vi\/wp-json\/wp\/v2\/media\/51275"}],"wp:attachment":[{"href":"https:\/\/mouldking.store\/vi\/wp-json\/wp\/v2\/media?parent=51285"}],"wp:term":[{"taxonomy":"product_cat","embeddable":true,"href":"https:\/\/mouldking.store\/vi\/wp-json\/wp\/v2\/product_cat?post=51285"},{"taxonomy":"product_tag","embeddable":true,"href":"https:\/\/mouldking.store\/vi\/wp-json\/wp\/v2\/product_tag?post=51285"}],"curies":[{"name":"wp","href":"https:\/\/api.w.org\/{rel}","templated":true}]}}