{"id":51345,"date":"2023-10-09T12:11:26","date_gmt":"2023-10-09T05:11:26","guid":{"rendered":"https:\/\/mouldking.store\/shop\/jiestar-jj9014-chemical-plant-natural-gas-storage-center-with-704-pieces\/"},"modified":"2023-10-09T12:11:26","modified_gmt":"2023-10-09T05:11:26","slug":"jiestar-jj9014-chemical-plant-natural-gas-storage-center-with-704-pieces","status":"publish","type":"product","link":"https:\/\/mouldking.store\/vi\/shop\/jiestar-jj9014-chemical-plant-natural-gas-storage-center-with-704-pieces\/","title":{"rendered":"JIESTAR JJ9014 Chemical Plant Natural Gas Storage Center with 704 Pieces"},"content":{"rendered":"<div>\u2705JIESTAR JJ9014 Chemical Plant Natural Gas Storage Center<br \/>&nbsp;<br \/>\u2705A Natural Gas Storage Center, also known as a natural gas storage facility or gas storage reservoir, is a crucial component of the natural gas industry&#8217;s infrastructure. These centers are designed to store natural gas in large quantities to ensure a stable and reliable supply of natural gas to consumers, especially during periods of high demand or when production is temporarily reduced.<br \/>&nbsp;<br \/>\ud83d\udeab QUAN TR\u1eccNG!&nbsp;<br \/>&nbsp;<br \/>Product Name: Chemical Plant Natural Gas Storage Center<br \/>&nbsp;<br \/>Danh m\u1ee5c: T\u00f2a nh\u00e0 m\u00f4-\u0111un<\/p>\n<p>This kit contains: JIESTAR JJ9014<br \/>&nbsp;<br \/>704 pcs Good Quality Bricks&nbsp;<br \/>&nbsp;<br \/>Size: 27 \u00d7 21.9 \u00d7 19.6 cm<br \/>&nbsp;<br \/>H\u01b0\u1edbng d\u1eabn th\u1ee7 c\u00f4ng&nbsp;<br \/>&nbsp;<br \/>\ud83d\udcccB\u1ea3n ch\u1ea5t c\u1ee7a nh\u00e2n v\u1eadt ch\u00ednh&nbsp;<br \/>&nbsp;<br \/>Introducing our proud collection named \u201cChemical Plant Natural Gas Storage Center\u201d you should not miss.&nbsp;<br \/>&nbsp;<br \/>The primary purpose of these facilities is to store excess natural gas during periods of low demand (such as in the summer months) and release it when demand is high (such as in the winter for heating or during energy spikes). This helps balance supply and demand, ensuring a steady supply of natural gas to consumers.Natural gas is injected into these storage facilities during periods of low demand when prices are typically lower. During high-demand periods or price increases, the gas is withdrawn and sent to distribution networks for consumer use.&nbsp; The capacity of a natural gas storage center can vary widely, from relatively small facilities to massive underground reservoirs that can hold billions of cubic feet of natural gas.<\/div>","protected":false},"excerpt":{"rendered":"<p>Th\u01b0\u01a1ng hi\u1ec7u: JIESTAR<br \/>\nGi\u1edbi t\u00ednh: Unisex<br \/>\n\u0110\u1ed9 tu\u1ed5i: &gt; 8 tu\u1ed5i<br \/>\nModel Number: JJ9014<br \/>\nPh\u00e2n lo\u1ea1i: T\u1eadp h\u1ee3p<br \/>\nH\u00ecnh d\u1ea1ng kh\u1ed1i nh\u1ef1a: G\u1ea1ch t\u1ef1 kh\u00f3a<br \/>\nCh\u1ea5t li\u1ec7u: Nh\u1ef1a<br \/>\nLo\u1ea1i nh\u1ef1a: ABS<br \/>\nBricks Blocks: 704 +<br \/>\nKh\u00f4ng c\u00f3 h\u1ed9p ban \u0111\u1ea7u<\/p>","protected":false},"featured_media":51343,"comment_status":"open","ping_status":"closed","template":"","meta":{"_acf_changed":false},"product_cat":[1395,1502,390],"product_tag":[4552,12721,4883,8734,392,6594,9938],"class_list":["product","first","instock","shipping-taxable","purchasable","product-type-simple"],"acf":[],"_links":{"self":[{"href":"https:\/\/mouldking.store\/vi\/wp-json\/wp\/v2\/product\/51345","targetHints":{"allow":["GET"]}}],"collection":[{"href":"https:\/\/mouldking.store\/vi\/wp-json\/wp\/v2\/product"}],"about":[{"href":"https:\/\/mouldking.store\/vi\/wp-json\/wp\/v2\/types\/product"}],"replies":[{"embeddable":true,"href":"https:\/\/mouldking.store\/vi\/wp-json\/wp\/v2\/comments?post=51345"}],"wp:featuredmedia":[{"embeddable":true,"href":"https:\/\/mouldking.store\/vi\/wp-json\/wp\/v2\/media\/51343"}],"wp:attachment":[{"href":"https:\/\/mouldking.store\/vi\/wp-json\/wp\/v2\/media?parent=51345"}],"wp:term":[{"taxonomy":"product_cat","embeddable":true,"href":"https:\/\/mouldking.store\/vi\/wp-json\/wp\/v2\/product_cat?post=51345"},{"taxonomy":"product_tag","embeddable":true,"href":"https:\/\/mouldking.store\/vi\/wp-json\/wp\/v2\/product_tag?post=51345"}],"curies":[{"name":"wp","href":"https:\/\/api.w.org\/{rel}","templated":true}]}}