{"id":51357,"date":"2023-10-09T12:29:58","date_gmt":"2023-10-09T05:29:58","guid":{"rendered":"https:\/\/mouldking.store\/shop\/jiestar-jj9014-jj9016-chemical-plant-with-2100-pieces\/"},"modified":"2023-10-09T12:29:58","modified_gmt":"2023-10-09T05:29:58","slug":"jiestar-jj9014-jj9016-chemical-plant-with-2100-pieces","status":"publish","type":"product","link":"https:\/\/mouldking.store\/vi\/shop\/jiestar-jj9014-jj9016-chemical-plant-with-2100-pieces\/","title":{"rendered":"JIESTAR JJ9014-JJ9016 Chemical Plant with 2100 Pieces"},"content":{"rendered":"<div>\u2705 JIESTAR JJ9014-JJ9016 Chemical Plant<br \/>&nbsp;<br \/>\u2705A chemical plant is an industrial facility where various chemical processes are carried out to manufacture, process, or refine chemicals and chemical products. These plants are complex and diverse, and they play a crucial role in the production of a wide range of chemicals used in various industries, including pharmaceuticals, petrochemicals, agriculture, plastics, and more.&nbsp;<br \/>&nbsp;<br \/>\ud83d\udeab QUAN TR\u1eccNG!&nbsp;<br \/>&nbsp;<br \/>Product Name: Chemical Plant<br \/>&nbsp;<br \/>Danh m\u1ee5c: T\u00f2a nh\u00e0 m\u00f4-\u0111un<br \/>&nbsp;<br \/>This Kit Contains:&nbsp; JIESTAR JJ9014-JJ9016&nbsp;<br \/>&nbsp;<br \/>2100 pcs Good Quality Bricks&nbsp;<br \/>&nbsp;<br \/>H\u01b0\u1edbng d\u1eabn th\u1ee7 c\u00f4ng&nbsp;<br \/>&nbsp;<br \/>\ud83d\udcccB\u1ea3n ch\u1ea5t c\u1ee7a nh\u00e2n v\u1eadt ch\u00ednh&nbsp;<br \/>&nbsp;<br \/>Introducing our proud collection named \u201cChemical Plant\u201d you should not miss.&nbsp;<br \/>&nbsp;<br \/>Chemical plants are primarily engaged in the production of chemicals. This can include the synthesis of organic and inorganic compounds, such as acids, bases, solvents, polymers, fertilizers, and pharmaceuticals. They receive and handle raw materials, which can be in the form of bulk chemicals, gases, liquids, or solids. These materials serve as feedstocks for the chemical processes. Chemical plants employ a wide range of chemical processes, including chemical reactions, distillation, mixing, separation, filtration, crystallization, and more, depending on the specific products being manufactured.<\/div>","protected":false},"excerpt":{"rendered":"<p>Th\u01b0\u01a1ng hi\u1ec7u: JIESTAR<br \/>\nGi\u1edbi t\u00ednh: Unisex<br \/>\n\u0110\u1ed9 tu\u1ed5i: &gt; 8 tu\u1ed5i<br \/>\nModel Number: JJ9014-JJ9016<br \/>\nPh\u00e2n lo\u1ea1i: T\u1eadp h\u1ee3p<br \/>\nH\u00ecnh d\u1ea1ng kh\u1ed1i nh\u1ef1a: G\u1ea1ch t\u1ef1 kh\u00f3a<br \/>\nCh\u1ea5t li\u1ec7u: Nh\u1ef1a<br \/>\nLo\u1ea1i nh\u1ef1a: ABS<br \/>\nBricks Blocks: 2100 +<br \/>\nKh\u00f4ng c\u00f3 h\u1ed9p ban \u0111\u1ea7u<\/p>","protected":false},"featured_media":51352,"comment_status":"open","ping_status":"closed","template":"","meta":{"_acf_changed":false},"product_cat":[1395,1502,390],"product_tag":[12721,4883,392,6594],"class_list":["product","first","instock","shipping-taxable","purchasable","product-type-simple"],"acf":[],"_links":{"self":[{"href":"https:\/\/mouldking.store\/vi\/wp-json\/wp\/v2\/product\/51357","targetHints":{"allow":["GET"]}}],"collection":[{"href":"https:\/\/mouldking.store\/vi\/wp-json\/wp\/v2\/product"}],"about":[{"href":"https:\/\/mouldking.store\/vi\/wp-json\/wp\/v2\/types\/product"}],"replies":[{"embeddable":true,"href":"https:\/\/mouldking.store\/vi\/wp-json\/wp\/v2\/comments?post=51357"}],"wp:featuredmedia":[{"embeddable":true,"href":"https:\/\/mouldking.store\/vi\/wp-json\/wp\/v2\/media\/51352"}],"wp:attachment":[{"href":"https:\/\/mouldking.store\/vi\/wp-json\/wp\/v2\/media?parent=51357"}],"wp:term":[{"taxonomy":"product_cat","embeddable":true,"href":"https:\/\/mouldking.store\/vi\/wp-json\/wp\/v2\/product_cat?post=51357"},{"taxonomy":"product_tag","embeddable":true,"href":"https:\/\/mouldking.store\/vi\/wp-json\/wp\/v2\/product_tag?post=51357"}],"curies":[{"name":"wp","href":"https:\/\/api.w.org\/{rel}","templated":true}]}}