{"id":51452,"date":"2023-10-11T12:35:00","date_gmt":"2023-10-11T05:35:00","guid":{"rendered":"https:\/\/mouldking.store\/shop\/mork-033010-medieval-castle-with-8603-pieces\/"},"modified":"2023-10-11T12:35:00","modified_gmt":"2023-10-11T05:35:00","slug":"mork-033010-medieval-castle-with-8603-pieces","status":"publish","type":"product","link":"https:\/\/mouldking.store\/vi\/shop\/mork-033010-medieval-castle-with-8603-pieces\/","title":{"rendered":"MORK 033010 Medieval Castle with 8603 Pieces"},"content":{"rendered":"<div>\u2705MORK 033010 Medieval Castle<br \/>&nbsp;<br \/>\u2705A medieval castle is a fortified structure that was typically built during the Middle Ages, which spans roughly from the 5th to the 15th century in Europe. Castles served various purposes, including military defense, residential accommodation for nobility, administrative centers, and symbols of power and authority. They are often characterized by their distinctive architectural features and served as strongholds during times of conflict and as centers of governance and culture during periods of relative peace.&nbsp;<br \/>&nbsp;<br \/>\ud83d\udeab QUAN TR\u1eccNG!&nbsp;<br \/>&nbsp;<br \/>Product Name: Medieval Castle<br \/>&nbsp;<br \/>Danh m\u1ee5c: T\u00f2a nh\u00e0 m\u00f4-\u0111un&nbsp;<br \/>&nbsp;<br \/>This Kit Contains: MORK 033010<br \/>&nbsp;<br \/>8603&nbsp; pcs Good Quality Bricks&nbsp;<br \/>&nbsp;<br \/>Size: 51 \u00d7 47.5 \u00d7 56 cm<br \/>&nbsp;<br \/>H\u01b0\u1edbng d\u1eabn th\u1ee7 c\u00f4ng&nbsp;<br \/>&nbsp;<br \/>\ud83d\udcccB\u1ea3n ch\u1ea5t c\u1ee7a nh\u00e2n v\u1eadt ch\u00ednh&nbsp;<br \/>&nbsp;<br \/>Introducing our proud collection named \u201cMedieval Castle\u201d you should not miss.&nbsp;<br \/>&nbsp;<br \/>Medieval castles were usually constructed from stone, timber, or a combination of both. Stone castles were more durable and provided better defense, while timber castles were quicker to build.&nbsp; Castles were designed with defensive features, such as moats, drawbridges, battlements, walls, and gates, to protect against invasions. Many castles also had arrow slits or murder holes for archers to defend the castle. The central and most important part of a castle was the keep, a heavily fortified tower where the lord and his family would take refuge during an attack. The keep often housed living quarters, a great hall, and other important rooms.<\/div>","protected":false},"excerpt":{"rendered":"<p>Th\u01b0\u01a1ng hi\u1ec7u: MORK<br \/>\nGi\u1edbi t\u00ednh: Unisex<br \/>\n\u0110\u1ed9 tu\u1ed5i: &gt; 6 tu\u1ed5i<br \/>\nModel Number: 033010<br \/>\nPh\u00e2n lo\u1ea1i: T\u1eadp h\u1ee3p<br \/>\nH\u00ecnh d\u1ea1ng kh\u1ed1i nh\u1ef1a: G\u1ea1ch t\u1ef1 kh\u00f3a<br \/>\nCh\u1ea5t li\u1ec7u: Nh\u1ef1a<br \/>\nLo\u1ea1i nh\u1ef1a: ABS<br \/>\nBricks Blocks: 8603 +<br \/>\nKh\u00f4ng c\u00f3 h\u1ed9p ban \u0111\u1ea7u<\/p>","protected":false},"featured_media":51443,"comment_status":"open","ping_status":"closed","template":"","meta":{"_acf_changed":false},"product_cat":[1365,1395,371,390],"product_tag":[787,11072,8452,12732,4996,5644,392],"class_list":["product","first","instock","shipping-taxable","purchasable","product-type-simple"],"acf":[],"_links":{"self":[{"href":"https:\/\/mouldking.store\/vi\/wp-json\/wp\/v2\/product\/51452","targetHints":{"allow":["GET"]}}],"collection":[{"href":"https:\/\/mouldking.store\/vi\/wp-json\/wp\/v2\/product"}],"about":[{"href":"https:\/\/mouldking.store\/vi\/wp-json\/wp\/v2\/types\/product"}],"replies":[{"embeddable":true,"href":"https:\/\/mouldking.store\/vi\/wp-json\/wp\/v2\/comments?post=51452"}],"wp:featuredmedia":[{"embeddable":true,"href":"https:\/\/mouldking.store\/vi\/wp-json\/wp\/v2\/media\/51443"}],"wp:attachment":[{"href":"https:\/\/mouldking.store\/vi\/wp-json\/wp\/v2\/media?parent=51452"}],"wp:term":[{"taxonomy":"product_cat","embeddable":true,"href":"https:\/\/mouldking.store\/vi\/wp-json\/wp\/v2\/product_cat?post=51452"},{"taxonomy":"product_tag","embeddable":true,"href":"https:\/\/mouldking.store\/vi\/wp-json\/wp\/v2\/product_tag?post=51452"}],"curies":[{"name":"wp","href":"https:\/\/api.w.org\/{rel}","templated":true}]}}