{"id":51518,"date":"2023-10-17T11:42:03","date_gmt":"2023-10-17T04:42:03","guid":{"rendered":"https:\/\/mouldking.store\/shop\/moc-factory-134085-medieval-town-centre-with-4745-pieces\/"},"modified":"2025-12-16T20:59:24","modified_gmt":"2025-12-16T13:59:24","slug":"moc-factory-134085-medieval-town-centre-with-4745-pieces","status":"publish","type":"product","link":"https:\/\/mouldking.store\/vi\/shop\/moc-factory-134085-medieval-town-centre-with-4745-pieces\/","title":{"rendered":"MOC Factory 134085 Medieval Town Centre with 4745 Pieces"},"content":{"rendered":"<div>\u2705 MOC-134085 Medieval Town Centre<\/p>\n<p>\u2705Medieval town center is a term used to describe a historical town or city that dates back to the Middle Ages. These towns typically feature architecture and urban design from the medieval period, such as narrow winding streets, traditional marketplaces, and buildings made of stone, timber, or a combination of both.<\/p>\n<p>\ud83d\udeab QUAN TR\u1eccNG!<\/p>\n<p>Product Name: Medieval Town Centre<\/p>\n<p>Danh m\u1ee5c: T\u00f2a nh\u00e0 m\u00f4-\u0111un<\/p>\n<p>This Kit Contains: MOC-134085<\/p>\n<p>4745 pcs Good Quality Bricks<\/p>\n<p>Size: 34.6 x 45.6 x 44.9 cm<\/p>\n<p>Weight: 4000g<\/p>\n<p>H\u01b0\u1edbng d\u1eabn PDF<\/p>\n<p>\ud83d\udcccB\u1ea3n ch\u1ea5t c\u1ee7a nh\u00e2n v\u1eadt ch\u00ednh<\/p>\n<p>Introducing our proud collection named \u201cMedieval Town Centre\u201d you should not miss.<\/p>\n<p>In a medieval town center, the central marketplace or square often served as the hub of economic and social activity, with merchants selling goods, farmers bringing in produce, and locals gathering to socialize and conduct business. Surrounding the marketplace were often buildings such as churches, town halls, and other public buildings that were used for civic purposes. Medieval town centers were often surrounded by walls for defense, with gates and towers providing access to the city. These walls and gates were often built during times of conflict, as medieval towns were vulnerable to attacks from neighboring cities or invading armies.<\/p><\/div>","protected":false},"excerpt":{"rendered":"<p>Th\u01b0\u01a1ng hi\u1ec7u: Nh\u00e0 m\u00e1y M\u1ed8C<br \/>\nGi\u1edbi t\u00ednh: Unisex<br \/>\n\u0110\u1ed9 tu\u1ed5i: &gt; 14 tu\u1ed5i<br \/>\nModel Number: 134085<br \/>\nPh\u00e2n lo\u1ea1i: T\u1eadp h\u1ee3p<br \/>\nH\u00ecnh d\u1ea1ng kh\u1ed1i nh\u1ef1a: G\u1ea1ch t\u1ef1 kh\u00f3a<br \/>\nCh\u1ea5t li\u1ec7u: Nh\u1ef1a<br \/>\nLo\u1ea1i nh\u1ef1a: ABS<br \/>\nBricks Blocks: 4745 +<br \/>\nS\u1eafp x\u1ebfp th\u1eddi gian: 4-8 tu\u1ea7n<\/p>","protected":false},"featured_media":51512,"comment_status":"open","ping_status":"closed","template":"","meta":{"_acf_changed":false},"product_cat":[1354,1395,1502,390],"product_tag":[4552,4883,4996,392,2682],"class_list":["product","first","instock","shipping-taxable","purchasable","product-type-simple"],"acf":[],"_links":{"self":[{"href":"https:\/\/mouldking.store\/vi\/wp-json\/wp\/v2\/product\/51518","targetHints":{"allow":["GET"]}}],"collection":[{"href":"https:\/\/mouldking.store\/vi\/wp-json\/wp\/v2\/product"}],"about":[{"href":"https:\/\/mouldking.store\/vi\/wp-json\/wp\/v2\/types\/product"}],"replies":[{"embeddable":true,"href":"https:\/\/mouldking.store\/vi\/wp-json\/wp\/v2\/comments?post=51518"}],"wp:featuredmedia":[{"embeddable":true,"href":"https:\/\/mouldking.store\/vi\/wp-json\/wp\/v2\/media\/51512"}],"wp:attachment":[{"href":"https:\/\/mouldking.store\/vi\/wp-json\/wp\/v2\/media?parent=51518"}],"wp:term":[{"taxonomy":"product_cat","embeddable":true,"href":"https:\/\/mouldking.store\/vi\/wp-json\/wp\/v2\/product_cat?post=51518"},{"taxonomy":"product_tag","embeddable":true,"href":"https:\/\/mouldking.store\/vi\/wp-json\/wp\/v2\/product_tag?post=51518"}],"curies":[{"name":"wp","href":"https:\/\/api.w.org\/{rel}","templated":true}]}}