{"id":51645,"date":"2023-10-17T12:16:15","date_gmt":"2023-10-17T05:16:15","guid":{"rendered":"https:\/\/mouldking.store\/shop\/moc-factory-89235-robot-mech-girl-with-215-pieces\/"},"modified":"2025-12-16T20:59:22","modified_gmt":"2025-12-16T13:59:22","slug":"moc-factory-89235-robot-mech-girl-with-215-pieces","status":"publish","type":"product","link":"https:\/\/mouldking.store\/vi\/shop\/moc-factory-89235-robot-mech-girl-with-215-pieces\/","title":{"rendered":"MOC Factory 89235 Robot Mech Girl v\u1edbi 215 m\u1ea3nh gh\u00e9p"},"content":{"rendered":"<div>\u2705MOC-89235 C\u00f4 g\u00e1i robot Mech<\/p>\n<p>\u2705\u201cRobot Mech Girl\u201d th\u01b0\u1eddng \u00e1m ch\u1ec9 m\u1ed9t nh\u00e2n v\u1eadt ho\u1eb7c kh\u00e1i ni\u1ec7m k\u1ebft h\u1ee3p c\u00e1c y\u1ebfu t\u1ed1 c\u1ee7a c\u1ea3 robot ho\u1eb7c b\u1ed9 \u0111\u1ed3 c\u01a1 kh\u00ed (mech) v\u00e0 m\u1ed9t ng\u01b0\u1eddi ph\u1ee5 n\u1eef ho\u1eb7c h\u00ecnh ng\u01b0\u1eddi. Kh\u00e1i ni\u1ec7m n\u00e0y ph\u1ed5 bi\u1ebfn trong nhi\u1ec1u d\u1ea1ng khoa h\u1ecdc vi\u1ec5n t\u01b0\u1edfng, anime, manga v\u00e0 v\u0103n h\u00f3a \u0111\u1ea1i ch\u00fang.<\/p>\n<p>\ud83d\udeab QUAN TR\u1eccNG!<\/p>\n<p>T\u00ean s\u1ea3n ph\u1ea9m: Robot Mech Girl<\/p>\n<p>Th\u1ec3 lo\u1ea1i: Ng\u01b0\u1eddi s\u00e1ng t\u1ea1o<\/p>\n<p>B\u1ed9 s\u1ea3n ph\u1ea9m n\u00e0y bao g\u1ed3m: C9718<\/p>\n<p>215 vi\u00ean g\u1ea1ch ch\u1ea5t l\u01b0\u1ee3ng t\u1ed1t<\/p>\n<p>K\u00edch th\u01b0\u1edbc: 10,9 x 6 x 24,8 cm<\/p>\n<p>C\u00e2n n\u1eb7ng: 0,09kg<\/p>\n<p>H\u01b0\u1edbng d\u1eabn PDF<\/p>\n<p>\ud83d\udcccB\u1ea3n ch\u1ea5t c\u1ee7a nh\u00e2n v\u1eadt ch\u00ednh<\/p>\n<p>Xin gi\u1edbi thi\u1ec7u b\u1ed9 s\u01b0u t\u1eadp \u0111\u00e1ng t\u1ef1 h\u00e0o c\u1ee7a ch\u00fang t\u00f4i mang t\u00ean \u201cRobot Mech Girl\u201d m\u00e0 b\u1ea1n kh\u00f4ng n\u00ean b\u1ecf l\u1ee1.<\/p>\n<p>Nh\u00e2n v\u1eadt th\u01b0\u1eddng c\u00f3 ngo\u1ea1i h\u00ecnh gi\u1ed1ng ng\u01b0\u1eddi ho\u1eb7c gi\u1ed1ng ng\u01b0\u1eddi, v\u1edbi h\u00ecnh d\u1ea1ng n\u1eef t\u00ednh, ch\u1eb3ng h\u1ea1n nh\u01b0 khu\u00f4n m\u1eb7t, h\u00ecnh d\u00e1ng c\u01a1 th\u1ec3 v\u00e0 c\u00e1c \u0111\u1eb7c \u0111i\u1ec3m c\u1ee7a ph\u1ee5 n\u1eef. M\u1eb7c d\u00f9 c\u00f3 ngo\u1ea1i h\u00ecnh gi\u1ed1ng ng\u01b0\u1eddi, nh\u00e2n v\u1eadt th\u01b0\u1eddng k\u1ebft h\u1ee3p c\u00e1c y\u1ebfu t\u1ed1 c\u01a1 h\u1ecdc ho\u1eb7c r\u00f4 b\u1ed1t. \u0110i\u1ec1u n\u00e0y c\u00f3 th\u1ec3 bao g\u1ed3m b\u1ed9 x\u01b0\u01a1ng ngo\u00e0i r\u00f4 b\u1ed1t, \u00e1o gi\u00e1p, c\u1ea3i ti\u1ebfn m\u1ea1ng ho\u1eb7c c\u00e1c t\u00ednh n\u0103ng c\u00f4ng ngh\u1ec7 kh\u00e1c. Nhi\u1ec1u Robot Mech Girls \u0111\u01b0\u1ee3c thi\u1ebft k\u1ebf \u0111\u1ec3 chi\u1ebfn \u0111\u1ea5u ho\u1eb7c th\u1ef1c hi\u1ec7n c\u00e1c nhi\u1ec7m v\u1ee5 chuy\u00ean bi\u1ec7t. H\u1ecd c\u00f3 th\u1ec3 s\u1edf h\u1eefu s\u1ee9c m\u1ea1nh th\u1ec3 ch\u1ea5t, s\u1ef1 nhanh nh\u1eb9n v\u00e0 v\u0169 kh\u00ed \u0111\u01b0\u1ee3c t\u0103ng c\u01b0\u1eddng, khi\u1ebfn h\u1ecd tr\u1edf n\u00ean \u0111\u00e1ng g\u1eddm trong tr\u1eadn chi\u1ebfn.<\/p><\/div>","protected":false},"excerpt":{"rendered":"<p>Th\u01b0\u01a1ng hi\u1ec7u: Nh\u00e0 m\u00e1y M\u1ed8C<br \/>\nGi\u1edbi t\u00ednh: Unisex<br \/>\n\u0110\u1ed9 tu\u1ed5i: &gt; 6 tu\u1ed5i<br \/>\nS\u1ed1 hi\u1ec7u m\u1eabu: 89235<br \/>\nPh\u00e2n lo\u1ea1i: T\u1eadp h\u1ee3p<br \/>\nH\u00ecnh d\u1ea1ng kh\u1ed1i nh\u1ef1a: G\u1ea1ch t\u1ef1 kh\u00f3a<br \/>\nCh\u1ea5t li\u1ec7u: Nh\u1ef1a<br \/>\nLo\u1ea1i nh\u1ef1a: ABS<br \/>\nKh\u1ed1i g\u1ea1ch: 215 +<br \/>\nKh\u00f4ng c\u00f3 h\u1ed9p ban \u0111\u1ea7u<\/p>","protected":false},"featured_media":51633,"comment_status":"open","ping_status":"closed","template":"","meta":{"_acf_changed":false},"product_cat":[1365,1475,371],"product_tag":[11072,8452,11035,11233,590],"class_list":["product","first","instock","shipping-taxable","purchasable","product-type-simple"],"acf":[],"_links":{"self":[{"href":"https:\/\/mouldking.store\/vi\/wp-json\/wp\/v2\/product\/51645","targetHints":{"allow":["GET"]}}],"collection":[{"href":"https:\/\/mouldking.store\/vi\/wp-json\/wp\/v2\/product"}],"about":[{"href":"https:\/\/mouldking.store\/vi\/wp-json\/wp\/v2\/types\/product"}],"replies":[{"embeddable":true,"href":"https:\/\/mouldking.store\/vi\/wp-json\/wp\/v2\/comments?post=51645"}],"wp:featuredmedia":[{"embeddable":true,"href":"https:\/\/mouldking.store\/vi\/wp-json\/wp\/v2\/media\/51633"}],"wp:attachment":[{"href":"https:\/\/mouldking.store\/vi\/wp-json\/wp\/v2\/media?parent=51645"}],"wp:term":[{"taxonomy":"product_cat","embeddable":true,"href":"https:\/\/mouldking.store\/vi\/wp-json\/wp\/v2\/product_cat?post=51645"},{"taxonomy":"product_tag","embeddable":true,"href":"https:\/\/mouldking.store\/vi\/wp-json\/wp\/v2\/product_tag?post=51645"}],"curies":[{"name":"wp","href":"https:\/\/api.w.org\/{rel}","templated":true}]}}