{"id":51833,"date":"2023-10-18T12:38:00","date_gmt":"2023-10-18T05:38:00","guid":{"rendered":"https:\/\/mouldking.store\/shop\/keeppley-20211-pokemon-music-box-with-500-pieces\/"},"modified":"2023-10-18T12:38:00","modified_gmt":"2023-10-18T05:38:00","slug":"keeppley-20211-pokemon-music-box-with-500-pieces","status":"publish","type":"product","link":"https:\/\/mouldking.store\/vi\/shop\/keeppley-20211-pokemon-music-box-with-500-pieces\/","title":{"rendered":"Keeppley 20211 Pokemon Music Box with 500 Pieces"},"content":{"rendered":"<div>\u2705 Keeppley 20211 Pokemon Music Box<br \/>&nbsp;<br \/>\u2705A &#8220;Pokemon Music Box&#8221; is a music box that features melodies, tunes, or themes from the Pok\u00e9mon franchise. Music boxes are mechanical devices that play music when wound up, often using a rotating cylinder or disc with pins that pluck tuned metal teeth or prongs.<br \/>&nbsp;<br \/>\ud83d\udeab QUAN TR\u1eccNG!&nbsp;<br \/>&nbsp;<br \/>Product Name: Pokemon Music Box<br \/>&nbsp;<br \/>Th\u1ec3 lo\u1ea1i: Ng\u01b0\u1eddi s\u00e1ng t\u1ea1o&nbsp;<br \/>&nbsp;<br \/>This Kit Contains: Keeppley 20211<br \/>&nbsp;<br \/>500 vi\u00ean g\u1ea1ch ch\u1ea5t l\u01b0\u1ee3ng t\u1ed1t&nbsp;<br \/>&nbsp;<br \/>Size:&nbsp; 9 \u00d7 9 \u00d7 17 cm<br \/>&nbsp;<br \/>H\u01b0\u1edbng d\u1eabn th\u1ee7 c\u00f4ng&nbsp;<br \/>&nbsp;<br \/>\ud83d\udcccB\u1ea3n ch\u1ea5t c\u1ee7a nh\u00e2n v\u1eadt ch\u00ednh&nbsp;<br \/>&nbsp;<br \/>Introducing our proud collection named \u201cPokemon Music Box\u201d you should not miss.&nbsp;<br \/>&nbsp;<br \/>The specific tunes or themes played in a Pok\u00e9mon music box may vary, but some common choices might include the main Pok\u00e9mon theme song, various music from the Pok\u00e9mon video games or animated series, or iconic tunes associated with specific Pok\u00e9mon characters.<\/div>","protected":false},"excerpt":{"rendered":"<p>Th\u01b0\u01a1ng hi\u1ec7u: Keeppley<br \/>\nGi\u1edbi t\u00ednh: Unisex<br \/>\n\u0110\u1ed9 tu\u1ed5i: &gt; 6 tu\u1ed5i<br \/>\nModel Number: 20211<br \/>\nPh\u00e2n lo\u1ea1i: T\u1eadp h\u1ee3p<br \/>\nH\u00ecnh d\u1ea1ng kh\u1ed1i nh\u1ef1a: G\u1ea1ch t\u1ef1 kh\u00f3a<br \/>\nCh\u1ea5t li\u1ec7u: Nh\u1ef1a<br \/>\nLo\u1ea1i nh\u1ef1a: ABS<br \/>\nKh\u1ed1i g\u1ea1ch: 500 +<br \/>\nKh\u00f4ng c\u00f3 h\u1ed9p ban \u0111\u1ea7u<\/p>","protected":false},"featured_media":51828,"comment_status":"open","ping_status":"closed","template":"","meta":{"_acf_changed":false},"product_cat":[1365,1769,371,581,1408],"product_tag":[11072,8452,9139,434,1465,1370,11454,12779],"class_list":["product","first","instock","shipping-taxable","purchasable","product-type-simple"],"acf":[],"_links":{"self":[{"href":"https:\/\/mouldking.store\/vi\/wp-json\/wp\/v2\/product\/51833","targetHints":{"allow":["GET"]}}],"collection":[{"href":"https:\/\/mouldking.store\/vi\/wp-json\/wp\/v2\/product"}],"about":[{"href":"https:\/\/mouldking.store\/vi\/wp-json\/wp\/v2\/types\/product"}],"replies":[{"embeddable":true,"href":"https:\/\/mouldking.store\/vi\/wp-json\/wp\/v2\/comments?post=51833"}],"wp:featuredmedia":[{"embeddable":true,"href":"https:\/\/mouldking.store\/vi\/wp-json\/wp\/v2\/media\/51828"}],"wp:attachment":[{"href":"https:\/\/mouldking.store\/vi\/wp-json\/wp\/v2\/media?parent=51833"}],"wp:term":[{"taxonomy":"product_cat","embeddable":true,"href":"https:\/\/mouldking.store\/vi\/wp-json\/wp\/v2\/product_cat?post=51833"},{"taxonomy":"product_tag","embeddable":true,"href":"https:\/\/mouldking.store\/vi\/wp-json\/wp\/v2\/product_tag?post=51833"}],"curies":[{"name":"wp","href":"https:\/\/api.w.org\/{rel}","templated":true}]}}