{"id":51861,"date":"2023-10-18T12:38:52","date_gmt":"2023-10-18T05:38:52","guid":{"rendered":"https:\/\/mouldking.store\/shop\/mould-king-16013-transparent-tower-with-3466-pieces-2\/"},"modified":"2023-10-18T12:38:52","modified_gmt":"2023-10-18T05:38:52","slug":"mould-king-16013-transparent-tower-with-3466-pieces-2","status":"publish","type":"product","link":"https:\/\/mouldking.store\/vi\/shop\/mould-king-16013-transparent-tower-with-3466-pieces-2\/","title":{"rendered":"MOULD KING 16013 Transparent Tower with 3466 Pieces"},"content":{"rendered":"<div>\u2705 Mould King 16013 Transparent Tower<br \/>&nbsp;<br \/>\u2705In architecture, a &#8220;Transparent Tower&#8221; could describe a modern skyscraper with extensive use of glass in its design. These glass-walled buildings offer a transparent or see-through appearance, providing occupants with spectacular views and natural light.<\/p>\n<p>\ud83d\udeab QUAN TR\u1eccNG!&nbsp;<br \/>&nbsp;<br \/>Product Name: Transparent Tower<br \/>&nbsp;<br \/>Danh m\u1ee5c: T\u00f2a nh\u00e0 m\u00f4-\u0111un<br \/>&nbsp;<br \/>This Kit Contains:&nbsp; Mould King 16013<br \/>&nbsp;<br \/>3466 pcs Good Quality Bricks&nbsp;<br \/>&nbsp;<br \/>Size: 32 \u00d7 32 \u00d7 46.8 cm<br \/>&nbsp;<br \/>H\u01b0\u1edbng d\u1eabn th\u1ee7 c\u00f4ng&nbsp;<br \/>&nbsp;<br \/>\ud83d\udcccB\u1ea3n ch\u1ea5t c\u1ee7a nh\u00e2n v\u1eadt ch\u00ednh&nbsp;<br \/>&nbsp;<br \/>Introducing our proud collection named \u201cTransparent Tower\u201d you should not miss.&nbsp;<br \/>&nbsp;<br \/>&#8220;Transparent Tower&#8221; might be used to describe technology with a transparent or invisible quality. For example, transparent displays or see-through screens are being developed in the fields of electronics and augmented reality.&nbsp; In a metaphorical or symbolic sense, a &#8220;Transparent Tower&#8221; could represent an organization, institution, or government that is open, honest, and not hiding anything. It implies transparency in decision-making and operations. The term could also refer to an art installation or sculpture designed to be transparent or see-through.<\/div>","protected":false},"excerpt":{"rendered":"<p>Th\u01b0\u01a1ng hi\u1ec7u: VUA KHU\u00d4N<br \/>\nGi\u1edbi t\u00ednh: Unisex<br \/>\n\u0110\u1ed9 tu\u1ed5i: &gt; 14 tu\u1ed5i<br \/>\nModel Number: 16013<br \/>\nPh\u00e2n lo\u1ea1i: T\u1eadp h\u1ee3p<br \/>\nH\u00ecnh d\u1ea1ng kh\u1ed1i nh\u1ef1a: G\u1ea1ch t\u1ef1 kh\u00f3a<br \/>\nCh\u1ea5t li\u1ec7u: Nh\u1ef1a<br \/>\nLo\u1ea1i nh\u1ef1a: ABS<br \/>\nBricks Blocks: 3466 +<br \/>\nKh\u00f4ng c\u00f3 h\u1ed9p ban \u0111\u1ea7u<\/p>","protected":false},"featured_media":51839,"comment_status":"open","ping_status":"closed","template":"","meta":{"_acf_changed":false},"product_cat":[1395,1502,390],"product_tag":[4883,392,2302,11752],"class_list":["product","first","instock","shipping-taxable","purchasable","product-type-simple"],"acf":[],"_links":{"self":[{"href":"https:\/\/mouldking.store\/vi\/wp-json\/wp\/v2\/product\/51861","targetHints":{"allow":["GET"]}}],"collection":[{"href":"https:\/\/mouldking.store\/vi\/wp-json\/wp\/v2\/product"}],"about":[{"href":"https:\/\/mouldking.store\/vi\/wp-json\/wp\/v2\/types\/product"}],"replies":[{"embeddable":true,"href":"https:\/\/mouldking.store\/vi\/wp-json\/wp\/v2\/comments?post=51861"}],"wp:featuredmedia":[{"embeddable":true,"href":"https:\/\/mouldking.store\/vi\/wp-json\/wp\/v2\/media\/51839"}],"wp:attachment":[{"href":"https:\/\/mouldking.store\/vi\/wp-json\/wp\/v2\/media?parent=51861"}],"wp:term":[{"taxonomy":"product_cat","embeddable":true,"href":"https:\/\/mouldking.store\/vi\/wp-json\/wp\/v2\/product_cat?post=51861"},{"taxonomy":"product_tag","embeddable":true,"href":"https:\/\/mouldking.store\/vi\/wp-json\/wp\/v2\/product_tag?post=51861"}],"curies":[{"name":"wp","href":"https:\/\/api.w.org\/{rel}","templated":true}]}}