{"id":51927,"date":"2023-10-25T14:15:25","date_gmt":"2023-10-25T07:15:25","guid":{"rendered":"https:\/\/mouldking.store\/shop\/panlosbrick-613007-budokan-with-2681-pieces\/"},"modified":"2023-10-25T14:15:25","modified_gmt":"2023-10-25T07:15:25","slug":"panlosbrick-613007-budokan-with-2681-pieces","status":"publish","type":"product","link":"https:\/\/mouldking.store\/vi\/shop\/panlosbrick-613007-budokan-with-2681-pieces\/","title":{"rendered":"PANLOSBRICK 613007 BUDOKAN with 2681 Pieces"},"content":{"rendered":"<div>\u2705 PANLOS 613007 BUDOKAN<br \/>&nbsp;<br \/>\u2705Budokan is a term that is most commonly associated with the Nippon Budokan, a well-known martial arts and cultural venue located in Chiyoda, Tokyo, Japan. The Nippon Budokan serves as a significant center for martial arts competitions and events, as well as cultural performances and concerts. The name &#8220;Budokan&#8221; itself roughly translates to &#8220;Martial Arts Hall.&#8221;<br \/>&nbsp;<br \/>\ud83d\udeab QUAN TR\u1eccNG!&nbsp;<br \/>&nbsp;<br \/>Product Name: BUDOKAN<br \/>&nbsp;<br \/>Danh m\u1ee5c: T\u00f2a nh\u00e0 m\u00f4-\u0111un<br \/>&nbsp;<br \/>This Kit Contains:&nbsp; PANLOS 613007<br \/>&nbsp;<br \/>2681 pcs Good Quality Bricks&nbsp;<br \/>&nbsp;<br \/>Size: 34 \u00d7 37 \u00d7 28 cm<br \/>&nbsp;<br \/>H\u01b0\u1edbng d\u1eabn th\u1ee7 c\u00f4ng&nbsp;<br \/>&nbsp;<br \/>\ud83d\udcccB\u1ea3n ch\u1ea5t c\u1ee7a nh\u00e2n v\u1eadt ch\u00ednh&nbsp;<br \/>&nbsp;<br \/>Introducing our proud collection named \u201cBUDOKAN\u201d you should not miss.&nbsp;<br \/>&nbsp;<br \/>The Nippon Budokan was originally constructed for the 1964 Summer Olympics in Tokyo, where it hosted the judo competitions. It has since become a symbol of Japanese martial arts and culture. The Nippon Budokan is primarily known as a venue for martial arts events, including judo, kendo, karate, aikido, and other traditional Japanese martial arts competitions. In addition to martial arts, the venue is also used for cultural events, such as concerts, traditional Japanese music and dance performances, and other artistic presentations.<\/div>","protected":false},"excerpt":{"rendered":"<p>Th\u01b0\u01a1ng hi\u1ec7u: PANLOSBRICK<br \/>\nGi\u1edbi t\u00ednh: Unisex<br \/>\n\u0110\u1ed9 tu\u1ed5i: &gt; 6 tu\u1ed5i<br \/>\nModel Number: 613007<br \/>\nPh\u00e2n lo\u1ea1i: T\u1eadp h\u1ee3p<br \/>\nH\u00ecnh d\u1ea1ng kh\u1ed1i nh\u1ef1a: G\u1ea1ch t\u1ef1 kh\u00f3a<br \/>\nCh\u1ea5t li\u1ec7u: Nh\u1ef1a<br \/>\nLo\u1ea1i nh\u1ef1a: ABS<br \/>\nBricks Blocks: 2681 +<br \/>\nKh\u00f4ng c\u00f3 h\u1ed9p ban \u0111\u1ea7u<\/p>","protected":false},"featured_media":51919,"comment_status":"open","ping_status":"closed","template":"","meta":{"_acf_changed":false},"product_cat":[1395,1502,390],"product_tag":[12785,4883,392],"class_list":["product","first","instock","shipping-taxable","purchasable","product-type-simple"],"acf":[],"_links":{"self":[{"href":"https:\/\/mouldking.store\/vi\/wp-json\/wp\/v2\/product\/51927","targetHints":{"allow":["GET"]}}],"collection":[{"href":"https:\/\/mouldking.store\/vi\/wp-json\/wp\/v2\/product"}],"about":[{"href":"https:\/\/mouldking.store\/vi\/wp-json\/wp\/v2\/types\/product"}],"replies":[{"embeddable":true,"href":"https:\/\/mouldking.store\/vi\/wp-json\/wp\/v2\/comments?post=51927"}],"wp:featuredmedia":[{"embeddable":true,"href":"https:\/\/mouldking.store\/vi\/wp-json\/wp\/v2\/media\/51919"}],"wp:attachment":[{"href":"https:\/\/mouldking.store\/vi\/wp-json\/wp\/v2\/media?parent=51927"}],"wp:term":[{"taxonomy":"product_cat","embeddable":true,"href":"https:\/\/mouldking.store\/vi\/wp-json\/wp\/v2\/product_cat?post=51927"},{"taxonomy":"product_tag","embeddable":true,"href":"https:\/\/mouldking.store\/vi\/wp-json\/wp\/v2\/product_tag?post=51927"}],"curies":[{"name":"wp","href":"https:\/\/api.w.org\/{rel}","templated":true}]}}