{"id":52141,"date":"2023-10-25T18:52:24","date_gmt":"2023-10-25T11:52:24","guid":{"rendered":"https:\/\/mouldking.store\/shop\/reobrix-33020-f-22-fighter-with-1837-pieces-2\/"},"modified":"2024-04-02T10:29:52","modified_gmt":"2024-04-02T03:29:52","slug":"reobrix-33020-f-22-fighter-with-1837-pieces-2","status":"publish","type":"product","link":"https:\/\/mouldking.store\/vi\/shop\/reobrix-33020-f-22-fighter-with-1837-pieces-2\/","title":{"rendered":"B\u1ed9 m\u00f4 h\u00ecnh REOBRIX 33020 m\u00e1y bay chi\u1ebfn \u0111\u1ea5u F-22 g\u1ed3m 1837 chi ti\u1ebft."},"content":{"rendered":"<div>\u2705 ReoBrix 33020 F-22 Fighter<br \/>&nbsp;<br \/>\u2705The F-22 Raptor is a fifth-generation, twin-engine, all-weather stealth tactical fighter aircraft designed for air superiority and ground attack missions. It is known for its exceptional speed, agility, and advanced avionics and is considered one of the most advanced fighter jets in the world.&nbsp;<br \/>&nbsp;<br \/>\ud83d\udeab QUAN TR\u1eccNG!&nbsp;<br \/>&nbsp;<br \/>Product Name:&nbsp; F-22 Fighter<br \/>&nbsp;<br \/>Th\u1ec3 lo\u1ea1i: Qu\u00e2n s\u1ef1<br \/>&nbsp;<br \/>This Kit Contains: ReoBrix 33020&nbsp;<br \/>&nbsp;<br \/>1837 pcs Good Quality Bricks&nbsp;<br \/>&nbsp;<br \/>Size:&nbsp; 40 \u00d7 52 \u00d7 16 cm<br \/>&nbsp;<br \/>H\u01b0\u1edbng d\u1eabn th\u1ee7 c\u00f4ng&nbsp;<br \/>&nbsp;<br \/>\ud83d\udcccB\u1ea3n ch\u1ea5t c\u1ee7a nh\u00e2n v\u1eadt ch\u00ednh&nbsp;<br \/>&nbsp;<br \/>Introducing our proud collection named \u201c F-22 Fighter\u201d you should not miss.&nbsp;<br \/>&nbsp;<br \/>The F-22 is designed with advanced stealth features, including a combination of shape, radar-absorbing materials, and internal weapons bays. These features make it difficult for radar systems to detect and track the aircraft, giving it a significant advantage in aerial combat. The F-22 is capable of flying at supersonic speeds without using afterburners (known as supercruise) and can reach altitudes well above 65,000 feet. This allows it to maintain high-speed operations and advantageous positions in air-to-air combat. The F-22&#8217;s aerodynamic design and thrust-vectoring nozzles give it remarkable maneuverability, allowing it to perform complex air-to-air and air-to-ground maneuvers. It can perform high angles of attack and engage in dogfights if necessary.<\/div>","protected":false},"excerpt":{"rendered":"<p>Th\u01b0\u01a1ng hi\u1ec7u: REOBRIX<br \/>\nGi\u1edbi t\u00ednh: Unisex<br \/>\n\u0110\u1ed9 tu\u1ed5i: &gt; 6 tu\u1ed5i<br \/>\nS\u1ed1 m\u00f4 h\u00ecnh: 33020<br \/>\nPh\u00e2n lo\u1ea1i: T\u1eadp h\u1ee3p<br \/>\nH\u00ecnh d\u1ea1ng kh\u1ed1i nh\u1ef1a: G\u1ea1ch t\u1ef1 kh\u00f3a<br \/>\nCh\u1ea5t li\u1ec7u: Nh\u1ef1a<br \/>\nLo\u1ea1i nh\u1ef1a: ABS<br \/>\nBricks Blocks: 1837 +<br \/>\nKh\u00f4ng c\u00f3 h\u1ed9p ban \u0111\u1ea7u<\/p>","protected":false},"featured_media":52115,"comment_status":"open","ping_status":"closed","template":"","meta":{"_acf_changed":false},"product_cat":[1350,1357,372,364],"product_tag":[12388,7374,374,7653,389],"class_list":["product","first","instock","shipping-taxable","purchasable","product-type-simple"],"acf":[],"_links":{"self":[{"href":"https:\/\/mouldking.store\/vi\/wp-json\/wp\/v2\/product\/52141","targetHints":{"allow":["GET"]}}],"collection":[{"href":"https:\/\/mouldking.store\/vi\/wp-json\/wp\/v2\/product"}],"about":[{"href":"https:\/\/mouldking.store\/vi\/wp-json\/wp\/v2\/types\/product"}],"replies":[{"embeddable":true,"href":"https:\/\/mouldking.store\/vi\/wp-json\/wp\/v2\/comments?post=52141"}],"wp:featuredmedia":[{"embeddable":true,"href":"https:\/\/mouldking.store\/vi\/wp-json\/wp\/v2\/media\/52115"}],"wp:attachment":[{"href":"https:\/\/mouldking.store\/vi\/wp-json\/wp\/v2\/media?parent=52141"}],"wp:term":[{"taxonomy":"product_cat","embeddable":true,"href":"https:\/\/mouldking.store\/vi\/wp-json\/wp\/v2\/product_cat?post=52141"},{"taxonomy":"product_tag","embeddable":true,"href":"https:\/\/mouldking.store\/vi\/wp-json\/wp\/v2\/product_tag?post=52141"}],"curies":[{"name":"wp","href":"https:\/\/api.w.org\/{rel}","templated":true}]}}