{"id":52475,"date":"2023-11-06T18:37:01","date_gmt":"2023-11-06T11:37:01","guid":{"rendered":"https:\/\/mouldking.store\/shop\/moc-factory-154776-black-hawk-castle-with-6565-pieces\/"},"modified":"2025-12-16T20:59:20","modified_gmt":"2025-12-16T13:59:20","slug":"moc-factory-154776-black-hawk-castle-with-6565-pieces","status":"publish","type":"product","link":"https:\/\/mouldking.store\/vi\/shop\/moc-factory-154776-black-hawk-castle-with-6565-pieces\/","title":{"rendered":"MOC Factory 154776 Black Hawk Castle with 6565 Pieces"},"content":{"rendered":"<div>\u2705MOC-154776 Black Hawk Castle<\/p>\n<p>\u2705Medieval castles are fortifications built during the Middle Ages, typically between the 9th and 15th centuries. They served a variety of purposes, including providing protection, housing nobility, and serving as centers of administration.&nbsp;<\/p>\n<p>\ud83d\udeab QUAN TR\u1eccNG!<\/p>\n<p>Product Name: Black Hawk Castle<\/p>\n<p>Danh m\u1ee5c: T\u00f2a nh\u00e0 m\u00f4-\u0111un<\/p>\n<p>This Kit Contains: C9701<\/p>\n<p>6565&nbsp; pcs Good Quality Bricks<\/p>\n<p>Size: 45 x 45 x 56 cm<\/p>\n<p>Weight: 5.37 kg<\/p>\n<p>H\u01b0\u1edbng d\u1eabn PDF<\/p>\n<p>\ud83d\udcccB\u1ea3n ch\u1ea5t c\u1ee7a nh\u00e2n v\u1eadt ch\u00ednh<\/p>\n<p>Introducing our proud collection named \u201cBlack Hawk Castle\u201d you should not miss.<\/p>\n<p>Medieval castles were an integral part of the feudal system and played a significant role in the defense of territories. They vary widely in design and features, depending on the time period and region. Many of these structures still exist today and are popular tourist attractions, providing a glimpse into the past and medieval architecture.<\/p><\/div>","protected":false},"excerpt":{"rendered":"<p>Th\u01b0\u01a1ng hi\u1ec7u: Nh\u00e0 m\u00e1y M\u1ed8C<br \/>\nGi\u1edbi t\u00ednh: Unisex<br \/>\n\u0110\u1ed9 tu\u1ed5i: &gt; 6 tu\u1ed5i<br \/>\nModel Number: 154776<br \/>\nPh\u00e2n lo\u1ea1i: T\u1eadp h\u1ee3p<br \/>\nH\u00ecnh d\u1ea1ng kh\u1ed1i nh\u1ef1a: G\u1ea1ch t\u1ef1 kh\u00f3a<br \/>\nCh\u1ea5t li\u1ec7u: Nh\u1ef1a<br \/>\nLo\u1ea1i nh\u1ef1a: ABS<br \/>\nBricks Blocks: 6565 +<br \/>\nKh\u00f4ng c\u00f3 h\u1ed9p ban \u0111\u1ea7u<\/p>","protected":false},"featured_media":52467,"comment_status":"open","ping_status":"closed","template":"","meta":{"_acf_changed":false},"product_cat":[1365,1395,371,390],"product_tag":[8711,11231,787,11072,8452,8712,11099,392],"class_list":["product","first","instock","shipping-taxable","purchasable","product-type-simple"],"acf":[],"_links":{"self":[{"href":"https:\/\/mouldking.store\/vi\/wp-json\/wp\/v2\/product\/52475","targetHints":{"allow":["GET"]}}],"collection":[{"href":"https:\/\/mouldking.store\/vi\/wp-json\/wp\/v2\/product"}],"about":[{"href":"https:\/\/mouldking.store\/vi\/wp-json\/wp\/v2\/types\/product"}],"replies":[{"embeddable":true,"href":"https:\/\/mouldking.store\/vi\/wp-json\/wp\/v2\/comments?post=52475"}],"wp:featuredmedia":[{"embeddable":true,"href":"https:\/\/mouldking.store\/vi\/wp-json\/wp\/v2\/media\/52467"}],"wp:attachment":[{"href":"https:\/\/mouldking.store\/vi\/wp-json\/wp\/v2\/media?parent=52475"}],"wp:term":[{"taxonomy":"product_cat","embeddable":true,"href":"https:\/\/mouldking.store\/vi\/wp-json\/wp\/v2\/product_cat?post=52475"},{"taxonomy":"product_tag","embeddable":true,"href":"https:\/\/mouldking.store\/vi\/wp-json\/wp\/v2\/product_tag?post=52475"}],"curies":[{"name":"wp","href":"https:\/\/api.w.org\/{rel}","templated":true}]}}