{"id":52795,"date":"2023-11-09T12:23:07","date_gmt":"2023-11-09T05:23:07","guid":{"rendered":"https:\/\/mouldking.store\/shop\/cada-c66014-japanese-style-canteen-izakaya-with-861-pieces-2\/"},"modified":"2023-11-09T12:23:07","modified_gmt":"2023-11-09T05:23:07","slug":"cada-c66014-japanese-style-canteen-izakaya-with-861-pieces-2","status":"publish","type":"product","link":"https:\/\/mouldking.store\/vi\/shop\/cada-c66014-japanese-style-canteen-izakaya-with-861-pieces-2\/","title":{"rendered":"CaDa C66014 Japanese Style Canteen Izakaya with 861 Pieces"},"content":{"rendered":"<div>\u2705CaDA C66014 Japanese Style Canteen Izakaya<br \/>&nbsp;<br \/>\u2705A Japanese-style canteen or izakaya is a type of casual, traditional Japanese dining establishment. Izakayas are popular in Japan and are known for serving a variety of small dishes and drinks, often in a relaxed and social atmosphere.&nbsp;<br \/>&nbsp;<br \/>\ud83d\udeab QUAN TR\u1eccNG!&nbsp;<br \/>&nbsp;<br \/>Product Name: Japanese Style Canteen Izakaya<br \/>&nbsp;<br \/>Danh m\u1ee5c: T\u00f2a nh\u00e0 m\u00f4-\u0111un<br \/>&nbsp;<br \/>This Kit Contains: CaDA C66014<br \/>&nbsp;<br \/>861 pcs Good Quality Bricks&nbsp;<br \/>&nbsp;<br \/>Size: 13.6 x 17.6 x 18.5 cm&nbsp;<br \/>&nbsp;<br \/>H\u01b0\u1edbng d\u1eabn th\u1ee7 c\u00f4ng&nbsp;<br \/>&nbsp;<br \/>\ud83d\udcccB\u1ea3n ch\u1ea5t c\u1ee7a nh\u00e2n v\u1eadt ch\u00ednh&nbsp;<br \/>&nbsp;<br \/>Introducing our proud collection named \u201cJapanese Style Canteen Izakaya\u201d you should not miss.&nbsp;<br \/>&nbsp;<br \/>&nbsp;Izakayas offer a wide variety of small, flavorful dishes known as &#8220;tapas&#8221; or &#8220;small plates.&#8221; These can include grilled skewers (yakitori), tempura, sashimi, sushi, edamame, gyoza (dumplings), and more. The menu is diverse, allowing customers to try many different items. Izakayas are as much about the drinks as they are about the food. They serve a range of alcoholic beverages, including sake, beer, shochu, and a variety of cocktails. Sake, in particular, is a popular choice, and many izakayas offer a selection of different sake brands and types. Izakayas have a casual and relaxed ambiance. They are often cozy and dimly lit, providing a comfortable and informal setting for friends and colleagues to socialize. Many izakayas have traditional Japanese decor, including wooden furniture and paper lanterns.<\/div>","protected":false},"excerpt":{"rendered":"<p>Th\u01b0\u01a1ng hi\u1ec7u: CaDa<br \/>\nGi\u1edbi t\u00ednh: Unisex<br \/>\n\u0110\u1ed9 tu\u1ed5i: &gt; 8 tu\u1ed5i<br \/>\nModel Number: C66014<br \/>\nPh\u00e2n lo\u1ea1i: T\u1eadp h\u1ee3p<br \/>\nH\u00ecnh d\u1ea1ng kh\u1ed1i nh\u1ef1a: G\u1ea1ch t\u1ef1 kh\u00f3a<br \/>\nCh\u1ea5t li\u1ec7u: Nh\u1ef1a<br \/>\nLo\u1ea1i nh\u1ef1a: ABS<br \/>\nBricks Blocks: 861 +<br \/>\nKh\u00f4ng c\u00f3 h\u1ed9p ban \u0111\u1ea7u<\/p>","protected":false},"featured_media":52772,"comment_status":"open","ping_status":"closed","template":"","meta":{"_acf_changed":false},"product_cat":[1365,1395,371,390],"product_tag":[12862,11072,8452,7735,5434,392],"class_list":["product","first","instock","shipping-taxable","purchasable","product-type-simple"],"acf":[],"_links":{"self":[{"href":"https:\/\/mouldking.store\/vi\/wp-json\/wp\/v2\/product\/52795","targetHints":{"allow":["GET"]}}],"collection":[{"href":"https:\/\/mouldking.store\/vi\/wp-json\/wp\/v2\/product"}],"about":[{"href":"https:\/\/mouldking.store\/vi\/wp-json\/wp\/v2\/types\/product"}],"replies":[{"embeddable":true,"href":"https:\/\/mouldking.store\/vi\/wp-json\/wp\/v2\/comments?post=52795"}],"wp:featuredmedia":[{"embeddable":true,"href":"https:\/\/mouldking.store\/vi\/wp-json\/wp\/v2\/media\/52772"}],"wp:attachment":[{"href":"https:\/\/mouldking.store\/vi\/wp-json\/wp\/v2\/media?parent=52795"}],"wp:term":[{"taxonomy":"product_cat","embeddable":true,"href":"https:\/\/mouldking.store\/vi\/wp-json\/wp\/v2\/product_cat?post=52795"},{"taxonomy":"product_tag","embeddable":true,"href":"https:\/\/mouldking.store\/vi\/wp-json\/wp\/v2\/product_tag?post=52795"}],"curies":[{"name":"wp","href":"https:\/\/api.w.org\/{rel}","templated":true}]}}