{"id":53028,"date":"2023-11-21T18:39:31","date_gmt":"2023-11-21T11:39:31","guid":{"rendered":"https:\/\/mouldking.store\/shop\/pantasy-85013-european-bakery-with-2663-pieces\/"},"modified":"2023-11-21T18:39:31","modified_gmt":"2023-11-21T11:39:31","slug":"pantasy-85013-european-bakery-with-2663-pieces","status":"publish","type":"product","link":"https:\/\/mouldking.store\/vi\/shop\/pantasy-85013-european-bakery-with-2663-pieces\/","title":{"rendered":"Pantasy 85013 European Bakery with 2663 Pieces"},"content":{"rendered":"<div>\u2705 Pantasy 85013 European Bakery<\/p>\n<p>\u2705European bakeries are renowned for their rich traditions, diverse offerings, and high-quality baked goods. Each European country has its unique baking heritage, and many bakeries continue to follow traditional recipes and techniques passed down through generations.&nbsp;<\/p>\n<p>\ud83d\udeab QUAN TR\u1eccNG!&nbsp;<br \/>&nbsp;<br \/>Product Name: European Bakery<br \/>&nbsp;<br \/>Danh m\u1ee5c: T\u00f2a nh\u00e0 m\u00f4-\u0111un<br \/>&nbsp;<br \/>This Kit Contains: Pantasy 85013&nbsp;<br \/>&nbsp;<br \/>2663 pcs Good Quality Bricks&nbsp;<br \/>&nbsp;<br \/>Size:&nbsp; 25.6 \u00d7 25.6 \u00d7 39 cm<br \/>&nbsp;<br \/>H\u01b0\u1edbng d\u1eabn th\u1ee7 c\u00f4ng&nbsp;<br \/>&nbsp;<br \/>\ud83d\udcccB\u1ea3n ch\u1ea5t c\u1ee7a nh\u00e2n v\u1eadt ch\u00ednh&nbsp;<br \/>&nbsp;<br \/>Introducing our proud collection named \u201cEuropean Bakery\u201d you should not miss.&nbsp;<br \/>&nbsp;<br \/>Bread is a staple in European cuisine, and each country boasts a wide variety of bread types. Examples include baguettes in France, ciabatta in Italy, rye bread in Germany, and crusty sourdough in many regions. European bakeries are known for their delectable pastries and cakes. Popular items include croissants, pain au chocolat, \u00e9clairs, Danish pastries, strudels, tarts, and a variety of sponge cakes. Viennoiserie refers to a category of baked goods that originated in Vienna, Austria. It includes pastries made with a layered yeast-leavened dough, such as croissants, pain au raisin, and brioche.<\/div>","protected":false},"excerpt":{"rendered":"<p>Th\u01b0\u01a1ng hi\u1ec7u: pantasy<br \/>\nGi\u1edbi t\u00ednh: Unisex<br \/>\n\u0110\u1ed9 tu\u1ed5i: &gt; 6 tu\u1ed5i<br \/>\nModel Number: 85013<br \/>\nPh\u00e2n lo\u1ea1i: T\u1eadp h\u1ee3p<br \/>\nH\u00ecnh d\u1ea1ng kh\u1ed1i nh\u1ef1a: G\u1ea1ch t\u1ef1 kh\u00f3a<br \/>\nCh\u1ea5t li\u1ec7u: Nh\u1ef1a<br \/>\nLo\u1ea1i nh\u1ef1a: ABS<br \/>\nBricks Blocks: 2663 +<br \/>\nKh\u00f4ng c\u00f3 h\u1ed9p ban \u0111\u1ea7u<\/p>","protected":false},"featured_media":53021,"comment_status":"open","ping_status":"closed","template":"","meta":{"_acf_changed":false},"product_cat":[1365,1395,1502,390],"product_tag":[8594,4883,8452,1085,392],"class_list":["product","first","instock","shipping-taxable","purchasable","product-type-simple"],"acf":[],"_links":{"self":[{"href":"https:\/\/mouldking.store\/vi\/wp-json\/wp\/v2\/product\/53028","targetHints":{"allow":["GET"]}}],"collection":[{"href":"https:\/\/mouldking.store\/vi\/wp-json\/wp\/v2\/product"}],"about":[{"href":"https:\/\/mouldking.store\/vi\/wp-json\/wp\/v2\/types\/product"}],"replies":[{"embeddable":true,"href":"https:\/\/mouldking.store\/vi\/wp-json\/wp\/v2\/comments?post=53028"}],"wp:featuredmedia":[{"embeddable":true,"href":"https:\/\/mouldking.store\/vi\/wp-json\/wp\/v2\/media\/53021"}],"wp:attachment":[{"href":"https:\/\/mouldking.store\/vi\/wp-json\/wp\/v2\/media?parent=53028"}],"wp:term":[{"taxonomy":"product_cat","embeddable":true,"href":"https:\/\/mouldking.store\/vi\/wp-json\/wp\/v2\/product_cat?post=53028"},{"taxonomy":"product_tag","embeddable":true,"href":"https:\/\/mouldking.store\/vi\/wp-json\/wp\/v2\/product_tag?post=53028"}],"curies":[{"name":"wp","href":"https:\/\/api.w.org\/{rel}","templated":true}]}}