{"id":53540,"date":"2023-12-01T14:17:35","date_gmt":"2023-12-01T07:17:35","guid":{"rendered":"https:\/\/mouldking.store\/shop\/kalos-blocks-61018-red-houses-with-1425-pieces\/"},"modified":"2023-12-01T14:17:35","modified_gmt":"2023-12-01T07:17:35","slug":"kalos-blocks-61018-red-houses-with-1425-pieces","status":"publish","type":"product","link":"https:\/\/mouldking.store\/vi\/shop\/kalos-blocks-61018-red-houses-with-1425-pieces\/","title":{"rendered":"KALOS BLOCKS 61018 Red Houses with 1425 Pieces"},"content":{"rendered":"<div>\u2705KALOS BLOCKS 61018 Red Houses<br \/>&nbsp;<br \/>\u2705Designing a house involves considering various factors such as architectural style, functionality, location, and the needs of its occupants.<br \/>&nbsp;<br \/>\ud83d\udeab QUAN TR\u1eccNG!&nbsp;<br \/>&nbsp;<br \/>Product Name: Red Houses<br \/>&nbsp;<br \/>Danh m\u1ee5c: T\u00f2a nh\u00e0 m\u00f4-\u0111un<br \/>&nbsp;<br \/>This Kit Contains: KALOS BLOCKS 61018<br \/>&nbsp;<br \/>1425 pcs Good Quality Bricks&nbsp;<br \/>&nbsp;<br \/>Size: 35cm&nbsp;<br \/>&nbsp;<br \/>H\u01b0\u1edbng d\u1eabn th\u1ee7 c\u00f4ng&nbsp;<br \/>&nbsp;<br \/>\ud83d\udcccB\u1ea3n ch\u1ea5t c\u1ee7a nh\u00e2n v\u1eadt ch\u00ednh&nbsp;<br \/>&nbsp;<br \/>Introducing our proud collection named \u201cRed Houses\u201d you should not miss.&nbsp;<br \/>&nbsp;<br \/>Integrate ample storage throughout the house, including closets, built-in cabinets, and functional furniture. Plan outdoor areas such as a garden, patio, or deck, taking advantage of the site&#8217;s characteristics and providing spaces for relaxation and entertainment.<\/div>","protected":false},"excerpt":{"rendered":"<p>Brand: KALOS BLOCKS<br \/>\nGi\u1edbi t\u00ednh: Unisex<br \/>\n\u0110\u1ed9 tu\u1ed5i: &gt; 6 tu\u1ed5i<br \/>\nModel Number: 61018<br \/>\nPh\u00e2n lo\u1ea1i: T\u1eadp h\u1ee3p<br \/>\nH\u00ecnh d\u1ea1ng kh\u1ed1i nh\u1ef1a: G\u1ea1ch t\u1ef1 kh\u00f3a<br \/>\nCh\u1ea5t li\u1ec7u: Nh\u1ef1a<br \/>\nLo\u1ea1i nh\u1ef1a: ABS<br \/>\nBricks Blocks: 1425 +<br \/>\nKh\u00f4ng c\u00f3 h\u1ed9p ban \u0111\u1ea7u<\/p>","protected":false},"featured_media":53536,"comment_status":"open","ping_status":"closed","template":"","meta":{"_acf_changed":false},"product_cat":[1365,1395,371,390],"product_tag":[11072,8452,2318,392],"class_list":["product","first","instock","shipping-taxable","purchasable","product-type-simple"],"acf":[],"_links":{"self":[{"href":"https:\/\/mouldking.store\/vi\/wp-json\/wp\/v2\/product\/53540","targetHints":{"allow":["GET"]}}],"collection":[{"href":"https:\/\/mouldking.store\/vi\/wp-json\/wp\/v2\/product"}],"about":[{"href":"https:\/\/mouldking.store\/vi\/wp-json\/wp\/v2\/types\/product"}],"replies":[{"embeddable":true,"href":"https:\/\/mouldking.store\/vi\/wp-json\/wp\/v2\/comments?post=53540"}],"wp:featuredmedia":[{"embeddable":true,"href":"https:\/\/mouldking.store\/vi\/wp-json\/wp\/v2\/media\/53536"}],"wp:attachment":[{"href":"https:\/\/mouldking.store\/vi\/wp-json\/wp\/v2\/media?parent=53540"}],"wp:term":[{"taxonomy":"product_cat","embeddable":true,"href":"https:\/\/mouldking.store\/vi\/wp-json\/wp\/v2\/product_cat?post=53540"},{"taxonomy":"product_tag","embeddable":true,"href":"https:\/\/mouldking.store\/vi\/wp-json\/wp\/v2\/product_tag?post=53540"}],"curies":[{"name":"wp","href":"https:\/\/api.w.org\/{rel}","templated":true}]}}