{"id":54409,"date":"2024-01-17T12:47:05","date_gmt":"2024-01-17T05:47:05","guid":{"rendered":"https:\/\/mouldking.store\/shop\/mould-king-16056-flower-shop-with-2291-pieces\/"},"modified":"2024-01-17T12:47:05","modified_gmt":"2024-01-17T05:47:05","slug":"mould-king-16056-flower-shop-with-2291-pieces","status":"publish","type":"product","link":"https:\/\/mouldking.store\/vi\/shop\/mould-king-16056-flower-shop-with-2291-pieces\/","title":{"rendered":"MOULD KING 16056 Flower Shop with 2291 Pieces"},"content":{"rendered":"<div>\u2705 Mould King 16056 Flower Shop<br \/>&nbsp;<br \/>\u2705 A flower shop, also known as a florist or floral shop, is a retail establishment that sells cut flowers, floral arrangements, and various plants. These shops often provide services such as flower delivery, event decoration, and custom floral designs.&nbsp;<br \/>&nbsp;<br \/>\ud83d\udeab QUAN TR\u1eccNG!&nbsp;<br \/>&nbsp;<br \/>Product Name: Flower Shop<br \/>&nbsp;<br \/>Danh m\u1ee5c: T\u00f2a nh\u00e0 m\u00f4-\u0111un<br \/>&nbsp;<br \/>This Kit Contains:&nbsp; Mould King 16056<br \/>&nbsp;<br \/>2291 pcs Good Quality Bricks&nbsp;<br \/>&nbsp;<br \/>Size: 26.2 \u00d7 25.5 \u00d7 29.4 cm<br \/>&nbsp;<br \/>H\u01b0\u1edbng d\u1eabn th\u1ee7 c\u00f4ng&nbsp;<br \/>&nbsp;<br \/>\ud83d\udcccB\u1ea3n ch\u1ea5t c\u1ee7a nh\u00e2n v\u1eadt ch\u00ednh&nbsp;<br \/>&nbsp;<br \/>Introducing our proud collection named \u201cFlower Shop\u201d you should not miss.&nbsp;<br \/>&nbsp;<br \/>Flower shops offer a variety of pre-made floral arrangements for various occasions, including birthdays, weddings, anniversaries, funerals, and more. These arrangements can range from simple bouquets to elaborate centerpieces. In addition to cut flowers, flower shops may sell potted plants, such as orchids, succulents, and indoor flowering plants. These plants can be purchased for personal use or as gifts.<\/div>","protected":false},"excerpt":{"rendered":"<p>Th\u01b0\u01a1ng hi\u1ec7u: VUA KHU\u00d4N<br \/>\nGi\u1edbi t\u00ednh: Unisex<br \/>\n\u0110\u1ed9 tu\u1ed5i: &gt; 14 tu\u1ed5i<br \/>\nModel Number: 16056<br \/>\nPh\u00e2n lo\u1ea1i: T\u1eadp h\u1ee3p<br \/>\nH\u00ecnh d\u1ea1ng kh\u1ed1i nh\u1ef1a: G\u1ea1ch t\u1ef1 kh\u00f3a<br \/>\nCh\u1ea5t li\u1ec7u: Nh\u1ef1a<br \/>\nLo\u1ea1i nh\u1ef1a: ABS<br \/>\nBricks Blocks: 2291 +<br \/>\nKh\u00f4ng c\u00f3 h\u1ed9p ban \u0111\u1ea7u<\/p>","protected":false},"featured_media":54406,"comment_status":"open","ping_status":"closed","template":"","meta":{"_acf_changed":false},"product_cat":[1395,1502,390],"product_tag":[4883,11106,392,1711],"class_list":["product","first","instock","shipping-taxable","purchasable","product-type-simple"],"acf":[],"_links":{"self":[{"href":"https:\/\/mouldking.store\/vi\/wp-json\/wp\/v2\/product\/54409","targetHints":{"allow":["GET"]}}],"collection":[{"href":"https:\/\/mouldking.store\/vi\/wp-json\/wp\/v2\/product"}],"about":[{"href":"https:\/\/mouldking.store\/vi\/wp-json\/wp\/v2\/types\/product"}],"replies":[{"embeddable":true,"href":"https:\/\/mouldking.store\/vi\/wp-json\/wp\/v2\/comments?post=54409"}],"wp:featuredmedia":[{"embeddable":true,"href":"https:\/\/mouldking.store\/vi\/wp-json\/wp\/v2\/media\/54406"}],"wp:attachment":[{"href":"https:\/\/mouldking.store\/vi\/wp-json\/wp\/v2\/media?parent=54409"}],"wp:term":[{"taxonomy":"product_cat","embeddable":true,"href":"https:\/\/mouldking.store\/vi\/wp-json\/wp\/v2\/product_cat?post=54409"},{"taxonomy":"product_tag","embeddable":true,"href":"https:\/\/mouldking.store\/vi\/wp-json\/wp\/v2\/product_tag?post=54409"}],"curies":[{"name":"wp","href":"https:\/\/api.w.org\/{rel}","templated":true}]}}