{"id":54422,"date":"2024-01-17T12:48:01","date_gmt":"2024-01-17T05:48:01","guid":{"rendered":"https:\/\/mouldking.store\/shop\/mould-king-21073-imperial-class-star-destroyer-with-1845-pieces\/"},"modified":"2025-06-19T17:46:31","modified_gmt":"2025-06-19T10:46:31","slug":"mould-king-21073-imperial-class-star-destroyer-with-1845-pieces","status":"publish","type":"product","link":"https:\/\/mouldking.store\/vi\/shop\/mould-king-21073-imperial-class-star-destroyer-with-1845-pieces\/","title":{"rendered":"MOULD KING 21073 T\u00e0u khu tr\u1ee5c h\u1ea1ng Imperial Class Star Destroyer v\u1edbi 1845 m\u1ea3nh gh\u00e9p"},"content":{"rendered":"<div>\u2705Mould King 21073 T\u00e0u khu tr\u1ee5c h\u1ea1ng Imperial Class Star Destroyer<br \/>&nbsp;<br \/>\u2705<br \/>Star Destroyer l\u1edbp Imperial l\u00e0 m\u1ed9t t\u00e0u th\u1ee7 \u0111\u00f4 mang t\u00ednh bi\u1ec3u t\u01b0\u1ee3ng trong v\u0169 tr\u1ee5 Star Wars, \u0111\u01b0\u1ee3c bi\u1ebft \u0111\u1ebfn v\u1edbi k\u00edch th\u01b0\u1edbc \u0111\u1ed3 s\u1ed9 v\u00e0 vai tr\u00f2 trong H\u1ea3i qu\u00e2n \u0110\u1ebf ch\u1ebf. Nh\u1eefng t\u00e0u chi\u1ebfn kh\u1ed5ng l\u1ed3 n\u00e0y v\u1eeba \u0111\u00f3ng vai tr\u00f2 l\u00e0 t\u00e0u chi\u1ebfn v\u1eeba l\u00e0 t\u00e0u ch\u1ec9 huy cho \u0110\u1ebf ch\u1ebf Thi\u00ean h\u00e0.&nbsp;<br \/>&nbsp;<br \/>\ud83d\udeab QUAN TR\u1eccNG!&nbsp;<br \/>&nbsp;<br \/>T\u00ean s\u1ea3n ph\u1ea9m: T\u00e0u khu tr\u1ee5c sao l\u1edbp Imperial<br \/>&nbsp;<br \/>Th\u1ec3 lo\u1ea1i: Chi\u1ebfn tranh gi\u1eefa c\u00e1c v\u00ec sao<br \/>&nbsp;<br \/>B\u1ed9 s\u1ea3n ph\u1ea9m n\u00e0y bao g\u1ed3m: Mould King 21073<br \/>&nbsp;<br \/>1845 vi\u00ean g\u1ea1ch ch\u1ea5t l\u01b0\u1ee3ng t\u1ed1t&nbsp;<\/p>\n<p>K\u00edch th\u01b0\u1edbc: 42 \u00d7 27 \u00d7 19,5 cm<br \/>&nbsp;<br \/>H\u01b0\u1edbng d\u1eabn th\u1ee7 c\u00f4ng&nbsp;<br \/>&nbsp;<br \/>\ud83d\udcccB\u1ea3n ch\u1ea5t c\u1ee7a nh\u00e2n v\u1eadt ch\u00ednh&nbsp;<br \/>&nbsp;<br \/>Xin gi\u1edbi thi\u1ec7u b\u1ed9 s\u01b0u t\u1eadp \u0111\u00e1ng t\u1ef1 h\u00e0o c\u1ee7a ch\u00fang t\u00f4i mang t\u00ean \u201c Imperial Class Star Destroyer\u201d m\u00e0 b\u1ea1n kh\u00f4ng n\u00ean b\u1ecf l\u1ee1.&nbsp;<br \/>&nbsp;<br \/>Star Destroyer l\u1edbp Imperial c\u00f3 thi\u1ebft k\u1ebf h\u00ecnh dao g\u0103m \u0111\u1eb7c tr\u01b0ng v\u1edbi th\u00e1p ch\u1ec9 huy n\u1ed5i b\u1eadt. Th\u00e2n t\u00e0u \u0111\u01b0\u1ee3c trang tr\u00ed b\u1eb1ng l\u1edbp gi\u00e1p n\u1eb7ng v\u00e0 c\u00f3 nhi\u1ec1u h\u1ec7 th\u1ed1ng v\u0169 kh\u00ed kh\u00e1c nhau. Chi\u1ec1u d\u00e0i \u0111i\u1ec3n h\u00ecnh c\u1ee7a Star Destroyer l\u1edbp Imperial l\u00e0 kho\u1ea3ng 1.600 m\u00e9t (kho\u1ea3ng 1 d\u1eb7m). K\u00edch th\u01b0\u1edbc kh\u1ed5ng l\u1ed3 n\u00e0y g\u00f3p ph\u1ea7n v\u00e0o s\u1ef1 th\u1ed1ng tr\u1ecb c\u1ee7a n\u00f3 tr\u00ean chi\u1ebfn tr\u01b0\u1eddng. Star Destroyer l\u1edbp Imperial \u0111\u00f3ng vai tr\u00f2 l\u00e0 x\u01b0\u01a1ng s\u1ed1ng c\u1ee7a H\u1ea3i qu\u00e2n \u0110\u1ebf ch\u1ebf, th\u1ec3 hi\u1ec7n s\u1ee9c m\u1ea1nh qu\u00e2n s\u1ef1 c\u1ee7a \u0110\u1ebf ch\u1ebf tr\u00ean kh\u1eafp thi\u00ean h\u00e0. Ch\u00fang \u0111\u01b0\u1ee3c s\u1eed d\u1ee5ng \u0111\u1ec3 gi\u00e0nh \u01b0u th\u1ebf trong kh\u00f4ng gian, n\u00e9m bom h\u00e0nh tinh v\u00e0 l\u00e0m t\u00e0u ch\u1ec9 huy cho c\u00e1c ho\u1ea1t \u0111\u1ed9ng c\u1ee7a h\u1ea1m \u0111\u1ed9i.<\/div>","protected":false},"excerpt":{"rendered":"<p>Th\u01b0\u01a1ng hi\u1ec7u: VUA KHU\u00d4N<br \/>\nGi\u1edbi t\u00ednh: Unisex<br \/>\n\u0110\u1ed9 tu\u1ed5i: &gt; 8 tu\u1ed5i<br \/>\nS\u1ed1 hi\u1ec7u m\u1eabu: 21073<br \/>\nPh\u00e2n lo\u1ea1i: T\u1eadp h\u1ee3p<br \/>\nH\u00ecnh d\u1ea1ng kh\u1ed1i nh\u1ef1a: G\u1ea1ch t\u1ef1 kh\u00f3a<br \/>\nCh\u1ea5t li\u1ec7u: Nh\u1ef1a<br \/>\nLo\u1ea1i nh\u1ef1a: ABS<br \/>\nG\u1ea1ch kh\u1ed1i: 1845 +<br \/>\nKh\u00f4ng c\u00f3 h\u1ed9p ban \u0111\u1ea7u<\/p>","protected":false},"featured_media":54416,"comment_status":"open","ping_status":"closed","template":"","meta":{"_acf_changed":false},"product_cat":[1357,6016,415,364],"product_tag":[682,8443,2276,673,436,389],"class_list":["product","first","outofstock","shipping-taxable","purchasable","product-type-simple"],"acf":[],"_links":{"self":[{"href":"https:\/\/mouldking.store\/vi\/wp-json\/wp\/v2\/product\/54422","targetHints":{"allow":["GET"]}}],"collection":[{"href":"https:\/\/mouldking.store\/vi\/wp-json\/wp\/v2\/product"}],"about":[{"href":"https:\/\/mouldking.store\/vi\/wp-json\/wp\/v2\/types\/product"}],"replies":[{"embeddable":true,"href":"https:\/\/mouldking.store\/vi\/wp-json\/wp\/v2\/comments?post=54422"}],"wp:featuredmedia":[{"embeddable":true,"href":"https:\/\/mouldking.store\/vi\/wp-json\/wp\/v2\/media\/54416"}],"wp:attachment":[{"href":"https:\/\/mouldking.store\/vi\/wp-json\/wp\/v2\/media?parent=54422"}],"wp:term":[{"taxonomy":"product_cat","embeddable":true,"href":"https:\/\/mouldking.store\/vi\/wp-json\/wp\/v2\/product_cat?post=54422"},{"taxonomy":"product_tag","embeddable":true,"href":"https:\/\/mouldking.store\/vi\/wp-json\/wp\/v2\/product_tag?post=54422"}],"curies":[{"name":"wp","href":"https:\/\/api.w.org\/{rel}","templated":true}]}}